{"id":6539,"date":"2025-11-12T14:10:20","date_gmt":"2025-11-12T14:10:20","guid":{"rendered":"https:\/\/princalati.rs\/?post_type=product&#038;p=6539"},"modified":"2025-11-16T23:16:49","modified_gmt":"2025-11-16T23:16:49","slug":"rukavice-nitril-jednokratne-crno-zelene","status":"publish","type":"product","link":"https:\/\/princalati.rs\/index.php\/product\/rukavice-nitril-jednokratne-crno-zelene\/","title":{"rendered":"Rukavice nitril jednokratne crno-zelene"},"content":{"rendered":"<div class=\"pdp-details-container-content\">\n<h3 class=\"pdp-details-container-content-headline js-product-spy-section-headline\">Detalji<\/h3>\n<\/div>\n<div class=\"pdp-details-container-content\">\n<div class=\"pdp-details-container-content-left\">\n<div>\n<div class=\"headline\">\n<h4>Podru\u010dja primjene:<\/h4>\n<\/div>\n<ul>\n<li class=\"description\">Mogu se koristiti prilikom rada s bojama, smolama, lepkovima, kod \u010di\u0161\u0107enja i poliranja i mnogo vi\u0161e u<\/li>\n<li class=\"description\">Gra\u0111evinskoj industriji<\/li>\n<li class=\"description\">Automobilskoj industriji<\/li>\n<li class=\"description\">\u010ci\u0161\u0107enju i odr\u017eavanju<\/li>\n<li class=\"description\">Sa ma\u0161inama i s opremom<\/li>\n<li class=\"description\">Lakiranje<\/li>\n<li class=\"description\">Radioni\u010dke aktivnosti<\/li>\n<li class=\"description\">Obrada hrane<\/li>\n<\/ul>\n<\/div>\n<div>\n<div class=\"headline\">\n<h4>Prednosti:<\/h4>\n<\/div>\n<ul class=\"list\">\n<li class=\"description\">Visokokvalitetna zavr\u0161na obrada<\/li>\n<li class=\"description\">Robustne i izdr\u017eljive jednokratne rukavice od nitrila zbog dvostrukog nitrilnog premaza\n<ul>\n<li>Savr\u0161ena osetljivost na dodir<\/li>\n<li>Kompatibilne s ekranima na dodir (rukavica mora \u010dvrsto pristajati)<\/li>\n<\/ul>\n<\/li>\n<li class=\"description\">Dvobojna za najvi\u0161e sigurnosne zahteve\n<ul>\n<li>Unutra\u0161nja zelena boja za trenutno otkrivanje suza, tako da mo\u017eete odmah promeniti rukavicu bez da dobijete ne\u017eeljene te\u010dnosti ili prljav\u0161tinu na rukama<\/li>\n<\/ul>\n<\/li>\n<li class=\"description\">Nenadma\u0161no prianjanje zahvaljuju\u0107i jedinstvenom i inovativnom ZIG uzorku<\/li>\n<li class=\"description\">Izuzetna fleksibilnost\n<ul>\n<li>Izuzetno otporne na kidanje<\/li>\n<li>Dobra elasti\u010dnost<\/li>\n<\/ul>\n<\/li>\n<li class=\"description\">Savr\u0161eno pristajanje\n<ul>\n<li>\u010cvrsto, stabilno pristajanje<\/li>\n<li>Visoka udobnost no\u0161enja<\/li>\n<\/ul>\n<\/li>\n<li class=\"description\">Kratkotrajna za\u0161tita od ulja, kao i raznih hemikalija, kiselina i rastvara\u010da<\/li>\n<li class=\"description\">Pogodne za alergi\u010dare\n<ul>\n<li>Bez lateksa<\/li>\n<li>Hipoalergijske<\/li>\n<li>Bez pra\u0161ka<\/li>\n<\/ul>\n<\/li>\n<li class=\"description\">Pogodne za rukovanje hranom<\/li>\n<li class=\"description\">Nesterilne<\/li>\n<li class=\"description\">Dostupne u prakti\u010dnom jednokratnom dispenzeru<\/li>\n<\/ul>\n<\/div>\n<div class=\"pdp-details-container-content-icons\">\n<div class=\"pdp-details-container-content-icons-container\">\n<div class=\"pdp-details-container-content-icons-container-item\"><img decoding=\"async\" class=\"alignleft\" title=\"0237_food safe_pictogram\" src=\"https:\/\/mediaserver.berner.eu\/External\/XL\/37301957-100.jpg\" alt=\"0237_food safe_pictogram\" width=\"70px\" height=\"70px\" \/><\/div>\n<div class=\"pdp-details-container-content-icons-container-item\"><img decoding=\"async\" title=\"\" src=\"https:\/\/mediaserver.berner.eu\/External\/XL\/9986[TIF]-100.jpg\" alt=\"Jednokratne rukavice od nitrila crno-zelene ZIG Grip\" width=\"70px\" height=\"70px\" \/><\/div>\n<\/div>\n<\/div>\n<\/div>\n<\/div>\n","protected":false},"excerpt":{"rendered":"<ul>\n<li><span class=\"product-description-list-inner\">Dvobojne, za trenutno otkrivanje kapljica<\/span><\/li>\n<li><span class=\"product-description-list-inner\">Nenadma\u0161no prianjanje zahvaljuju\u0107i jedinstvenom i inovativnom ZIG uzorku<\/span><\/li>\n<li><span class=\"product-description-list-inner\">Izuzetno robustne i izdr\u017eljive zbog dvostrukog nitrilnog premaza<\/span><\/li>\n<\/ul>\n","protected":false},"featured_media":6542,"comment_status":"open","ping_status":"closed","template":"","meta":{"_acf_changed":false},"product_brand":[],"product_cat":[357,82,323,43],"product_tag":[],"class_list":{"0":"post-6539","1":"product","2":"type-product","3":"status-publish","4":"has-post-thumbnail","6":"product_cat-jednokratna-zastitna-odeca","7":"product_cat-zastitne-rukavice","8":"product_cat-rukavice-za-jednokratnu-upotrebu","9":"product_cat-oprema-za-licnu-zastitu","10":"member-discount","11":"discount-restricted","13":"first","14":"instock","15":"featured","16":"taxable","17":"shipping-taxable","18":"purchasable","19":"product-type-variable","20":"add-to-wishlist-after_add_to_cart"},"bundled_by":[],"bundle_stock_status":"instock","bundle_stock_quantity":1,"bundle_virtual":false,"bundle_layout":"","bundle_add_to_cart_form_location":"","bundle_editable_in_cart":false,"bundle_sold_individually_context":"","bundle_item_grouping":"","bundle_min_size":"","bundle_max_size":"","bundle_price":[],"bundled_items":[],"bundle_sell_ids":[],"acf":[],"yoast_head":"<!-- This site is optimized with the Yoast SEO plugin v26.5 - https:\/\/yoast.com\/wordpress\/plugins\/seo\/ -->\n<title>Rukavice nitril jednokratne crno-zelene | Princ Alati<\/title>\n<meta name=\"robots\" content=\"noindex, follow, max-snippet:-1, max-image-preview:large, max-video-preview:-1\" \/>\n<meta property=\"og:locale\" content=\"en_US\" \/>\n<meta property=\"og:type\" content=\"article\" \/>\n<meta property=\"og:title\" content=\"Rukavice nitril jednokratne crno-zelene | Princ Alati\" \/>\n<meta property=\"og:description\" content=\"Dvobojne, za trenutno otkrivanje kapljica  Nenadma\u0161no prianjanje zahvaljuju\u0107i jedinstvenom i inovativnom ZIG uzorku  Izuzetno robustne i izdr\u017eljive zbog dvostrukog nitrilnog premaza\" \/>\n<meta property=\"og:url\" content=\"https:\/\/princalati.rs\/index.php\/product\/rukavice-nitril-jednokratne-crno-zelene\/\" \/>\n<meta property=\"og:site_name\" content=\"Princ Alati\" \/>\n<meta property=\"article:modified_time\" content=\"2025-11-16T23:16:49+00:00\" \/>\n<meta property=\"og:image\" content=\"https:\/\/princalati.rs\/wp-content\/uploads\/2025\/11\/66914729-100.webp\" \/>\n\t<meta property=\"og:image:width\" content=\"400\" \/>\n\t<meta property=\"og:image:height\" content=\"400\" \/>\n\t<meta property=\"og:image:type\" content=\"image\/webp\" \/>\n<meta name=\"twitter:card\" content=\"summary_large_image\" \/>\n<meta name=\"twitter:label1\" content=\"Est. reading time\" \/>\n\t<meta name=\"twitter:data1\" content=\"2 minutes\" \/>\n<script type=\"application\/ld+json\" class=\"yoast-schema-graph\">{\"@context\":\"https:\/\/schema.org\",\"@graph\":[{\"@type\":\"WebPage\",\"@id\":\"https:\/\/princalati.rs\/index.php\/product\/rukavice-nitril-jednokratne-crno-zelene\/\",\"url\":\"https:\/\/princalati.rs\/index.php\/product\/rukavice-nitril-jednokratne-crno-zelene\/\",\"name\":\"Rukavice nitril jednokratne crno-zelene | Princ Alati\",\"isPartOf\":{\"@id\":\"https:\/\/princalati.rs\/#website\"},\"primaryImageOfPage\":{\"@id\":\"https:\/\/princalati.rs\/index.php\/product\/rukavice-nitril-jednokratne-crno-zelene\/#primaryimage\"},\"image\":{\"@id\":\"https:\/\/princalati.rs\/index.php\/product\/rukavice-nitril-jednokratne-crno-zelene\/#primaryimage\"},\"thumbnailUrl\":\"https:\/\/princalati.rs\/wp-content\/uploads\/2025\/11\/66914729-100.webp\",\"datePublished\":\"2025-11-12T14:10:20+00:00\",\"dateModified\":\"2025-11-16T23:16:49+00:00\",\"breadcrumb\":{\"@id\":\"https:\/\/princalati.rs\/index.php\/product\/rukavice-nitril-jednokratne-crno-zelene\/#breadcrumb\"},\"inLanguage\":\"en-US\",\"potentialAction\":[{\"@type\":\"ReadAction\",\"target\":[\"https:\/\/princalati.rs\/index.php\/product\/rukavice-nitril-jednokratne-crno-zelene\/\"]}]},{\"@type\":\"ImageObject\",\"inLanguage\":\"en-US\",\"@id\":\"https:\/\/princalati.rs\/index.php\/product\/rukavice-nitril-jednokratne-crno-zelene\/#primaryimage\",\"url\":\"https:\/\/princalati.rs\/wp-content\/uploads\/2025\/11\/66914729-100.webp\",\"contentUrl\":\"https:\/\/princalati.rs\/wp-content\/uploads\/2025\/11\/66914729-100.webp\",\"width\":400,\"height\":400},{\"@type\":\"BreadcrumbList\",\"@id\":\"https:\/\/princalati.rs\/index.php\/product\/rukavice-nitril-jednokratne-crno-zelene\/#breadcrumb\",\"itemListElement\":[{\"@type\":\"ListItem\",\"position\":1,\"name\":\"Home\",\"item\":\"https:\/\/princalati.rs\/\"},{\"@type\":\"ListItem\",\"position\":2,\"name\":\"Shop\",\"item\":\"https:\/\/princalati.rs\/index.php\/shop\/\"},{\"@type\":\"ListItem\",\"position\":3,\"name\":\"Rukavice nitril jednokratne crno-zelene\"}]},{\"@type\":\"WebSite\",\"@id\":\"https:\/\/princalati.rs\/#website\",\"url\":\"https:\/\/princalati.rs\/\",\"name\":\"Princ Alati\",\"description\":\"\",\"publisher\":{\"@id\":\"https:\/\/princalati.rs\/#organization\"},\"potentialAction\":[{\"@type\":\"SearchAction\",\"target\":{\"@type\":\"EntryPoint\",\"urlTemplate\":\"https:\/\/princalati.rs\/?s={search_term_string}\"},\"query-input\":{\"@type\":\"PropertyValueSpecification\",\"valueRequired\":true,\"valueName\":\"search_term_string\"}}],\"inLanguage\":\"en-US\"},{\"@type\":\"Organization\",\"@id\":\"https:\/\/princalati.rs\/#organization\",\"name\":\"Princ Alati\",\"url\":\"https:\/\/princalati.rs\/\",\"logo\":{\"@type\":\"ImageObject\",\"inLanguage\":\"en-US\",\"@id\":\"https:\/\/princalati.rs\/#\/schema\/logo\/image\/\",\"url\":\"https:\/\/princalati.rs\/wp-content\/uploads\/2024\/12\/logo-1.webp\",\"contentUrl\":\"https:\/\/princalati.rs\/wp-content\/uploads\/2024\/12\/logo-1.webp\",\"width\":500,\"height\":150,\"caption\":\"Princ Alati\"},\"image\":{\"@id\":\"https:\/\/princalati.rs\/#\/schema\/logo\/image\/\"}}]}<\/script>\n<!-- \/ Yoast SEO plugin. -->","yoast_head_json":{"title":"Rukavice nitril jednokratne crno-zelene | Princ Alati","robots":{"index":"noindex","follow":"follow","max-snippet":"max-snippet:-1","max-image-preview":"max-image-preview:large","max-video-preview":"max-video-preview:-1"},"og_locale":"en_US","og_type":"article","og_title":"Rukavice nitril jednokratne crno-zelene | Princ Alati","og_description":"Dvobojne, za trenutno otkrivanje kapljica  Nenadma\u0161no prianjanje zahvaljuju\u0107i jedinstvenom i inovativnom ZIG uzorku  Izuzetno robustne i izdr\u017eljive zbog dvostrukog nitrilnog premaza","og_url":"https:\/\/princalati.rs\/index.php\/product\/rukavice-nitril-jednokratne-crno-zelene\/","og_site_name":"Princ Alati","article_modified_time":"2025-11-16T23:16:49+00:00","og_image":[{"width":400,"height":400,"url":"https:\/\/princalati.rs\/wp-content\/uploads\/2025\/11\/66914729-100.webp","type":"image\/webp"}],"twitter_card":"summary_large_image","twitter_misc":{"Est. reading time":"2 minutes"},"schema":{"@context":"https:\/\/schema.org","@graph":[{"@type":"WebPage","@id":"https:\/\/princalati.rs\/index.php\/product\/rukavice-nitril-jednokratne-crno-zelene\/","url":"https:\/\/princalati.rs\/index.php\/product\/rukavice-nitril-jednokratne-crno-zelene\/","name":"Rukavice nitril jednokratne crno-zelene | Princ Alati","isPartOf":{"@id":"https:\/\/princalati.rs\/#website"},"primaryImageOfPage":{"@id":"https:\/\/princalati.rs\/index.php\/product\/rukavice-nitril-jednokratne-crno-zelene\/#primaryimage"},"image":{"@id":"https:\/\/princalati.rs\/index.php\/product\/rukavice-nitril-jednokratne-crno-zelene\/#primaryimage"},"thumbnailUrl":"https:\/\/princalati.rs\/wp-content\/uploads\/2025\/11\/66914729-100.webp","datePublished":"2025-11-12T14:10:20+00:00","dateModified":"2025-11-16T23:16:49+00:00","breadcrumb":{"@id":"https:\/\/princalati.rs\/index.php\/product\/rukavice-nitril-jednokratne-crno-zelene\/#breadcrumb"},"inLanguage":"en-US","potentialAction":[{"@type":"ReadAction","target":["https:\/\/princalati.rs\/index.php\/product\/rukavice-nitril-jednokratne-crno-zelene\/"]}]},{"@type":"ImageObject","inLanguage":"en-US","@id":"https:\/\/princalati.rs\/index.php\/product\/rukavice-nitril-jednokratne-crno-zelene\/#primaryimage","url":"https:\/\/princalati.rs\/wp-content\/uploads\/2025\/11\/66914729-100.webp","contentUrl":"https:\/\/princalati.rs\/wp-content\/uploads\/2025\/11\/66914729-100.webp","width":400,"height":400},{"@type":"BreadcrumbList","@id":"https:\/\/princalati.rs\/index.php\/product\/rukavice-nitril-jednokratne-crno-zelene\/#breadcrumb","itemListElement":[{"@type":"ListItem","position":1,"name":"Home","item":"https:\/\/princalati.rs\/"},{"@type":"ListItem","position":2,"name":"Shop","item":"https:\/\/princalati.rs\/index.php\/shop\/"},{"@type":"ListItem","position":3,"name":"Rukavice nitril jednokratne crno-zelene"}]},{"@type":"WebSite","@id":"https:\/\/princalati.rs\/#website","url":"https:\/\/princalati.rs\/","name":"Princ Alati","description":"","publisher":{"@id":"https:\/\/princalati.rs\/#organization"},"potentialAction":[{"@type":"SearchAction","target":{"@type":"EntryPoint","urlTemplate":"https:\/\/princalati.rs\/?s={search_term_string}"},"query-input":{"@type":"PropertyValueSpecification","valueRequired":true,"valueName":"search_term_string"}}],"inLanguage":"en-US"},{"@type":"Organization","@id":"https:\/\/princalati.rs\/#organization","name":"Princ Alati","url":"https:\/\/princalati.rs\/","logo":{"@type":"ImageObject","inLanguage":"en-US","@id":"https:\/\/princalati.rs\/#\/schema\/logo\/image\/","url":"https:\/\/princalati.rs\/wp-content\/uploads\/2024\/12\/logo-1.webp","contentUrl":"https:\/\/princalati.rs\/wp-content\/uploads\/2024\/12\/logo-1.webp","width":500,"height":150,"caption":"Princ Alati"},"image":{"@id":"https:\/\/princalati.rs\/#\/schema\/logo\/image\/"}}]}},"_links":{"self":[{"href":"https:\/\/princalati.rs\/index.php\/wp-json\/wp\/v2\/product\/6539","targetHints":{"allow":["GET"]}}],"collection":[{"href":"https:\/\/princalati.rs\/index.php\/wp-json\/wp\/v2\/product"}],"about":[{"href":"https:\/\/princalati.rs\/index.php\/wp-json\/wp\/v2\/types\/product"}],"replies":[{"embeddable":true,"href":"https:\/\/princalati.rs\/index.php\/wp-json\/wp\/v2\/comments?post=6539"}],"wp:featuredmedia":[{"embeddable":true,"href":"https:\/\/princalati.rs\/index.php\/wp-json\/wp\/v2\/media\/6542"}],"wp:attachment":[{"href":"https:\/\/princalati.rs\/index.php\/wp-json\/wp\/v2\/media?parent=6539"}],"wp:term":[{"taxonomy":"product_brand","embeddable":true,"href":"https:\/\/princalati.rs\/index.php\/wp-json\/wp\/v2\/product_brand?post=6539"},{"taxonomy":"product_cat","embeddable":true,"href":"https:\/\/princalati.rs\/index.php\/wp-json\/wp\/v2\/product_cat?post=6539"},{"taxonomy":"product_tag","embeddable":true,"href":"https:\/\/princalati.rs\/index.php\/wp-json\/wp\/v2\/product_tag?post=6539"}],"curies":[{"name":"wp","href":"https:\/\/api.w.org\/{rel}","templated":true}]}}