{"id":6521,"date":"2025-11-05T09:52:50","date_gmt":"2025-11-05T09:52:50","guid":{"rendered":"https:\/\/princalati.rs\/?post_type=product&#038;p=6521"},"modified":"2025-11-16T23:16:49","modified_gmt":"2025-11-16T23:16:49","slug":"univerzalni-drzac-za-testerice-i-bitove","status":"publish","type":"product","link":"https:\/\/princalati.rs\/index.php\/product\/univerzalni-drzac-za-testerice-i-bitove\/","title":{"rendered":"Univerzalni dr\u017ea\u010d za testerice i bitove"},"content":{"rendered":"<div class=\"pdp-details-container-content\">\n<h3 class=\"pdp-details-container-content-headline js-product-spy-section-headline\">Detalji<\/h3>\n<\/div>\n<div class=\"pdp-details-container-content\">\n<div class=\"pdp-details-container-content-left\">\n<div>\n<div class=\"headline\">\n<h4>Podru\u010dja primene:<\/h4>\n<\/div>\n<p class=\"description\">Idealno za in\u017eenjering prikolica i gradili\u0161ta<\/p>\n<p class=\"description\">Pogodno za unutra\u0161nje radionice i kancelarijske prostore<\/p>\n<p class=\"description\">Podr\u017eava zadatke u automobilskom i fasadnom in\u017eenjeringu<\/p>\n<\/div>\n<div>\n<div class=\"headline\">\n<h4>Prednosti:<\/h4>\n<\/div>\n<ul class=\"list\">\n<li class=\"description\">Svestran dodatak za alat\n<ul>\n<li>Podr\u017eava \u0161irok raspon testerica i bitova<\/li>\n<\/ul>\n<\/li>\n<li class=\"description\">Jednostavno pode\u0161avanje ugla\n<ul>\n<li>Omogu\u0107uje precizne i koso rezane rezove<\/li>\n<li>Podesivo na ugao od 45\u00b0 za razli\u010dite pozicije rezanja<\/li>\n<\/ul>\n<\/li>\n<li class=\"description\">Siguran mehanizam za zaklju\u010davanje uvrtanjem\n<ul>\n<li>Osigurava da su alati \u010dvrsto pri\u010dvr\u0161\u0107eni tokom upotrebe<\/li>\n<\/ul>\n<\/li>\n<li class=\"description\">Kompaktan dizajn s prostorom za \u010duvanje nastavaka\n<ul>\n<li>Nudi re\u0161enje za u\u0161tedu prostora za \u010duvanje alata<\/li>\n<li>Integrisana pohrana nastavaka u poklopcu za prakti\u010dnost<\/li>\n<\/ul>\n<\/li>\n<li class=\"description\">Jednostavno za kori\u0161tenje s uklju\u010denim vodi\u010dem\n<ul>\n<li>Pojednostavljuje proces umetanja i osiguranja testerica<\/li>\n<\/ul>\n<\/li>\n<li class=\"description\">Kompatibilnost dr\u017ea\u010da 1\/4&#8243; za testerice i burgije<\/li>\n<\/ul>\n<\/div>\n<\/div>\n<\/div>\n","protected":false},"excerpt":{"rendered":"<ul>\n<li><span class=\"product-description-list-inner\">1\/4&#8243; kompatibilnost dr\u017ea\u010da za testerice i bitove<\/span><\/li>\n<li><span class=\"product-description-list-inner\">Podesivo pod uglom od 45\u00b0 za razli\u010dite pozicije rezanja<\/span><\/li>\n<li><span class=\"product-description-list-inner\">Integrisano skladi\u0161te bitova u poklopcu za prakti\u010dnost<\/span><\/li>\n<\/ul>\n","protected":false},"featured_media":6523,"comment_status":"open","ping_status":"closed","template":"","meta":{"_acf_changed":false},"product_brand":[],"product_cat":[92,44,378],"product_tag":[],"class_list":{"0":"post-6521","1":"product","2":"type-product","3":"status-publish","4":"has-post-thumbnail","6":"product_cat-rucni-alat","7":"product_cat-alati","8":"product_cat-alati-za-rezanje","9":"member-discount","10":"discount-restricted","12":"first","13":"instock","14":"featured","15":"taxable","16":"shipping-taxable","17":"purchasable","18":"product-type-simple","19":"add-to-wishlist-after_add_to_cart"},"bundled_by":[],"bundle_stock_status":"instock","bundle_stock_quantity":1,"bundle_virtual":false,"bundle_layout":"","bundle_add_to_cart_form_location":"","bundle_editable_in_cart":false,"bundle_sold_individually_context":"","bundle_item_grouping":"","bundle_min_size":"","bundle_max_size":"","bundle_price":[],"bundled_items":[],"bundle_sell_ids":[],"acf":[],"yoast_head":"<!-- This site is optimized with the Yoast SEO plugin v26.5 - https:\/\/yoast.com\/wordpress\/plugins\/seo\/ -->\n<title>Univerzalni dr\u017ea\u010d za testerice i bitove | Princ Alati<\/title>\n<meta name=\"robots\" content=\"noindex, follow, max-snippet:-1, max-image-preview:large, max-video-preview:-1\" \/>\n<meta property=\"og:locale\" content=\"en_US\" \/>\n<meta property=\"og:type\" content=\"article\" \/>\n<meta property=\"og:title\" content=\"Univerzalni dr\u017ea\u010d za testerice i bitove | Princ Alati\" \/>\n<meta property=\"og:description\" content=\"1\/4&quot; kompatibilnost dr\u017ea\u010da za testerice i bitove  Podesivo pod uglom od 45\u00b0 za razli\u010dite pozicije rezanja  Integrisano skladi\u0161te bitova u poklopcu za prakti\u010dnost\" \/>\n<meta property=\"og:url\" content=\"https:\/\/princalati.rs\/index.php\/product\/univerzalni-drzac-za-testerice-i-bitove\/\" \/>\n<meta property=\"og:site_name\" content=\"Princ Alati\" \/>\n<meta property=\"article:modified_time\" content=\"2025-11-16T23:16:49+00:00\" \/>\n<meta property=\"og:image\" content=\"https:\/\/princalati.rs\/wp-content\/uploads\/2025\/11\/63351347-100.webp\" \/>\n\t<meta property=\"og:image:width\" content=\"400\" \/>\n\t<meta property=\"og:image:height\" content=\"400\" \/>\n\t<meta property=\"og:image:type\" content=\"image\/webp\" \/>\n<meta name=\"twitter:card\" content=\"summary_large_image\" \/>\n<meta name=\"twitter:label1\" content=\"Est. reading time\" \/>\n\t<meta name=\"twitter:data1\" content=\"1 minute\" \/>\n<script type=\"application\/ld+json\" class=\"yoast-schema-graph\">{\"@context\":\"https:\/\/schema.org\",\"@graph\":[{\"@type\":\"WebPage\",\"@id\":\"https:\/\/princalati.rs\/index.php\/product\/univerzalni-drzac-za-testerice-i-bitove\/\",\"url\":\"https:\/\/princalati.rs\/index.php\/product\/univerzalni-drzac-za-testerice-i-bitove\/\",\"name\":\"Univerzalni dr\u017ea\u010d za testerice i bitove | Princ Alati\",\"isPartOf\":{\"@id\":\"https:\/\/princalati.rs\/#website\"},\"primaryImageOfPage\":{\"@id\":\"https:\/\/princalati.rs\/index.php\/product\/univerzalni-drzac-za-testerice-i-bitove\/#primaryimage\"},\"image\":{\"@id\":\"https:\/\/princalati.rs\/index.php\/product\/univerzalni-drzac-za-testerice-i-bitove\/#primaryimage\"},\"thumbnailUrl\":\"https:\/\/princalati.rs\/wp-content\/uploads\/2025\/11\/63351347-100.webp\",\"datePublished\":\"2025-11-05T09:52:50+00:00\",\"dateModified\":\"2025-11-16T23:16:49+00:00\",\"breadcrumb\":{\"@id\":\"https:\/\/princalati.rs\/index.php\/product\/univerzalni-drzac-za-testerice-i-bitove\/#breadcrumb\"},\"inLanguage\":\"en-US\",\"potentialAction\":[{\"@type\":\"ReadAction\",\"target\":[\"https:\/\/princalati.rs\/index.php\/product\/univerzalni-drzac-za-testerice-i-bitove\/\"]}]},{\"@type\":\"ImageObject\",\"inLanguage\":\"en-US\",\"@id\":\"https:\/\/princalati.rs\/index.php\/product\/univerzalni-drzac-za-testerice-i-bitove\/#primaryimage\",\"url\":\"https:\/\/princalati.rs\/wp-content\/uploads\/2025\/11\/63351347-100.webp\",\"contentUrl\":\"https:\/\/princalati.rs\/wp-content\/uploads\/2025\/11\/63351347-100.webp\",\"width\":400,\"height\":400},{\"@type\":\"BreadcrumbList\",\"@id\":\"https:\/\/princalati.rs\/index.php\/product\/univerzalni-drzac-za-testerice-i-bitove\/#breadcrumb\",\"itemListElement\":[{\"@type\":\"ListItem\",\"position\":1,\"name\":\"Home\",\"item\":\"https:\/\/princalati.rs\/\"},{\"@type\":\"ListItem\",\"position\":2,\"name\":\"Shop\",\"item\":\"https:\/\/princalati.rs\/index.php\/shop\/\"},{\"@type\":\"ListItem\",\"position\":3,\"name\":\"Univerzalni dr\u017ea\u010d za testerice i bitove\"}]},{\"@type\":\"WebSite\",\"@id\":\"https:\/\/princalati.rs\/#website\",\"url\":\"https:\/\/princalati.rs\/\",\"name\":\"Princ Alati\",\"description\":\"\",\"publisher\":{\"@id\":\"https:\/\/princalati.rs\/#organization\"},\"potentialAction\":[{\"@type\":\"SearchAction\",\"target\":{\"@type\":\"EntryPoint\",\"urlTemplate\":\"https:\/\/princalati.rs\/?s={search_term_string}\"},\"query-input\":{\"@type\":\"PropertyValueSpecification\",\"valueRequired\":true,\"valueName\":\"search_term_string\"}}],\"inLanguage\":\"en-US\"},{\"@type\":\"Organization\",\"@id\":\"https:\/\/princalati.rs\/#organization\",\"name\":\"Princ Alati\",\"url\":\"https:\/\/princalati.rs\/\",\"logo\":{\"@type\":\"ImageObject\",\"inLanguage\":\"en-US\",\"@id\":\"https:\/\/princalati.rs\/#\/schema\/logo\/image\/\",\"url\":\"https:\/\/princalati.rs\/wp-content\/uploads\/2024\/12\/logo-1.webp\",\"contentUrl\":\"https:\/\/princalati.rs\/wp-content\/uploads\/2024\/12\/logo-1.webp\",\"width\":500,\"height\":150,\"caption\":\"Princ Alati\"},\"image\":{\"@id\":\"https:\/\/princalati.rs\/#\/schema\/logo\/image\/\"}}]}<\/script>\n<!-- \/ Yoast SEO plugin. -->","yoast_head_json":{"title":"Univerzalni dr\u017ea\u010d za testerice i bitove | Princ Alati","robots":{"index":"noindex","follow":"follow","max-snippet":"max-snippet:-1","max-image-preview":"max-image-preview:large","max-video-preview":"max-video-preview:-1"},"og_locale":"en_US","og_type":"article","og_title":"Univerzalni dr\u017ea\u010d za testerice i bitove | Princ Alati","og_description":"1\/4\" kompatibilnost dr\u017ea\u010da za testerice i bitove  Podesivo pod uglom od 45\u00b0 za razli\u010dite pozicije rezanja  Integrisano skladi\u0161te bitova u poklopcu za prakti\u010dnost","og_url":"https:\/\/princalati.rs\/index.php\/product\/univerzalni-drzac-za-testerice-i-bitove\/","og_site_name":"Princ Alati","article_modified_time":"2025-11-16T23:16:49+00:00","og_image":[{"width":400,"height":400,"url":"https:\/\/princalati.rs\/wp-content\/uploads\/2025\/11\/63351347-100.webp","type":"image\/webp"}],"twitter_card":"summary_large_image","twitter_misc":{"Est. reading time":"1 minute"},"schema":{"@context":"https:\/\/schema.org","@graph":[{"@type":"WebPage","@id":"https:\/\/princalati.rs\/index.php\/product\/univerzalni-drzac-za-testerice-i-bitove\/","url":"https:\/\/princalati.rs\/index.php\/product\/univerzalni-drzac-za-testerice-i-bitove\/","name":"Univerzalni dr\u017ea\u010d za testerice i bitove | Princ Alati","isPartOf":{"@id":"https:\/\/princalati.rs\/#website"},"primaryImageOfPage":{"@id":"https:\/\/princalati.rs\/index.php\/product\/univerzalni-drzac-za-testerice-i-bitove\/#primaryimage"},"image":{"@id":"https:\/\/princalati.rs\/index.php\/product\/univerzalni-drzac-za-testerice-i-bitove\/#primaryimage"},"thumbnailUrl":"https:\/\/princalati.rs\/wp-content\/uploads\/2025\/11\/63351347-100.webp","datePublished":"2025-11-05T09:52:50+00:00","dateModified":"2025-11-16T23:16:49+00:00","breadcrumb":{"@id":"https:\/\/princalati.rs\/index.php\/product\/univerzalni-drzac-za-testerice-i-bitove\/#breadcrumb"},"inLanguage":"en-US","potentialAction":[{"@type":"ReadAction","target":["https:\/\/princalati.rs\/index.php\/product\/univerzalni-drzac-za-testerice-i-bitove\/"]}]},{"@type":"ImageObject","inLanguage":"en-US","@id":"https:\/\/princalati.rs\/index.php\/product\/univerzalni-drzac-za-testerice-i-bitove\/#primaryimage","url":"https:\/\/princalati.rs\/wp-content\/uploads\/2025\/11\/63351347-100.webp","contentUrl":"https:\/\/princalati.rs\/wp-content\/uploads\/2025\/11\/63351347-100.webp","width":400,"height":400},{"@type":"BreadcrumbList","@id":"https:\/\/princalati.rs\/index.php\/product\/univerzalni-drzac-za-testerice-i-bitove\/#breadcrumb","itemListElement":[{"@type":"ListItem","position":1,"name":"Home","item":"https:\/\/princalati.rs\/"},{"@type":"ListItem","position":2,"name":"Shop","item":"https:\/\/princalati.rs\/index.php\/shop\/"},{"@type":"ListItem","position":3,"name":"Univerzalni dr\u017ea\u010d za testerice i bitove"}]},{"@type":"WebSite","@id":"https:\/\/princalati.rs\/#website","url":"https:\/\/princalati.rs\/","name":"Princ Alati","description":"","publisher":{"@id":"https:\/\/princalati.rs\/#organization"},"potentialAction":[{"@type":"SearchAction","target":{"@type":"EntryPoint","urlTemplate":"https:\/\/princalati.rs\/?s={search_term_string}"},"query-input":{"@type":"PropertyValueSpecification","valueRequired":true,"valueName":"search_term_string"}}],"inLanguage":"en-US"},{"@type":"Organization","@id":"https:\/\/princalati.rs\/#organization","name":"Princ Alati","url":"https:\/\/princalati.rs\/","logo":{"@type":"ImageObject","inLanguage":"en-US","@id":"https:\/\/princalati.rs\/#\/schema\/logo\/image\/","url":"https:\/\/princalati.rs\/wp-content\/uploads\/2024\/12\/logo-1.webp","contentUrl":"https:\/\/princalati.rs\/wp-content\/uploads\/2024\/12\/logo-1.webp","width":500,"height":150,"caption":"Princ Alati"},"image":{"@id":"https:\/\/princalati.rs\/#\/schema\/logo\/image\/"}}]}},"_links":{"self":[{"href":"https:\/\/princalati.rs\/index.php\/wp-json\/wp\/v2\/product\/6521","targetHints":{"allow":["GET"]}}],"collection":[{"href":"https:\/\/princalati.rs\/index.php\/wp-json\/wp\/v2\/product"}],"about":[{"href":"https:\/\/princalati.rs\/index.php\/wp-json\/wp\/v2\/types\/product"}],"replies":[{"embeddable":true,"href":"https:\/\/princalati.rs\/index.php\/wp-json\/wp\/v2\/comments?post=6521"}],"wp:featuredmedia":[{"embeddable":true,"href":"https:\/\/princalati.rs\/index.php\/wp-json\/wp\/v2\/media\/6523"}],"wp:attachment":[{"href":"https:\/\/princalati.rs\/index.php\/wp-json\/wp\/v2\/media?parent=6521"}],"wp:term":[{"taxonomy":"product_brand","embeddable":true,"href":"https:\/\/princalati.rs\/index.php\/wp-json\/wp\/v2\/product_brand?post=6521"},{"taxonomy":"product_cat","embeddable":true,"href":"https:\/\/princalati.rs\/index.php\/wp-json\/wp\/v2\/product_cat?post=6521"},{"taxonomy":"product_tag","embeddable":true,"href":"https:\/\/princalati.rs\/index.php\/wp-json\/wp\/v2\/product_tag?post=6521"}],"curies":[{"name":"wp","href":"https:\/\/api.w.org\/{rel}","templated":true}]}}