{"id":6512,"date":"2025-11-04T15:34:30","date_gmt":"2025-11-04T15:34:30","guid":{"rendered":"https:\/\/princalati.rs\/?post_type=product&#038;p=6512"},"modified":"2025-11-27T22:47:17","modified_gmt":"2025-11-27T22:47:17","slug":"dzepna-lampa-delux-bright-usb-c","status":"publish","type":"product","link":"https:\/\/princalati.rs\/index.php\/product\/dzepna-lampa-delux-bright-usb-c\/","title":{"rendered":"Dzepna lampa DELUX BRIGHT USB-C"},"content":{"rendered":"<div class=\"pdp-details-container-content\">\n<h3 class=\"pdp-details-container-content-headline js-product-spy-section-headline\">Detalji<\/h3>\n<\/div>\n<div class=\"pdp-details-container-content\">\n<div class=\"pdp-details-container-content-left\">\n<div>\n<div class=\"headline\">\n<h4>Prednosti:<\/h4>\n<\/div>\n<ul class=\"list\">\n<li class=\"description\">Sna\u017ean\n<ul>\n<li>LED SMD tehnologija<\/li>\n<li>Kompaktna lampa za dobro osvetljenje radnog podru\u010dja<\/li>\n<li>Posebno opti\u010dko so\u010divo za meko svetlo s raspr\u0161enjem od 90\u00b0<\/li>\n<\/ul>\n<\/li>\n<li class=\"description\">Vrlo jednostavno rukovanje za razne primene\n<ul>\n<li>Poznat i cenjen zbog svoje jedinstvene veli\u010dine d\u017eepa<\/li>\n<li>Jak magnet na bazi za sigurno postavljanje na metalne delove<\/li>\n<li>Rotira 360\u00b0 za orijentaciju osvetljenja<\/li>\n<li>Kop\u010dica za remen u okviru<\/li>\n<\/ul>\n<\/li>\n<li class=\"description\">Jednostavno punjenje\n<ul>\n<li>Punjenje standardnim punja\u010dem s USB-C utika\u010dem<\/li>\n<\/ul>\n<\/li>\n<\/ul>\n<\/div>\n<div class=\"pdp-details-container-content-icons\">\n<div class=\"pdp-details-container-content-icons-container\">\n<div class=\"pdp-details-container-content-icons-container-item\"><img decoding=\"async\" class=\"alignleft\" title=\"\" src=\"https:\/\/mediaserver.berner.eu\/External\/XL\/10190134-100.jpg\" alt=\"D\u017eepna svjetiljka DeLux \" width=\"70px\" height=\"70px\" \/><\/div>\n<div class=\"pdp-details-container-content-icons-container-item\"><img decoding=\"async\" class=\"alignleft\" title=\"\" src=\"https:\/\/mediaserver.berner.eu\/External\/XL\/10190425-100.jpg\" alt=\"D\u017eepna svjetiljka DeLux \" width=\"70px\" height=\"70px\" \/><\/div>\n<div class=\"pdp-details-container-content-icons-container-item\"><img decoding=\"async\" class=\"alignleft\" title=\"\" src=\"https:\/\/mediaserver.berner.eu\/External\/XL\/10189833-100.jpg\" alt=\"D\u017eepna svjetiljka DeLux \" width=\"70px\" height=\"70px\" \/><\/div>\n<div class=\"pdp-details-container-content-icons-container-item\"><img decoding=\"async\" title=\"Auto punja\u010d univerzalni Micro USB\" src=\"https:\/\/mediaserver.berner.eu\/External\/XL\/10189825-100.jpg\" alt=\"D\u017eepna svjetiljka DeLux \" width=\"70px\" height=\"70px\" \/><\/div>\n<\/div>\n<\/div>\n<\/div>\n<\/div>\n","protected":false},"excerpt":{"rendered":"<ul>\n<li><span class=\"product-description-list-inner\">Kompaktna lampa s mo\u0107nom rasvetom<\/span><\/li>\n<li><span class=\"product-description-list-inner\">Sna\u017ean magnet za sigurno pozicioniranje na metalnim delovima<\/span><\/li>\n<li><span class=\"product-description-list-inner\">Produ\u017eivi nosa\u010d, rotiraju\u0107i za usmeravanje svetlosnog snopa<\/span><\/li>\n<\/ul>\n","protected":false},"featured_media":6513,"comment_status":"open","ping_status":"closed","template":"","meta":{"_acf_changed":false},"product_brand":[],"product_cat":[45,100],"product_tag":[2178],"class_list":{"0":"post-6512","1":"product","2":"type-product","3":"status-publish","4":"has-post-thumbnail","6":"product_cat-oprema-za-radionice","7":"product_cat-radne-lampe","8":"product_tag-akcija","9":"member-discount","10":"discount-restricted","12":"first","13":"instock","14":"featured","15":"taxable","16":"shipping-taxable","17":"purchasable","18":"product-type-simple","19":"add-to-wishlist-after_add_to_cart"},"bundled_by":[],"bundle_stock_status":"instock","bundle_stock_quantity":1,"bundle_virtual":false,"bundle_layout":"","bundle_add_to_cart_form_location":"","bundle_editable_in_cart":false,"bundle_sold_individually_context":"","bundle_item_grouping":"","bundle_min_size":"","bundle_max_size":"","bundle_price":[],"bundled_items":[],"bundle_sell_ids":[],"acf":[],"yoast_head":"<!-- This site is optimized with the Yoast SEO plugin v26.5 - https:\/\/yoast.com\/wordpress\/plugins\/seo\/ -->\n<title>Dzepna lampa DELUX BRIGHT USB-C | Princ Alati<\/title>\n<meta name=\"robots\" content=\"noindex, follow, max-snippet:-1, max-image-preview:large, max-video-preview:-1\" \/>\n<meta property=\"og:locale\" content=\"en_US\" \/>\n<meta property=\"og:type\" content=\"article\" \/>\n<meta property=\"og:title\" content=\"Dzepna lampa DELUX BRIGHT USB-C | Princ Alati\" \/>\n<meta property=\"og:description\" content=\"Kompaktna lampa s mo\u0107nom rasvetom  Sna\u017ean magnet za sigurno pozicioniranje na metalnim delovima  Produ\u017eivi nosa\u010d, rotiraju\u0107i za usmeravanje svetlosnog snopa\" \/>\n<meta property=\"og:url\" content=\"https:\/\/princalati.rs\/index.php\/product\/dzepna-lampa-delux-bright-usb-c\/\" \/>\n<meta property=\"og:site_name\" content=\"Princ Alati\" \/>\n<meta property=\"article:modified_time\" content=\"2025-11-27T22:47:17+00:00\" \/>\n<meta property=\"og:image\" content=\"https:\/\/princalati.rs\/wp-content\/uploads\/2025\/11\/65865TIF-100.webp\" \/>\n\t<meta property=\"og:image:width\" content=\"400\" \/>\n\t<meta property=\"og:image:height\" content=\"400\" \/>\n\t<meta property=\"og:image:type\" content=\"image\/webp\" \/>\n<meta name=\"twitter:card\" content=\"summary_large_image\" \/>\n<meta name=\"twitter:label1\" content=\"Est. reading time\" \/>\n\t<meta name=\"twitter:data1\" content=\"2 minutes\" \/>\n<script type=\"application\/ld+json\" class=\"yoast-schema-graph\">{\"@context\":\"https:\/\/schema.org\",\"@graph\":[{\"@type\":\"WebPage\",\"@id\":\"https:\/\/princalati.rs\/index.php\/product\/dzepna-lampa-delux-bright-usb-c\/\",\"url\":\"https:\/\/princalati.rs\/index.php\/product\/dzepna-lampa-delux-bright-usb-c\/\",\"name\":\"Dzepna lampa DELUX BRIGHT USB-C | Princ Alati\",\"isPartOf\":{\"@id\":\"https:\/\/princalati.rs\/#website\"},\"primaryImageOfPage\":{\"@id\":\"https:\/\/princalati.rs\/index.php\/product\/dzepna-lampa-delux-bright-usb-c\/#primaryimage\"},\"image\":{\"@id\":\"https:\/\/princalati.rs\/index.php\/product\/dzepna-lampa-delux-bright-usb-c\/#primaryimage\"},\"thumbnailUrl\":\"https:\/\/princalati.rs\/wp-content\/uploads\/2025\/11\/65865TIF-100.webp\",\"datePublished\":\"2025-11-04T15:34:30+00:00\",\"dateModified\":\"2025-11-27T22:47:17+00:00\",\"breadcrumb\":{\"@id\":\"https:\/\/princalati.rs\/index.php\/product\/dzepna-lampa-delux-bright-usb-c\/#breadcrumb\"},\"inLanguage\":\"en-US\",\"potentialAction\":[{\"@type\":\"ReadAction\",\"target\":[\"https:\/\/princalati.rs\/index.php\/product\/dzepna-lampa-delux-bright-usb-c\/\"]}]},{\"@type\":\"ImageObject\",\"inLanguage\":\"en-US\",\"@id\":\"https:\/\/princalati.rs\/index.php\/product\/dzepna-lampa-delux-bright-usb-c\/#primaryimage\",\"url\":\"https:\/\/princalati.rs\/wp-content\/uploads\/2025\/11\/65865TIF-100.webp\",\"contentUrl\":\"https:\/\/princalati.rs\/wp-content\/uploads\/2025\/11\/65865TIF-100.webp\",\"width\":400,\"height\":400},{\"@type\":\"BreadcrumbList\",\"@id\":\"https:\/\/princalati.rs\/index.php\/product\/dzepna-lampa-delux-bright-usb-c\/#breadcrumb\",\"itemListElement\":[{\"@type\":\"ListItem\",\"position\":1,\"name\":\"Home\",\"item\":\"https:\/\/princalati.rs\/\"},{\"@type\":\"ListItem\",\"position\":2,\"name\":\"Shop\",\"item\":\"https:\/\/princalati.rs\/index.php\/shop\/\"},{\"@type\":\"ListItem\",\"position\":3,\"name\":\"Dzepna lampa DELUX BRIGHT USB-C\"}]},{\"@type\":\"WebSite\",\"@id\":\"https:\/\/princalati.rs\/#website\",\"url\":\"https:\/\/princalati.rs\/\",\"name\":\"Princ Alati\",\"description\":\"\",\"publisher\":{\"@id\":\"https:\/\/princalati.rs\/#organization\"},\"potentialAction\":[{\"@type\":\"SearchAction\",\"target\":{\"@type\":\"EntryPoint\",\"urlTemplate\":\"https:\/\/princalati.rs\/?s={search_term_string}\"},\"query-input\":{\"@type\":\"PropertyValueSpecification\",\"valueRequired\":true,\"valueName\":\"search_term_string\"}}],\"inLanguage\":\"en-US\"},{\"@type\":\"Organization\",\"@id\":\"https:\/\/princalati.rs\/#organization\",\"name\":\"Princ Alati\",\"url\":\"https:\/\/princalati.rs\/\",\"logo\":{\"@type\":\"ImageObject\",\"inLanguage\":\"en-US\",\"@id\":\"https:\/\/princalati.rs\/#\/schema\/logo\/image\/\",\"url\":\"https:\/\/princalati.rs\/wp-content\/uploads\/2024\/12\/logo-1.webp\",\"contentUrl\":\"https:\/\/princalati.rs\/wp-content\/uploads\/2024\/12\/logo-1.webp\",\"width\":500,\"height\":150,\"caption\":\"Princ Alati\"},\"image\":{\"@id\":\"https:\/\/princalati.rs\/#\/schema\/logo\/image\/\"}}]}<\/script>\n<!-- \/ Yoast SEO plugin. -->","yoast_head_json":{"title":"Dzepna lampa DELUX BRIGHT USB-C | Princ Alati","robots":{"index":"noindex","follow":"follow","max-snippet":"max-snippet:-1","max-image-preview":"max-image-preview:large","max-video-preview":"max-video-preview:-1"},"og_locale":"en_US","og_type":"article","og_title":"Dzepna lampa DELUX BRIGHT USB-C | Princ Alati","og_description":"Kompaktna lampa s mo\u0107nom rasvetom  Sna\u017ean magnet za sigurno pozicioniranje na metalnim delovima  Produ\u017eivi nosa\u010d, rotiraju\u0107i za usmeravanje svetlosnog snopa","og_url":"https:\/\/princalati.rs\/index.php\/product\/dzepna-lampa-delux-bright-usb-c\/","og_site_name":"Princ Alati","article_modified_time":"2025-11-27T22:47:17+00:00","og_image":[{"width":400,"height":400,"url":"https:\/\/princalati.rs\/wp-content\/uploads\/2025\/11\/65865TIF-100.webp","type":"image\/webp"}],"twitter_card":"summary_large_image","twitter_misc":{"Est. reading time":"2 minutes"},"schema":{"@context":"https:\/\/schema.org","@graph":[{"@type":"WebPage","@id":"https:\/\/princalati.rs\/index.php\/product\/dzepna-lampa-delux-bright-usb-c\/","url":"https:\/\/princalati.rs\/index.php\/product\/dzepna-lampa-delux-bright-usb-c\/","name":"Dzepna lampa DELUX BRIGHT USB-C | Princ Alati","isPartOf":{"@id":"https:\/\/princalati.rs\/#website"},"primaryImageOfPage":{"@id":"https:\/\/princalati.rs\/index.php\/product\/dzepna-lampa-delux-bright-usb-c\/#primaryimage"},"image":{"@id":"https:\/\/princalati.rs\/index.php\/product\/dzepna-lampa-delux-bright-usb-c\/#primaryimage"},"thumbnailUrl":"https:\/\/princalati.rs\/wp-content\/uploads\/2025\/11\/65865TIF-100.webp","datePublished":"2025-11-04T15:34:30+00:00","dateModified":"2025-11-27T22:47:17+00:00","breadcrumb":{"@id":"https:\/\/princalati.rs\/index.php\/product\/dzepna-lampa-delux-bright-usb-c\/#breadcrumb"},"inLanguage":"en-US","potentialAction":[{"@type":"ReadAction","target":["https:\/\/princalati.rs\/index.php\/product\/dzepna-lampa-delux-bright-usb-c\/"]}]},{"@type":"ImageObject","inLanguage":"en-US","@id":"https:\/\/princalati.rs\/index.php\/product\/dzepna-lampa-delux-bright-usb-c\/#primaryimage","url":"https:\/\/princalati.rs\/wp-content\/uploads\/2025\/11\/65865TIF-100.webp","contentUrl":"https:\/\/princalati.rs\/wp-content\/uploads\/2025\/11\/65865TIF-100.webp","width":400,"height":400},{"@type":"BreadcrumbList","@id":"https:\/\/princalati.rs\/index.php\/product\/dzepna-lampa-delux-bright-usb-c\/#breadcrumb","itemListElement":[{"@type":"ListItem","position":1,"name":"Home","item":"https:\/\/princalati.rs\/"},{"@type":"ListItem","position":2,"name":"Shop","item":"https:\/\/princalati.rs\/index.php\/shop\/"},{"@type":"ListItem","position":3,"name":"Dzepna lampa DELUX BRIGHT USB-C"}]},{"@type":"WebSite","@id":"https:\/\/princalati.rs\/#website","url":"https:\/\/princalati.rs\/","name":"Princ Alati","description":"","publisher":{"@id":"https:\/\/princalati.rs\/#organization"},"potentialAction":[{"@type":"SearchAction","target":{"@type":"EntryPoint","urlTemplate":"https:\/\/princalati.rs\/?s={search_term_string}"},"query-input":{"@type":"PropertyValueSpecification","valueRequired":true,"valueName":"search_term_string"}}],"inLanguage":"en-US"},{"@type":"Organization","@id":"https:\/\/princalati.rs\/#organization","name":"Princ Alati","url":"https:\/\/princalati.rs\/","logo":{"@type":"ImageObject","inLanguage":"en-US","@id":"https:\/\/princalati.rs\/#\/schema\/logo\/image\/","url":"https:\/\/princalati.rs\/wp-content\/uploads\/2024\/12\/logo-1.webp","contentUrl":"https:\/\/princalati.rs\/wp-content\/uploads\/2024\/12\/logo-1.webp","width":500,"height":150,"caption":"Princ Alati"},"image":{"@id":"https:\/\/princalati.rs\/#\/schema\/logo\/image\/"}}]}},"_links":{"self":[{"href":"https:\/\/princalati.rs\/index.php\/wp-json\/wp\/v2\/product\/6512","targetHints":{"allow":["GET"]}}],"collection":[{"href":"https:\/\/princalati.rs\/index.php\/wp-json\/wp\/v2\/product"}],"about":[{"href":"https:\/\/princalati.rs\/index.php\/wp-json\/wp\/v2\/types\/product"}],"replies":[{"embeddable":true,"href":"https:\/\/princalati.rs\/index.php\/wp-json\/wp\/v2\/comments?post=6512"}],"wp:featuredmedia":[{"embeddable":true,"href":"https:\/\/princalati.rs\/index.php\/wp-json\/wp\/v2\/media\/6513"}],"wp:attachment":[{"href":"https:\/\/princalati.rs\/index.php\/wp-json\/wp\/v2\/media?parent=6512"}],"wp:term":[{"taxonomy":"product_brand","embeddable":true,"href":"https:\/\/princalati.rs\/index.php\/wp-json\/wp\/v2\/product_brand?post=6512"},{"taxonomy":"product_cat","embeddable":true,"href":"https:\/\/princalati.rs\/index.php\/wp-json\/wp\/v2\/product_cat?post=6512"},{"taxonomy":"product_tag","embeddable":true,"href":"https:\/\/princalati.rs\/index.php\/wp-json\/wp\/v2\/product_tag?post=6512"}],"curies":[{"name":"wp","href":"https:\/\/api.w.org\/{rel}","templated":true}]}}