{"id":6277,"date":"2025-06-13T13:02:30","date_gmt":"2025-06-13T13:02:30","guid":{"rendered":"https:\/\/princalati.rs\/?post_type=product&#038;p=6277"},"modified":"2025-11-16T23:17:00","modified_gmt":"2025-11-16T23:17:00","slug":"diht-masa-za-povrsine-sa-uljnimm-magistralama","status":"publish","type":"product","link":"https:\/\/princalati.rs\/index.php\/product\/diht-masa-za-povrsine-sa-uljnimm-magistralama\/","title":{"rendered":"Diht masa za povr\u0161ine sa uljnimm magistralama"},"content":{"rendered":"<div class=\"pdp-details-container-content\">\n<h3 class=\"pdp-details-container-content-headline\">Detalji<\/h3>\n<\/div>\n<div class=\"pdp-details-container-content\">\n<div class=\"pdp-details-container-content-left\">\n<div>\n<div class=\"headline\">\n<h4>Podru\u010dja primene:<\/h4>\n<\/div>\n<p class=\"description\">Prikladno za dihtovanje prirubnica, le\u017ei\u0161ta, metalnih povr\u0161ina i menja\u010dkih kutija<\/p>\n<p class=\"description\">Idealno za obnavljanje ili stvaranje dihta izme\u0111u metala<\/p>\n<p class=\"description\">Anaerobno brtvilo za izradu vodonepropusnih spojeva motora, ma\u0161ina, priklju\u010daka itd.<\/p>\n<p class=\"description\">Proizvod niske \u010dvrsto\u0107e koji brtvi prirubnice, kao i druge ravne povr\u0161ine, protiv prodora niza plinova i hemikalija<\/p>\n<p class=\"description\">Zamenjuje uobi\u010dajene \u010dvrste materijale za dihtovanje poput pluta, papira, gume ili metala<\/p>\n<\/div>\n<div>\n<div class=\"headline\">\n<h4>Prednosti:<\/h4>\n<\/div>\n<ul class=\"list\">\n<li class=\"description\">Izuzetno svestrano\n<ul>\n<li>Anaerobni diht sa svojstvom brzog stvrdnjavanja<\/li>\n<li>Donekle fleksibilan sloj brtvila<\/li>\n<li>Tiksotropno kako bi se izbeglo kapanje u naglim primenama<\/li>\n<li>Za pasivne metale (ner\u0111aju\u0107i \u010delik, aluminijum, pocin\u010dane povr\u0161ine)<\/li>\n<li>Srednja \u010dvrsto\u0107a osigurava lako rastavljanje delova<\/li>\n<\/ul>\n<\/li>\n<li class=\"description\">Izuzetno prakti\u010dno\n<ul>\n<li>Bo\u010dica za istiskivanje od 50 ml za jednostavno nano\u0161enje i precizno doziranje<\/li>\n<\/ul>\n<\/li>\n<li class=\"description\">Izvanredna stabilnost\n<ul>\n<li>Nema skupljanja, pucanja ni deformacija<\/li>\n<li>Nije potrebno ponovno zatezanje vijaka<\/li>\n<li>Vrhunska otpornost na pritisak, vibracije i hemikalije<\/li>\n<\/ul>\n<\/li>\n<li class=\"description\">Sertifikovano\n<ul>\n<li>NSF P1 za primenu u prehrambenoj industriji<\/li>\n<li>ANSI 61 za primenu u sistemima tehni\u010dke vode i sistemima pitke vode do +82 \u00b0C<\/li>\n<\/ul>\n<\/li>\n<\/ul>\n<\/div>\n<div class=\"pdp-details-container-content-icons\">\n<div class=\"pdp-details-container-content-icons-container\">\n<div class=\"pdp-details-container-content-icons-container-item\"><img decoding=\"async\" title=\"\" src=\"https:\/\/mediaserver.berner.eu\/External\/XL\/58359300-100.jpg\" alt=\"Brza brtva otporna na temperaturu\" width=\"70px\" height=\"70px\" \/><\/div>\n<\/div>\n<\/div>\n<\/div>\n<\/div>\n","protected":false},"excerpt":{"rendered":"<ul>\n<li><span class=\"product-description-list-inner\">Nije potrebno ponovno zatezanje vijaka<\/span><\/li>\n<li><span class=\"product-description-list-inner\">Brzo stvrdnjavanje<\/span><\/li>\n<li><span class=\"product-description-list-inner\">Otporan na toplinu<\/span><\/li>\n<\/ul>\n","protected":false},"featured_media":6278,"comment_status":"open","ping_status":"closed","template":"","meta":{"_acf_changed":false},"product_brand":[],"product_cat":[39,148,51,149],"product_tag":[],"class_list":{"0":"post-6277","1":"product","2":"type-product","3":"status-publish","4":"has-post-thumbnail","6":"product_cat-hemija","7":"product_cat-diht-masa-otporna-na-visoke-temperature","8":"product_cat-dihtovanje-i-ispunjavanje-penom","9":"product_cat-mase-za-dihtovanje-motora-i-karoserija","10":"member-discount","11":"discount-restricted","13":"first","14":"instock","15":"featured","16":"taxable","17":"shipping-taxable","18":"purchasable","19":"product-type-simple","20":"add-to-wishlist-after_add_to_cart"},"bundled_by":[],"bundle_stock_status":"instock","bundle_stock_quantity":1,"bundle_virtual":false,"bundle_layout":"","bundle_add_to_cart_form_location":"","bundle_editable_in_cart":false,"bundle_sold_individually_context":"","bundle_item_grouping":"","bundle_min_size":"","bundle_max_size":"","bundle_price":[],"bundled_items":[],"bundle_sell_ids":[],"acf":[],"yoast_head":"<!-- This site is optimized with the Yoast SEO plugin v26.5 - https:\/\/yoast.com\/wordpress\/plugins\/seo\/ -->\n<title>Diht masa za povr\u0161ine sa uljnimm magistralama | Princ Alati<\/title>\n<meta name=\"robots\" content=\"noindex, follow, max-snippet:-1, max-image-preview:large, max-video-preview:-1\" \/>\n<meta property=\"og:locale\" content=\"en_US\" \/>\n<meta property=\"og:type\" content=\"article\" \/>\n<meta property=\"og:title\" content=\"Diht masa za povr\u0161ine sa uljnimm magistralama | Princ Alati\" \/>\n<meta property=\"og:description\" content=\"Nije potrebno ponovno zatezanje vijaka  Brzo stvrdnjavanje  Otporan na toplinu\" \/>\n<meta property=\"og:url\" content=\"https:\/\/princalati.rs\/index.php\/product\/diht-masa-za-povrsine-sa-uljnimm-magistralama\/\" \/>\n<meta property=\"og:site_name\" content=\"Princ Alati\" \/>\n<meta property=\"article:modified_time\" content=\"2025-11-16T23:17:00+00:00\" \/>\n<meta property=\"og:image\" content=\"https:\/\/princalati.rs\/wp-content\/uploads\/2025\/06\/13948663-99.webp\" \/>\n\t<meta property=\"og:image:width\" content=\"300\" \/>\n\t<meta property=\"og:image:height\" content=\"300\" \/>\n\t<meta property=\"og:image:type\" content=\"image\/webp\" \/>\n<meta name=\"twitter:card\" content=\"summary_large_image\" \/>\n<meta name=\"twitter:label1\" content=\"Est. reading time\" \/>\n\t<meta name=\"twitter:data1\" content=\"2 minutes\" \/>\n<script type=\"application\/ld+json\" class=\"yoast-schema-graph\">{\"@context\":\"https:\/\/schema.org\",\"@graph\":[{\"@type\":\"WebPage\",\"@id\":\"https:\/\/princalati.rs\/index.php\/product\/diht-masa-za-povrsine-sa-uljnimm-magistralama\/\",\"url\":\"https:\/\/princalati.rs\/index.php\/product\/diht-masa-za-povrsine-sa-uljnimm-magistralama\/\",\"name\":\"Diht masa za povr\u0161ine sa uljnimm magistralama | Princ Alati\",\"isPartOf\":{\"@id\":\"https:\/\/princalati.rs\/#website\"},\"primaryImageOfPage\":{\"@id\":\"https:\/\/princalati.rs\/index.php\/product\/diht-masa-za-povrsine-sa-uljnimm-magistralama\/#primaryimage\"},\"image\":{\"@id\":\"https:\/\/princalati.rs\/index.php\/product\/diht-masa-za-povrsine-sa-uljnimm-magistralama\/#primaryimage\"},\"thumbnailUrl\":\"https:\/\/princalati.rs\/wp-content\/uploads\/2025\/06\/13948663-99.webp\",\"datePublished\":\"2025-06-13T13:02:30+00:00\",\"dateModified\":\"2025-11-16T23:17:00+00:00\",\"breadcrumb\":{\"@id\":\"https:\/\/princalati.rs\/index.php\/product\/diht-masa-za-povrsine-sa-uljnimm-magistralama\/#breadcrumb\"},\"inLanguage\":\"en-US\",\"potentialAction\":[{\"@type\":\"ReadAction\",\"target\":[\"https:\/\/princalati.rs\/index.php\/product\/diht-masa-za-povrsine-sa-uljnimm-magistralama\/\"]}]},{\"@type\":\"ImageObject\",\"inLanguage\":\"en-US\",\"@id\":\"https:\/\/princalati.rs\/index.php\/product\/diht-masa-za-povrsine-sa-uljnimm-magistralama\/#primaryimage\",\"url\":\"https:\/\/princalati.rs\/wp-content\/uploads\/2025\/06\/13948663-99.webp\",\"contentUrl\":\"https:\/\/princalati.rs\/wp-content\/uploads\/2025\/06\/13948663-99.webp\",\"width\":300,\"height\":300},{\"@type\":\"BreadcrumbList\",\"@id\":\"https:\/\/princalati.rs\/index.php\/product\/diht-masa-za-povrsine-sa-uljnimm-magistralama\/#breadcrumb\",\"itemListElement\":[{\"@type\":\"ListItem\",\"position\":1,\"name\":\"Home\",\"item\":\"https:\/\/princalati.rs\/\"},{\"@type\":\"ListItem\",\"position\":2,\"name\":\"Shop\",\"item\":\"https:\/\/princalati.rs\/index.php\/shop\/\"},{\"@type\":\"ListItem\",\"position\":3,\"name\":\"Diht masa za povr\u0161ine sa uljnimm magistralama\"}]},{\"@type\":\"WebSite\",\"@id\":\"https:\/\/princalati.rs\/#website\",\"url\":\"https:\/\/princalati.rs\/\",\"name\":\"Princ Alati\",\"description\":\"\",\"publisher\":{\"@id\":\"https:\/\/princalati.rs\/#organization\"},\"potentialAction\":[{\"@type\":\"SearchAction\",\"target\":{\"@type\":\"EntryPoint\",\"urlTemplate\":\"https:\/\/princalati.rs\/?s={search_term_string}\"},\"query-input\":{\"@type\":\"PropertyValueSpecification\",\"valueRequired\":true,\"valueName\":\"search_term_string\"}}],\"inLanguage\":\"en-US\"},{\"@type\":\"Organization\",\"@id\":\"https:\/\/princalati.rs\/#organization\",\"name\":\"Princ Alati\",\"url\":\"https:\/\/princalati.rs\/\",\"logo\":{\"@type\":\"ImageObject\",\"inLanguage\":\"en-US\",\"@id\":\"https:\/\/princalati.rs\/#\/schema\/logo\/image\/\",\"url\":\"https:\/\/princalati.rs\/wp-content\/uploads\/2024\/12\/logo-1.webp\",\"contentUrl\":\"https:\/\/princalati.rs\/wp-content\/uploads\/2024\/12\/logo-1.webp\",\"width\":500,\"height\":150,\"caption\":\"Princ Alati\"},\"image\":{\"@id\":\"https:\/\/princalati.rs\/#\/schema\/logo\/image\/\"}}]}<\/script>\n<!-- \/ Yoast SEO plugin. -->","yoast_head_json":{"title":"Diht masa za povr\u0161ine sa uljnimm magistralama | Princ Alati","robots":{"index":"noindex","follow":"follow","max-snippet":"max-snippet:-1","max-image-preview":"max-image-preview:large","max-video-preview":"max-video-preview:-1"},"og_locale":"en_US","og_type":"article","og_title":"Diht masa za povr\u0161ine sa uljnimm magistralama | Princ Alati","og_description":"Nije potrebno ponovno zatezanje vijaka  Brzo stvrdnjavanje  Otporan na toplinu","og_url":"https:\/\/princalati.rs\/index.php\/product\/diht-masa-za-povrsine-sa-uljnimm-magistralama\/","og_site_name":"Princ Alati","article_modified_time":"2025-11-16T23:17:00+00:00","og_image":[{"width":300,"height":300,"url":"https:\/\/princalati.rs\/wp-content\/uploads\/2025\/06\/13948663-99.webp","type":"image\/webp"}],"twitter_card":"summary_large_image","twitter_misc":{"Est. reading time":"2 minutes"},"schema":{"@context":"https:\/\/schema.org","@graph":[{"@type":"WebPage","@id":"https:\/\/princalati.rs\/index.php\/product\/diht-masa-za-povrsine-sa-uljnimm-magistralama\/","url":"https:\/\/princalati.rs\/index.php\/product\/diht-masa-za-povrsine-sa-uljnimm-magistralama\/","name":"Diht masa za povr\u0161ine sa uljnimm magistralama | Princ Alati","isPartOf":{"@id":"https:\/\/princalati.rs\/#website"},"primaryImageOfPage":{"@id":"https:\/\/princalati.rs\/index.php\/product\/diht-masa-za-povrsine-sa-uljnimm-magistralama\/#primaryimage"},"image":{"@id":"https:\/\/princalati.rs\/index.php\/product\/diht-masa-za-povrsine-sa-uljnimm-magistralama\/#primaryimage"},"thumbnailUrl":"https:\/\/princalati.rs\/wp-content\/uploads\/2025\/06\/13948663-99.webp","datePublished":"2025-06-13T13:02:30+00:00","dateModified":"2025-11-16T23:17:00+00:00","breadcrumb":{"@id":"https:\/\/princalati.rs\/index.php\/product\/diht-masa-za-povrsine-sa-uljnimm-magistralama\/#breadcrumb"},"inLanguage":"en-US","potentialAction":[{"@type":"ReadAction","target":["https:\/\/princalati.rs\/index.php\/product\/diht-masa-za-povrsine-sa-uljnimm-magistralama\/"]}]},{"@type":"ImageObject","inLanguage":"en-US","@id":"https:\/\/princalati.rs\/index.php\/product\/diht-masa-za-povrsine-sa-uljnimm-magistralama\/#primaryimage","url":"https:\/\/princalati.rs\/wp-content\/uploads\/2025\/06\/13948663-99.webp","contentUrl":"https:\/\/princalati.rs\/wp-content\/uploads\/2025\/06\/13948663-99.webp","width":300,"height":300},{"@type":"BreadcrumbList","@id":"https:\/\/princalati.rs\/index.php\/product\/diht-masa-za-povrsine-sa-uljnimm-magistralama\/#breadcrumb","itemListElement":[{"@type":"ListItem","position":1,"name":"Home","item":"https:\/\/princalati.rs\/"},{"@type":"ListItem","position":2,"name":"Shop","item":"https:\/\/princalati.rs\/index.php\/shop\/"},{"@type":"ListItem","position":3,"name":"Diht masa za povr\u0161ine sa uljnimm magistralama"}]},{"@type":"WebSite","@id":"https:\/\/princalati.rs\/#website","url":"https:\/\/princalati.rs\/","name":"Princ Alati","description":"","publisher":{"@id":"https:\/\/princalati.rs\/#organization"},"potentialAction":[{"@type":"SearchAction","target":{"@type":"EntryPoint","urlTemplate":"https:\/\/princalati.rs\/?s={search_term_string}"},"query-input":{"@type":"PropertyValueSpecification","valueRequired":true,"valueName":"search_term_string"}}],"inLanguage":"en-US"},{"@type":"Organization","@id":"https:\/\/princalati.rs\/#organization","name":"Princ Alati","url":"https:\/\/princalati.rs\/","logo":{"@type":"ImageObject","inLanguage":"en-US","@id":"https:\/\/princalati.rs\/#\/schema\/logo\/image\/","url":"https:\/\/princalati.rs\/wp-content\/uploads\/2024\/12\/logo-1.webp","contentUrl":"https:\/\/princalati.rs\/wp-content\/uploads\/2024\/12\/logo-1.webp","width":500,"height":150,"caption":"Princ Alati"},"image":{"@id":"https:\/\/princalati.rs\/#\/schema\/logo\/image\/"}}]}},"_links":{"self":[{"href":"https:\/\/princalati.rs\/index.php\/wp-json\/wp\/v2\/product\/6277","targetHints":{"allow":["GET"]}}],"collection":[{"href":"https:\/\/princalati.rs\/index.php\/wp-json\/wp\/v2\/product"}],"about":[{"href":"https:\/\/princalati.rs\/index.php\/wp-json\/wp\/v2\/types\/product"}],"replies":[{"embeddable":true,"href":"https:\/\/princalati.rs\/index.php\/wp-json\/wp\/v2\/comments?post=6277"}],"wp:featuredmedia":[{"embeddable":true,"href":"https:\/\/princalati.rs\/index.php\/wp-json\/wp\/v2\/media\/6278"}],"wp:attachment":[{"href":"https:\/\/princalati.rs\/index.php\/wp-json\/wp\/v2\/media?parent=6277"}],"wp:term":[{"taxonomy":"product_brand","embeddable":true,"href":"https:\/\/princalati.rs\/index.php\/wp-json\/wp\/v2\/product_brand?post=6277"},{"taxonomy":"product_cat","embeddable":true,"href":"https:\/\/princalati.rs\/index.php\/wp-json\/wp\/v2\/product_cat?post=6277"},{"taxonomy":"product_tag","embeddable":true,"href":"https:\/\/princalati.rs\/index.php\/wp-json\/wp\/v2\/product_tag?post=6277"}],"curies":[{"name":"wp","href":"https:\/\/api.w.org\/{rel}","templated":true}]}}