{"id":6266,"date":"2025-06-12T13:54:31","date_gmt":"2025-06-12T13:54:31","guid":{"rendered":"https:\/\/princalati.rs\/?post_type=product&#038;p=6266"},"modified":"2025-06-12T13:54:32","modified_gmt":"2025-06-12T13:54:32","slug":"celicna-cetka-od-sa-prihvatom-6mm","status":"publish","type":"product","link":"https:\/\/princalati.rs\/index.php\/product\/celicna-cetka-od-sa-prihvatom-6mm\/","title":{"rendered":"\u010celi\u010dna \u010detka od  sa prihvatom 6mm"},"content":{"rendered":"<div class=\"pdp-details-container-content\">\n<h3 class=\"pdp-details-container-content-headline\">Detalji<\/h3>\n<\/div>\n<div class=\"pdp-details-container-content\">\n<div class=\"pdp-details-container-content-left\">\n<div>\n<div class=\"headline\">\n<h4>Podru\u010dja primene:<\/h4>\n<\/div>\n<p class=\"description\">\u010ci\u0161\u0107enje i skidanje s metalnih povr\u0161ina od boje, gume, hr\u0111e<\/p>\n<p class=\"description\">Pogodno i za \u010di\u0161\u0107enje plesni<\/p>\n<p class=\"description\">Mo\u017ee se koristiti s akumulatorskim i pneumatskim odvija\u010dima<\/p>\n<\/div>\n<div>\n<div class=\"headline\">\n<h4>Prednosti:<\/h4>\n<\/div>\n<ul class=\"list\">\n<li class=\"description\">Idealno za uske prostore\n<ul>\n<li>Mali pre\u010dnik od 23 mm<\/li>\n<\/ul>\n<\/li>\n<li class=\"description\">\u017dica podnosi velika optere\u0107enja\n<ul>\n<li>Nova trim \u017eica visoke \u010dvrsto\u0107e<\/li>\n<\/ul>\n<\/li>\n<li class=\"description\">Vrlo velika brzina\n<ul>\n<li>18.000 okretaja u minuti<\/li>\n<\/ul>\n<\/li>\n<li class=\"description\">Profesionalni kvalitet u poredjenju sa standardnim proizvodima<\/li>\n<\/ul>\n<\/div>\n<\/div>\n<\/div>\n","protected":false},"excerpt":{"rendered":"<ul>\n<li><span class=\"product-description-list-inner\">Visokokvalitetne \u017eice omogu\u0107uju vrlo veliku brzinu i uklanjanje materijala<\/span><\/li>\n<li><span class=\"product-description-list-inner\">Posebno prilago\u0111eno za podru\u010dja koje se te\u0161ko dose\u017eu<\/span><\/li>\n<\/ul>\n","protected":false},"featured_media":6267,"comment_status":"open","ping_status":"closed","template":"","meta":{"_acf_changed":false},"product_brand":[],"product_cat":[74,41,303],"product_tag":[],"class_list":{"0":"post-6266","1":"product","2":"type-product","3":"status-publish","4":"has-post-thumbnail","6":"product_cat-brusenje-i-poliranje-grinding-and-polishing","7":"product_cat-obrada-materijala","8":"product_cat-zicane-cetke","9":"member-discount","10":"discount-restricted","12":"first","13":"instock","14":"taxable","15":"shipping-taxable","16":"purchasable","17":"product-type-simple","18":"add-to-wishlist-after_add_to_cart"},"bundled_by":[],"bundle_stock_status":"instock","bundle_stock_quantity":1,"bundle_virtual":false,"bundle_layout":"","bundle_add_to_cart_form_location":"","bundle_editable_in_cart":false,"bundle_sold_individually_context":"","bundle_item_grouping":"","bundle_min_size":"","bundle_max_size":"","bundle_price":[],"bundled_items":[],"bundle_sell_ids":[],"acf":[],"yoast_head":"<!-- This site is optimized with the Yoast SEO plugin v26.5 - https:\/\/yoast.com\/wordpress\/plugins\/seo\/ -->\n<title>\u010celi\u010dna \u010detka od sa prihvatom 6mm | Princ Alati<\/title>\n<meta name=\"robots\" content=\"noindex, follow, max-snippet:-1, max-image-preview:large, max-video-preview:-1\" \/>\n<meta property=\"og:locale\" content=\"en_US\" \/>\n<meta property=\"og:type\" content=\"article\" \/>\n<meta property=\"og:title\" content=\"\u010celi\u010dna \u010detka od sa prihvatom 6mm | Princ Alati\" \/>\n<meta property=\"og:description\" content=\"Visokokvalitetne \u017eice omogu\u0107uju vrlo veliku brzinu i uklanjanje materijala  Posebno prilago\u0111eno za podru\u010dja koje se te\u0161ko dose\u017eu\" \/>\n<meta property=\"og:url\" content=\"https:\/\/princalati.rs\/index.php\/product\/celicna-cetka-od-sa-prihvatom-6mm\/\" \/>\n<meta property=\"og:site_name\" content=\"Princ Alati\" \/>\n<meta property=\"article:modified_time\" content=\"2025-06-12T13:54:32+00:00\" \/>\n<meta property=\"og:image\" content=\"https:\/\/princalati.rs\/wp-content\/uploads\/2025\/06\/54233055-100.webp\" \/>\n\t<meta property=\"og:image:width\" content=\"300\" \/>\n\t<meta property=\"og:image:height\" content=\"300\" \/>\n\t<meta property=\"og:image:type\" content=\"image\/webp\" \/>\n<meta name=\"twitter:card\" content=\"summary_large_image\" \/>\n<meta name=\"twitter:label1\" content=\"Est. reading time\" \/>\n\t<meta name=\"twitter:data1\" content=\"1 minute\" \/>\n<script type=\"application\/ld+json\" class=\"yoast-schema-graph\">{\"@context\":\"https:\/\/schema.org\",\"@graph\":[{\"@type\":\"WebPage\",\"@id\":\"https:\/\/princalati.rs\/index.php\/product\/celicna-cetka-od-sa-prihvatom-6mm\/\",\"url\":\"https:\/\/princalati.rs\/index.php\/product\/celicna-cetka-od-sa-prihvatom-6mm\/\",\"name\":\"\u010celi\u010dna \u010detka od sa prihvatom 6mm | Princ Alati\",\"isPartOf\":{\"@id\":\"https:\/\/princalati.rs\/#website\"},\"primaryImageOfPage\":{\"@id\":\"https:\/\/princalati.rs\/index.php\/product\/celicna-cetka-od-sa-prihvatom-6mm\/#primaryimage\"},\"image\":{\"@id\":\"https:\/\/princalati.rs\/index.php\/product\/celicna-cetka-od-sa-prihvatom-6mm\/#primaryimage\"},\"thumbnailUrl\":\"https:\/\/princalati.rs\/wp-content\/uploads\/2025\/06\/54233055-100.webp\",\"datePublished\":\"2025-06-12T13:54:31+00:00\",\"dateModified\":\"2025-06-12T13:54:32+00:00\",\"breadcrumb\":{\"@id\":\"https:\/\/princalati.rs\/index.php\/product\/celicna-cetka-od-sa-prihvatom-6mm\/#breadcrumb\"},\"inLanguage\":\"en-US\",\"potentialAction\":[{\"@type\":\"ReadAction\",\"target\":[\"https:\/\/princalati.rs\/index.php\/product\/celicna-cetka-od-sa-prihvatom-6mm\/\"]}]},{\"@type\":\"ImageObject\",\"inLanguage\":\"en-US\",\"@id\":\"https:\/\/princalati.rs\/index.php\/product\/celicna-cetka-od-sa-prihvatom-6mm\/#primaryimage\",\"url\":\"https:\/\/princalati.rs\/wp-content\/uploads\/2025\/06\/54233055-100.webp\",\"contentUrl\":\"https:\/\/princalati.rs\/wp-content\/uploads\/2025\/06\/54233055-100.webp\",\"width\":300,\"height\":300},{\"@type\":\"BreadcrumbList\",\"@id\":\"https:\/\/princalati.rs\/index.php\/product\/celicna-cetka-od-sa-prihvatom-6mm\/#breadcrumb\",\"itemListElement\":[{\"@type\":\"ListItem\",\"position\":1,\"name\":\"Home\",\"item\":\"https:\/\/princalati.rs\/\"},{\"@type\":\"ListItem\",\"position\":2,\"name\":\"Shop\",\"item\":\"https:\/\/princalati.rs\/index.php\/shop\/\"},{\"@type\":\"ListItem\",\"position\":3,\"name\":\"\u010celi\u010dna \u010detka od sa prihvatom 6mm\"}]},{\"@type\":\"WebSite\",\"@id\":\"https:\/\/princalati.rs\/#website\",\"url\":\"https:\/\/princalati.rs\/\",\"name\":\"Princ Alati\",\"description\":\"\",\"publisher\":{\"@id\":\"https:\/\/princalati.rs\/#organization\"},\"potentialAction\":[{\"@type\":\"SearchAction\",\"target\":{\"@type\":\"EntryPoint\",\"urlTemplate\":\"https:\/\/princalati.rs\/?s={search_term_string}\"},\"query-input\":{\"@type\":\"PropertyValueSpecification\",\"valueRequired\":true,\"valueName\":\"search_term_string\"}}],\"inLanguage\":\"en-US\"},{\"@type\":\"Organization\",\"@id\":\"https:\/\/princalati.rs\/#organization\",\"name\":\"Princ Alati\",\"url\":\"https:\/\/princalati.rs\/\",\"logo\":{\"@type\":\"ImageObject\",\"inLanguage\":\"en-US\",\"@id\":\"https:\/\/princalati.rs\/#\/schema\/logo\/image\/\",\"url\":\"https:\/\/princalati.rs\/wp-content\/uploads\/2024\/12\/logo-1.webp\",\"contentUrl\":\"https:\/\/princalati.rs\/wp-content\/uploads\/2024\/12\/logo-1.webp\",\"width\":500,\"height\":150,\"caption\":\"Princ Alati\"},\"image\":{\"@id\":\"https:\/\/princalati.rs\/#\/schema\/logo\/image\/\"}}]}<\/script>\n<!-- \/ Yoast SEO plugin. -->","yoast_head_json":{"title":"\u010celi\u010dna \u010detka od sa prihvatom 6mm | Princ Alati","robots":{"index":"noindex","follow":"follow","max-snippet":"max-snippet:-1","max-image-preview":"max-image-preview:large","max-video-preview":"max-video-preview:-1"},"og_locale":"en_US","og_type":"article","og_title":"\u010celi\u010dna \u010detka od sa prihvatom 6mm | Princ Alati","og_description":"Visokokvalitetne \u017eice omogu\u0107uju vrlo veliku brzinu i uklanjanje materijala  Posebno prilago\u0111eno za podru\u010dja koje se te\u0161ko dose\u017eu","og_url":"https:\/\/princalati.rs\/index.php\/product\/celicna-cetka-od-sa-prihvatom-6mm\/","og_site_name":"Princ Alati","article_modified_time":"2025-06-12T13:54:32+00:00","og_image":[{"width":300,"height":300,"url":"https:\/\/princalati.rs\/wp-content\/uploads\/2025\/06\/54233055-100.webp","type":"image\/webp"}],"twitter_card":"summary_large_image","twitter_misc":{"Est. reading time":"1 minute"},"schema":{"@context":"https:\/\/schema.org","@graph":[{"@type":"WebPage","@id":"https:\/\/princalati.rs\/index.php\/product\/celicna-cetka-od-sa-prihvatom-6mm\/","url":"https:\/\/princalati.rs\/index.php\/product\/celicna-cetka-od-sa-prihvatom-6mm\/","name":"\u010celi\u010dna \u010detka od sa prihvatom 6mm | Princ Alati","isPartOf":{"@id":"https:\/\/princalati.rs\/#website"},"primaryImageOfPage":{"@id":"https:\/\/princalati.rs\/index.php\/product\/celicna-cetka-od-sa-prihvatom-6mm\/#primaryimage"},"image":{"@id":"https:\/\/princalati.rs\/index.php\/product\/celicna-cetka-od-sa-prihvatom-6mm\/#primaryimage"},"thumbnailUrl":"https:\/\/princalati.rs\/wp-content\/uploads\/2025\/06\/54233055-100.webp","datePublished":"2025-06-12T13:54:31+00:00","dateModified":"2025-06-12T13:54:32+00:00","breadcrumb":{"@id":"https:\/\/princalati.rs\/index.php\/product\/celicna-cetka-od-sa-prihvatom-6mm\/#breadcrumb"},"inLanguage":"en-US","potentialAction":[{"@type":"ReadAction","target":["https:\/\/princalati.rs\/index.php\/product\/celicna-cetka-od-sa-prihvatom-6mm\/"]}]},{"@type":"ImageObject","inLanguage":"en-US","@id":"https:\/\/princalati.rs\/index.php\/product\/celicna-cetka-od-sa-prihvatom-6mm\/#primaryimage","url":"https:\/\/princalati.rs\/wp-content\/uploads\/2025\/06\/54233055-100.webp","contentUrl":"https:\/\/princalati.rs\/wp-content\/uploads\/2025\/06\/54233055-100.webp","width":300,"height":300},{"@type":"BreadcrumbList","@id":"https:\/\/princalati.rs\/index.php\/product\/celicna-cetka-od-sa-prihvatom-6mm\/#breadcrumb","itemListElement":[{"@type":"ListItem","position":1,"name":"Home","item":"https:\/\/princalati.rs\/"},{"@type":"ListItem","position":2,"name":"Shop","item":"https:\/\/princalati.rs\/index.php\/shop\/"},{"@type":"ListItem","position":3,"name":"\u010celi\u010dna \u010detka od sa prihvatom 6mm"}]},{"@type":"WebSite","@id":"https:\/\/princalati.rs\/#website","url":"https:\/\/princalati.rs\/","name":"Princ Alati","description":"","publisher":{"@id":"https:\/\/princalati.rs\/#organization"},"potentialAction":[{"@type":"SearchAction","target":{"@type":"EntryPoint","urlTemplate":"https:\/\/princalati.rs\/?s={search_term_string}"},"query-input":{"@type":"PropertyValueSpecification","valueRequired":true,"valueName":"search_term_string"}}],"inLanguage":"en-US"},{"@type":"Organization","@id":"https:\/\/princalati.rs\/#organization","name":"Princ Alati","url":"https:\/\/princalati.rs\/","logo":{"@type":"ImageObject","inLanguage":"en-US","@id":"https:\/\/princalati.rs\/#\/schema\/logo\/image\/","url":"https:\/\/princalati.rs\/wp-content\/uploads\/2024\/12\/logo-1.webp","contentUrl":"https:\/\/princalati.rs\/wp-content\/uploads\/2024\/12\/logo-1.webp","width":500,"height":150,"caption":"Princ Alati"},"image":{"@id":"https:\/\/princalati.rs\/#\/schema\/logo\/image\/"}}]}},"_links":{"self":[{"href":"https:\/\/princalati.rs\/index.php\/wp-json\/wp\/v2\/product\/6266","targetHints":{"allow":["GET"]}}],"collection":[{"href":"https:\/\/princalati.rs\/index.php\/wp-json\/wp\/v2\/product"}],"about":[{"href":"https:\/\/princalati.rs\/index.php\/wp-json\/wp\/v2\/types\/product"}],"replies":[{"embeddable":true,"href":"https:\/\/princalati.rs\/index.php\/wp-json\/wp\/v2\/comments?post=6266"}],"wp:featuredmedia":[{"embeddable":true,"href":"https:\/\/princalati.rs\/index.php\/wp-json\/wp\/v2\/media\/6267"}],"wp:attachment":[{"href":"https:\/\/princalati.rs\/index.php\/wp-json\/wp\/v2\/media?parent=6266"}],"wp:term":[{"taxonomy":"product_brand","embeddable":true,"href":"https:\/\/princalati.rs\/index.php\/wp-json\/wp\/v2\/product_brand?post=6266"},{"taxonomy":"product_cat","embeddable":true,"href":"https:\/\/princalati.rs\/index.php\/wp-json\/wp\/v2\/product_cat?post=6266"},{"taxonomy":"product_tag","embeddable":true,"href":"https:\/\/princalati.rs\/index.php\/wp-json\/wp\/v2\/product_tag?post=6266"}],"curies":[{"name":"wp","href":"https:\/\/api.w.org\/{rel}","templated":true}]}}