{"id":4681,"date":"2025-04-03T08:54:34","date_gmt":"2025-04-03T08:54:34","guid":{"rendered":"https:\/\/princalati.rs\/?post_type=product&#038;p=4681"},"modified":"2025-04-03T08:54:36","modified_gmt":"2025-04-03T08:54:36","slug":"halogena-sijalica-h1-12v","status":"publish","type":"product","link":"https:\/\/princalati.rs\/index.php\/product\/halogena-sijalica-h1-12v\/","title":{"rendered":"Halogena sijalica H1 12V"},"content":{"rendered":"<div class=\"pdp-details-container-content\">\n<h3 class=\"pdp-details-container-content-headline\">Detalji<\/h3>\n<\/div>\n<div class=\"pdp-details-container-content\">\n<div class=\"pdp-details-container-content-left\">\n<div>\n<div class=\"headline\">\n<h4>Podru\u010dja primene:<\/h4>\n<\/div>\n<p class=\"description\">Svetla za maglu<\/p>\n<p class=\"description\">Duga i kratka svetla<\/p>\n<\/div>\n<div>\n<div class=\"headline\">\n<h4>Prednosti:<\/h4>\n<\/div>\n<ul class=\"list\">\n<li class=\"description\">\u2022 LL = Longlife\n<ul>\n<li>&#8211; vi\u0161i pritisak plina u staklenom telu- punjena sa 20% ksenon \/ 80% kripton plinom- isijavaju\u0107a spirala od visokokvalitetnog volframa\u2022 PREMIUM Line<\/li>\n<li>Prozvodi iz PREMIUM LINE krasi pre svega OEM kvalitet. Prednost pre svega je pove\u0107ani pritisak plina, smesa plina i\u00a0 tome prilago\u0111ena presvlaka isijavaju\u0107e spirale. Pri tome, sve sijalice se stalno nadziru u toku proizvodnje, kroz kompjuterski proces koji proverava do 100% geometriju i foto simetri\u010dnost. Time je garantovan visok kvalitet.<\/li>\n<li>Time se reduciraju vremenski intervali odr\u017eavanja, radni vek je produ\u017een te se reduciraju i tro\u0161kovi zbog dugotrajnosti sijalice, pove\u0107ana je sigurnost u samom vozilu.<\/li>\n<\/ul>\n<\/li>\n<\/ul>\n<\/div>\n<\/div>\n<\/div>\n","protected":false},"excerpt":{"rendered":"<p>Detalji Podru\u010dja primene: Svetla za maglu Duga i kratka svetla Prednosti: \u2022 LL = Longlife &#8211; vi\u0161i pritisak plina u staklenom telu- punjena sa 20% ksenon \/ 80% kripton plinom- isijavaju\u0107a spirala od visokokvalitetnog volframa\u2022 PREMIUM Line Prozvodi iz PREMIUM LINE krasi pre svega OEM kvalitet. Prednost pre svega je pove\u0107ani pritisak plina, smesa plina [&hellip;]<\/p>\n","protected":false},"featured_media":4683,"comment_status":"open","ping_status":"closed","template":"","meta":{"_acf_changed":false},"product_brand":[],"product_cat":[76,305,307,42],"product_tag":[],"class_list":{"0":"post-4681","1":"product","2":"type-product","3":"status-publish","4":"has-post-thumbnail","6":"product_cat-auto-rasveta","7":"product_cat-osvetljenje-za-motorna-vozila","8":"product_cat-sijalice","9":"product_cat-elektrika","10":"member-discount","11":"discount-restricted","13":"first","14":"instock","15":"taxable","16":"shipping-taxable","17":"purchasable","18":"product-type-variable","19":"add-to-wishlist-after_add_to_cart"},"bundled_by":[],"bundle_stock_status":"instock","bundle_stock_quantity":1,"bundle_virtual":false,"bundle_layout":"","bundle_add_to_cart_form_location":"","bundle_editable_in_cart":false,"bundle_sold_individually_context":"","bundle_item_grouping":"","bundle_min_size":"","bundle_max_size":"","bundle_price":[],"bundled_items":[],"bundle_sell_ids":[],"acf":[],"yoast_head":"<!-- This site is optimized with the Yoast SEO plugin v26.5 - https:\/\/yoast.com\/wordpress\/plugins\/seo\/ -->\n<title>Halogena sijalica H1 12V | Princ Alati<\/title>\n<meta name=\"robots\" content=\"noindex, follow, max-snippet:-1, max-image-preview:large, max-video-preview:-1\" \/>\n<meta property=\"og:locale\" content=\"en_US\" \/>\n<meta property=\"og:type\" content=\"article\" \/>\n<meta property=\"og:title\" content=\"Halogena sijalica H1 12V | Princ Alati\" \/>\n<meta property=\"og:description\" content=\"Detalji Podru\u010dja primene: Svetla za maglu Duga i kratka svetla Prednosti: \u2022 LL = Longlife &#8211; vi\u0161i pritisak plina u staklenom telu- punjena sa 20% ksenon \/ 80% kripton plinom- isijavaju\u0107a spirala od visokokvalitetnog volframa\u2022 PREMIUM Line Prozvodi iz PREMIUM LINE krasi pre svega OEM kvalitet. Prednost pre svega je pove\u0107ani pritisak plina, smesa plina [&hellip;]\" \/>\n<meta property=\"og:url\" content=\"https:\/\/princalati.rs\/index.php\/product\/halogena-sijalica-h1-12v\/\" \/>\n<meta property=\"og:site_name\" content=\"Princ Alati\" \/>\n<meta property=\"article:modified_time\" content=\"2025-04-03T08:54:36+00:00\" \/>\n<meta property=\"og:image\" content=\"https:\/\/princalati.rs\/wp-content\/uploads\/2025\/04\/20032TIF-100.webp\" \/>\n\t<meta property=\"og:image:width\" content=\"300\" \/>\n\t<meta property=\"og:image:height\" content=\"300\" \/>\n\t<meta property=\"og:image:type\" content=\"image\/webp\" \/>\n<meta name=\"twitter:card\" content=\"summary_large_image\" \/>\n<meta name=\"twitter:label1\" content=\"Est. reading time\" \/>\n\t<meta name=\"twitter:data1\" content=\"1 minute\" \/>\n<script type=\"application\/ld+json\" class=\"yoast-schema-graph\">{\"@context\":\"https:\/\/schema.org\",\"@graph\":[{\"@type\":\"WebPage\",\"@id\":\"https:\/\/princalati.rs\/index.php\/product\/halogena-sijalica-h1-12v\/\",\"url\":\"https:\/\/princalati.rs\/index.php\/product\/halogena-sijalica-h1-12v\/\",\"name\":\"Halogena sijalica H1 12V | Princ Alati\",\"isPartOf\":{\"@id\":\"https:\/\/princalati.rs\/#website\"},\"primaryImageOfPage\":{\"@id\":\"https:\/\/princalati.rs\/index.php\/product\/halogena-sijalica-h1-12v\/#primaryimage\"},\"image\":{\"@id\":\"https:\/\/princalati.rs\/index.php\/product\/halogena-sijalica-h1-12v\/#primaryimage\"},\"thumbnailUrl\":\"https:\/\/princalati.rs\/wp-content\/uploads\/2025\/04\/20032TIF-100.webp\",\"datePublished\":\"2025-04-03T08:54:34+00:00\",\"dateModified\":\"2025-04-03T08:54:36+00:00\",\"breadcrumb\":{\"@id\":\"https:\/\/princalati.rs\/index.php\/product\/halogena-sijalica-h1-12v\/#breadcrumb\"},\"inLanguage\":\"en-US\",\"potentialAction\":[{\"@type\":\"ReadAction\",\"target\":[\"https:\/\/princalati.rs\/index.php\/product\/halogena-sijalica-h1-12v\/\"]}]},{\"@type\":\"ImageObject\",\"inLanguage\":\"en-US\",\"@id\":\"https:\/\/princalati.rs\/index.php\/product\/halogena-sijalica-h1-12v\/#primaryimage\",\"url\":\"https:\/\/princalati.rs\/wp-content\/uploads\/2025\/04\/20032TIF-100.webp\",\"contentUrl\":\"https:\/\/princalati.rs\/wp-content\/uploads\/2025\/04\/20032TIF-100.webp\",\"width\":300,\"height\":300},{\"@type\":\"BreadcrumbList\",\"@id\":\"https:\/\/princalati.rs\/index.php\/product\/halogena-sijalica-h1-12v\/#breadcrumb\",\"itemListElement\":[{\"@type\":\"ListItem\",\"position\":1,\"name\":\"Home\",\"item\":\"https:\/\/princalati.rs\/\"},{\"@type\":\"ListItem\",\"position\":2,\"name\":\"Shop\",\"item\":\"https:\/\/princalati.rs\/index.php\/shop\/\"},{\"@type\":\"ListItem\",\"position\":3,\"name\":\"Halogena sijalica H1 12V\"}]},{\"@type\":\"WebSite\",\"@id\":\"https:\/\/princalati.rs\/#website\",\"url\":\"https:\/\/princalati.rs\/\",\"name\":\"Princ Alati\",\"description\":\"\",\"publisher\":{\"@id\":\"https:\/\/princalati.rs\/#organization\"},\"potentialAction\":[{\"@type\":\"SearchAction\",\"target\":{\"@type\":\"EntryPoint\",\"urlTemplate\":\"https:\/\/princalati.rs\/?s={search_term_string}\"},\"query-input\":{\"@type\":\"PropertyValueSpecification\",\"valueRequired\":true,\"valueName\":\"search_term_string\"}}],\"inLanguage\":\"en-US\"},{\"@type\":\"Organization\",\"@id\":\"https:\/\/princalati.rs\/#organization\",\"name\":\"Princ Alati\",\"url\":\"https:\/\/princalati.rs\/\",\"logo\":{\"@type\":\"ImageObject\",\"inLanguage\":\"en-US\",\"@id\":\"https:\/\/princalati.rs\/#\/schema\/logo\/image\/\",\"url\":\"https:\/\/princalati.rs\/wp-content\/uploads\/2024\/12\/logo-1.webp\",\"contentUrl\":\"https:\/\/princalati.rs\/wp-content\/uploads\/2024\/12\/logo-1.webp\",\"width\":500,\"height\":150,\"caption\":\"Princ Alati\"},\"image\":{\"@id\":\"https:\/\/princalati.rs\/#\/schema\/logo\/image\/\"}}]}<\/script>\n<!-- \/ Yoast SEO plugin. -->","yoast_head_json":{"title":"Halogena sijalica H1 12V | Princ Alati","robots":{"index":"noindex","follow":"follow","max-snippet":"max-snippet:-1","max-image-preview":"max-image-preview:large","max-video-preview":"max-video-preview:-1"},"og_locale":"en_US","og_type":"article","og_title":"Halogena sijalica H1 12V | Princ Alati","og_description":"Detalji Podru\u010dja primene: Svetla za maglu Duga i kratka svetla Prednosti: \u2022 LL = Longlife &#8211; vi\u0161i pritisak plina u staklenom telu- punjena sa 20% ksenon \/ 80% kripton plinom- isijavaju\u0107a spirala od visokokvalitetnog volframa\u2022 PREMIUM Line Prozvodi iz PREMIUM LINE krasi pre svega OEM kvalitet. Prednost pre svega je pove\u0107ani pritisak plina, smesa plina [&hellip;]","og_url":"https:\/\/princalati.rs\/index.php\/product\/halogena-sijalica-h1-12v\/","og_site_name":"Princ Alati","article_modified_time":"2025-04-03T08:54:36+00:00","og_image":[{"width":300,"height":300,"url":"https:\/\/princalati.rs\/wp-content\/uploads\/2025\/04\/20032TIF-100.webp","type":"image\/webp"}],"twitter_card":"summary_large_image","twitter_misc":{"Est. reading time":"1 minute"},"schema":{"@context":"https:\/\/schema.org","@graph":[{"@type":"WebPage","@id":"https:\/\/princalati.rs\/index.php\/product\/halogena-sijalica-h1-12v\/","url":"https:\/\/princalati.rs\/index.php\/product\/halogena-sijalica-h1-12v\/","name":"Halogena sijalica H1 12V | Princ Alati","isPartOf":{"@id":"https:\/\/princalati.rs\/#website"},"primaryImageOfPage":{"@id":"https:\/\/princalati.rs\/index.php\/product\/halogena-sijalica-h1-12v\/#primaryimage"},"image":{"@id":"https:\/\/princalati.rs\/index.php\/product\/halogena-sijalica-h1-12v\/#primaryimage"},"thumbnailUrl":"https:\/\/princalati.rs\/wp-content\/uploads\/2025\/04\/20032TIF-100.webp","datePublished":"2025-04-03T08:54:34+00:00","dateModified":"2025-04-03T08:54:36+00:00","breadcrumb":{"@id":"https:\/\/princalati.rs\/index.php\/product\/halogena-sijalica-h1-12v\/#breadcrumb"},"inLanguage":"en-US","potentialAction":[{"@type":"ReadAction","target":["https:\/\/princalati.rs\/index.php\/product\/halogena-sijalica-h1-12v\/"]}]},{"@type":"ImageObject","inLanguage":"en-US","@id":"https:\/\/princalati.rs\/index.php\/product\/halogena-sijalica-h1-12v\/#primaryimage","url":"https:\/\/princalati.rs\/wp-content\/uploads\/2025\/04\/20032TIF-100.webp","contentUrl":"https:\/\/princalati.rs\/wp-content\/uploads\/2025\/04\/20032TIF-100.webp","width":300,"height":300},{"@type":"BreadcrumbList","@id":"https:\/\/princalati.rs\/index.php\/product\/halogena-sijalica-h1-12v\/#breadcrumb","itemListElement":[{"@type":"ListItem","position":1,"name":"Home","item":"https:\/\/princalati.rs\/"},{"@type":"ListItem","position":2,"name":"Shop","item":"https:\/\/princalati.rs\/index.php\/shop\/"},{"@type":"ListItem","position":3,"name":"Halogena sijalica H1 12V"}]},{"@type":"WebSite","@id":"https:\/\/princalati.rs\/#website","url":"https:\/\/princalati.rs\/","name":"Princ Alati","description":"","publisher":{"@id":"https:\/\/princalati.rs\/#organization"},"potentialAction":[{"@type":"SearchAction","target":{"@type":"EntryPoint","urlTemplate":"https:\/\/princalati.rs\/?s={search_term_string}"},"query-input":{"@type":"PropertyValueSpecification","valueRequired":true,"valueName":"search_term_string"}}],"inLanguage":"en-US"},{"@type":"Organization","@id":"https:\/\/princalati.rs\/#organization","name":"Princ Alati","url":"https:\/\/princalati.rs\/","logo":{"@type":"ImageObject","inLanguage":"en-US","@id":"https:\/\/princalati.rs\/#\/schema\/logo\/image\/","url":"https:\/\/princalati.rs\/wp-content\/uploads\/2024\/12\/logo-1.webp","contentUrl":"https:\/\/princalati.rs\/wp-content\/uploads\/2024\/12\/logo-1.webp","width":500,"height":150,"caption":"Princ Alati"},"image":{"@id":"https:\/\/princalati.rs\/#\/schema\/logo\/image\/"}}]}},"_links":{"self":[{"href":"https:\/\/princalati.rs\/index.php\/wp-json\/wp\/v2\/product\/4681","targetHints":{"allow":["GET"]}}],"collection":[{"href":"https:\/\/princalati.rs\/index.php\/wp-json\/wp\/v2\/product"}],"about":[{"href":"https:\/\/princalati.rs\/index.php\/wp-json\/wp\/v2\/types\/product"}],"replies":[{"embeddable":true,"href":"https:\/\/princalati.rs\/index.php\/wp-json\/wp\/v2\/comments?post=4681"}],"wp:featuredmedia":[{"embeddable":true,"href":"https:\/\/princalati.rs\/index.php\/wp-json\/wp\/v2\/media\/4683"}],"wp:attachment":[{"href":"https:\/\/princalati.rs\/index.php\/wp-json\/wp\/v2\/media?parent=4681"}],"wp:term":[{"taxonomy":"product_brand","embeddable":true,"href":"https:\/\/princalati.rs\/index.php\/wp-json\/wp\/v2\/product_brand?post=4681"},{"taxonomy":"product_cat","embeddable":true,"href":"https:\/\/princalati.rs\/index.php\/wp-json\/wp\/v2\/product_cat?post=4681"},{"taxonomy":"product_tag","embeddable":true,"href":"https:\/\/princalati.rs\/index.php\/wp-json\/wp\/v2\/product_tag?post=4681"}],"curies":[{"name":"wp","href":"https:\/\/api.w.org\/{rel}","templated":true}]}}