{"id":3933,"date":"2025-03-12T11:45:24","date_gmt":"2025-03-12T11:45:24","guid":{"rendered":"https:\/\/princalati.rs\/?post_type=product&#038;p=3933"},"modified":"2025-03-12T11:45:27","modified_gmt":"2025-03-12T11:45:27","slug":"krivo-okasti-kljuc-2","status":"publish","type":"product","link":"https:\/\/princalati.rs\/index.php\/product\/krivo-okasti-kljuc-2\/","title":{"rendered":"Krivo okasti klju\u010d"},"content":{"rendered":"<h3 id=\"tw-target-rmn\" class=\"tw-data-text tw-text-small tw-ta\" dir=\"ltr\"><span class=\"Y2IQFc\">Detalji <\/span><\/h3>\n<h4 class=\"tw-data-text tw-text-small tw-ta\" dir=\"ltr\"><span class=\"Y2IQFc\">Prednosti proizvoda: <\/span><\/h4>\n<ul>\n<li class=\"tw-data-text tw-text-small tw-ta\" dir=\"ltr\"><span class=\"Y2IQFc\">Prema DIN 3113, okasti klju\u010d savijen za 15\u00b0, dobro prianjanje, visoka \u010dvrstoc\u0301a <\/span><\/li>\n<li><span class=\"Y2IQFc\">Neklizajuc\u0301a povr\u0161ina<\/span><\/li>\n<li class=\"tw-data-text tw-text-small tw-ta\" dir=\"ltr\"><span class=\"Y2IQFc\">Bolje dr\u017eanje masnim ili masnim rukama<\/span><\/li>\n<li class=\"tw-data-text tw-text-small tw-ta\" dir=\"ltr\"><span class=\"Y2IQFc\">Glava prstena sa dvanaest ta\u010daka, postavljena pod uglom od 15\u00b0 <\/span><\/li>\n<li class=\"tw-data-text tw-text-small tw-ta\" dir=\"ltr\"><span class=\"Y2IQFc\">Mat hromiran, saten\u00a0<\/span><\/li>\n<li class=\"tw-data-text tw-text-small tw-ta\" dir=\"ltr\"><span class=\"Y2IQFc\">Protiv odsjaja i odsjaja prema DIN 3113<\/span><\/li>\n<\/ul>\n","protected":false},"excerpt":{"rendered":"<p>Detalji Prednosti proizvoda: Prema DIN 3113, okasti klju\u010d savijen za 15\u00b0, dobro prianjanje, visoka \u010dvrstoc\u0301a Neklizajuc\u0301a povr\u0161ina Bolje dr\u017eanje masnim ili masnim rukama Glava prstena sa dvanaest ta\u010daka, postavljena pod uglom od 15\u00b0 Mat hromiran, saten\u00a0 Protiv odsjaja i odsjaja prema DIN 3113<\/p>\n","protected":false},"featured_media":3935,"comment_status":"open","ping_status":"closed","template":"","meta":{"_acf_changed":false},"product_brand":[],"product_cat":[92,44,375],"product_tag":[],"class_list":{"0":"post-3933","1":"product","2":"type-product","3":"status-publish","4":"has-post-thumbnail","6":"product_cat-rucni-alat","7":"product_cat-alati","8":"product_cat-kljucevi-za-vijke-nasadni-kljucevi-i-cegrtaljke","9":"member-discount","10":"discount-restricted","12":"first","13":"instock","14":"taxable","15":"shipping-taxable","16":"purchasable","17":"product-type-variable","18":"add-to-wishlist-after_add_to_cart"},"bundled_by":["3965","3965","3965","3965","3965","3965","3965","3965","3965","3965","3965","3965","3965","3965","3965","3965","3965","3965"],"bundle_stock_status":"instock","bundle_stock_quantity":1,"bundle_virtual":false,"bundle_layout":"","bundle_add_to_cart_form_location":"","bundle_editable_in_cart":false,"bundle_sold_individually_context":"","bundle_item_grouping":"","bundle_min_size":"","bundle_max_size":"","bundle_price":[],"bundled_items":[],"bundle_sell_ids":[],"acf":[],"yoast_head":"<!-- This site is optimized with the Yoast SEO plugin v26.5 - https:\/\/yoast.com\/wordpress\/plugins\/seo\/ -->\n<title>Krivo okasti klju\u010d | Princ Alati<\/title>\n<meta name=\"robots\" content=\"noindex, follow, max-snippet:-1, max-image-preview:large, max-video-preview:-1\" \/>\n<meta property=\"og:locale\" content=\"en_US\" \/>\n<meta property=\"og:type\" content=\"article\" \/>\n<meta property=\"og:title\" content=\"Krivo okasti klju\u010d | Princ Alati\" \/>\n<meta property=\"og:description\" content=\"Detalji Prednosti proizvoda: Prema DIN 3113, okasti klju\u010d savijen za 15\u00b0, dobro prianjanje, visoka \u010dvrstoc\u0301a Neklizajuc\u0301a povr\u0161ina Bolje dr\u017eanje masnim ili masnim rukama Glava prstena sa dvanaest ta\u010daka, postavljena pod uglom od 15\u00b0 Mat hromiran, saten\u00a0 Protiv odsjaja i odsjaja prema DIN 3113\" \/>\n<meta property=\"og:url\" content=\"https:\/\/princalati.rs\/index.php\/product\/krivo-okasti-kljuc-2\/\" \/>\n<meta property=\"og:site_name\" content=\"Princ Alati\" \/>\n<meta property=\"article:modified_time\" content=\"2025-03-12T11:45:27+00:00\" \/>\n<meta property=\"og:image\" content=\"https:\/\/princalati.rs\/wp-content\/uploads\/2025\/03\/9245TIF-99.webp\" \/>\n\t<meta property=\"og:image:width\" content=\"300\" \/>\n\t<meta property=\"og:image:height\" content=\"300\" \/>\n\t<meta property=\"og:image:type\" content=\"image\/webp\" \/>\n<meta name=\"twitter:card\" content=\"summary_large_image\" \/>\n<meta name=\"twitter:label1\" content=\"Est. reading time\" \/>\n\t<meta name=\"twitter:data1\" content=\"1 minute\" \/>\n<script type=\"application\/ld+json\" class=\"yoast-schema-graph\">{\"@context\":\"https:\/\/schema.org\",\"@graph\":[{\"@type\":\"WebPage\",\"@id\":\"https:\/\/princalati.rs\/index.php\/product\/krivo-okasti-kljuc-2\/\",\"url\":\"https:\/\/princalati.rs\/index.php\/product\/krivo-okasti-kljuc-2\/\",\"name\":\"Krivo okasti klju\u010d | Princ Alati\",\"isPartOf\":{\"@id\":\"https:\/\/princalati.rs\/#website\"},\"primaryImageOfPage\":{\"@id\":\"https:\/\/princalati.rs\/index.php\/product\/krivo-okasti-kljuc-2\/#primaryimage\"},\"image\":{\"@id\":\"https:\/\/princalati.rs\/index.php\/product\/krivo-okasti-kljuc-2\/#primaryimage\"},\"thumbnailUrl\":\"https:\/\/princalati.rs\/wp-content\/uploads\/2025\/03\/9245TIF-99.webp\",\"datePublished\":\"2025-03-12T11:45:24+00:00\",\"dateModified\":\"2025-03-12T11:45:27+00:00\",\"breadcrumb\":{\"@id\":\"https:\/\/princalati.rs\/index.php\/product\/krivo-okasti-kljuc-2\/#breadcrumb\"},\"inLanguage\":\"en-US\",\"potentialAction\":[{\"@type\":\"ReadAction\",\"target\":[\"https:\/\/princalati.rs\/index.php\/product\/krivo-okasti-kljuc-2\/\"]}]},{\"@type\":\"ImageObject\",\"inLanguage\":\"en-US\",\"@id\":\"https:\/\/princalati.rs\/index.php\/product\/krivo-okasti-kljuc-2\/#primaryimage\",\"url\":\"https:\/\/princalati.rs\/wp-content\/uploads\/2025\/03\/9245TIF-99.webp\",\"contentUrl\":\"https:\/\/princalati.rs\/wp-content\/uploads\/2025\/03\/9245TIF-99.webp\",\"width\":300,\"height\":300},{\"@type\":\"BreadcrumbList\",\"@id\":\"https:\/\/princalati.rs\/index.php\/product\/krivo-okasti-kljuc-2\/#breadcrumb\",\"itemListElement\":[{\"@type\":\"ListItem\",\"position\":1,\"name\":\"Home\",\"item\":\"https:\/\/princalati.rs\/\"},{\"@type\":\"ListItem\",\"position\":2,\"name\":\"Shop\",\"item\":\"https:\/\/princalati.rs\/index.php\/shop\/\"},{\"@type\":\"ListItem\",\"position\":3,\"name\":\"Krivo okasti klju\u010d\"}]},{\"@type\":\"WebSite\",\"@id\":\"https:\/\/princalati.rs\/#website\",\"url\":\"https:\/\/princalati.rs\/\",\"name\":\"Princ Alati\",\"description\":\"\",\"publisher\":{\"@id\":\"https:\/\/princalati.rs\/#organization\"},\"potentialAction\":[{\"@type\":\"SearchAction\",\"target\":{\"@type\":\"EntryPoint\",\"urlTemplate\":\"https:\/\/princalati.rs\/?s={search_term_string}\"},\"query-input\":{\"@type\":\"PropertyValueSpecification\",\"valueRequired\":true,\"valueName\":\"search_term_string\"}}],\"inLanguage\":\"en-US\"},{\"@type\":\"Organization\",\"@id\":\"https:\/\/princalati.rs\/#organization\",\"name\":\"Princ Alati\",\"url\":\"https:\/\/princalati.rs\/\",\"logo\":{\"@type\":\"ImageObject\",\"inLanguage\":\"en-US\",\"@id\":\"https:\/\/princalati.rs\/#\/schema\/logo\/image\/\",\"url\":\"https:\/\/princalati.rs\/wp-content\/uploads\/2024\/12\/logo-1.webp\",\"contentUrl\":\"https:\/\/princalati.rs\/wp-content\/uploads\/2024\/12\/logo-1.webp\",\"width\":500,\"height\":150,\"caption\":\"Princ Alati\"},\"image\":{\"@id\":\"https:\/\/princalati.rs\/#\/schema\/logo\/image\/\"}}]}<\/script>\n<!-- \/ Yoast SEO plugin. -->","yoast_head_json":{"title":"Krivo okasti klju\u010d | Princ Alati","robots":{"index":"noindex","follow":"follow","max-snippet":"max-snippet:-1","max-image-preview":"max-image-preview:large","max-video-preview":"max-video-preview:-1"},"og_locale":"en_US","og_type":"article","og_title":"Krivo okasti klju\u010d | Princ Alati","og_description":"Detalji Prednosti proizvoda: Prema DIN 3113, okasti klju\u010d savijen za 15\u00b0, dobro prianjanje, visoka \u010dvrstoc\u0301a Neklizajuc\u0301a povr\u0161ina Bolje dr\u017eanje masnim ili masnim rukama Glava prstena sa dvanaest ta\u010daka, postavljena pod uglom od 15\u00b0 Mat hromiran, saten\u00a0 Protiv odsjaja i odsjaja prema DIN 3113","og_url":"https:\/\/princalati.rs\/index.php\/product\/krivo-okasti-kljuc-2\/","og_site_name":"Princ Alati","article_modified_time":"2025-03-12T11:45:27+00:00","og_image":[{"width":300,"height":300,"url":"https:\/\/princalati.rs\/wp-content\/uploads\/2025\/03\/9245TIF-99.webp","type":"image\/webp"}],"twitter_card":"summary_large_image","twitter_misc":{"Est. reading time":"1 minute"},"schema":{"@context":"https:\/\/schema.org","@graph":[{"@type":"WebPage","@id":"https:\/\/princalati.rs\/index.php\/product\/krivo-okasti-kljuc-2\/","url":"https:\/\/princalati.rs\/index.php\/product\/krivo-okasti-kljuc-2\/","name":"Krivo okasti klju\u010d | Princ Alati","isPartOf":{"@id":"https:\/\/princalati.rs\/#website"},"primaryImageOfPage":{"@id":"https:\/\/princalati.rs\/index.php\/product\/krivo-okasti-kljuc-2\/#primaryimage"},"image":{"@id":"https:\/\/princalati.rs\/index.php\/product\/krivo-okasti-kljuc-2\/#primaryimage"},"thumbnailUrl":"https:\/\/princalati.rs\/wp-content\/uploads\/2025\/03\/9245TIF-99.webp","datePublished":"2025-03-12T11:45:24+00:00","dateModified":"2025-03-12T11:45:27+00:00","breadcrumb":{"@id":"https:\/\/princalati.rs\/index.php\/product\/krivo-okasti-kljuc-2\/#breadcrumb"},"inLanguage":"en-US","potentialAction":[{"@type":"ReadAction","target":["https:\/\/princalati.rs\/index.php\/product\/krivo-okasti-kljuc-2\/"]}]},{"@type":"ImageObject","inLanguage":"en-US","@id":"https:\/\/princalati.rs\/index.php\/product\/krivo-okasti-kljuc-2\/#primaryimage","url":"https:\/\/princalati.rs\/wp-content\/uploads\/2025\/03\/9245TIF-99.webp","contentUrl":"https:\/\/princalati.rs\/wp-content\/uploads\/2025\/03\/9245TIF-99.webp","width":300,"height":300},{"@type":"BreadcrumbList","@id":"https:\/\/princalati.rs\/index.php\/product\/krivo-okasti-kljuc-2\/#breadcrumb","itemListElement":[{"@type":"ListItem","position":1,"name":"Home","item":"https:\/\/princalati.rs\/"},{"@type":"ListItem","position":2,"name":"Shop","item":"https:\/\/princalati.rs\/index.php\/shop\/"},{"@type":"ListItem","position":3,"name":"Krivo okasti klju\u010d"}]},{"@type":"WebSite","@id":"https:\/\/princalati.rs\/#website","url":"https:\/\/princalati.rs\/","name":"Princ Alati","description":"","publisher":{"@id":"https:\/\/princalati.rs\/#organization"},"potentialAction":[{"@type":"SearchAction","target":{"@type":"EntryPoint","urlTemplate":"https:\/\/princalati.rs\/?s={search_term_string}"},"query-input":{"@type":"PropertyValueSpecification","valueRequired":true,"valueName":"search_term_string"}}],"inLanguage":"en-US"},{"@type":"Organization","@id":"https:\/\/princalati.rs\/#organization","name":"Princ Alati","url":"https:\/\/princalati.rs\/","logo":{"@type":"ImageObject","inLanguage":"en-US","@id":"https:\/\/princalati.rs\/#\/schema\/logo\/image\/","url":"https:\/\/princalati.rs\/wp-content\/uploads\/2024\/12\/logo-1.webp","contentUrl":"https:\/\/princalati.rs\/wp-content\/uploads\/2024\/12\/logo-1.webp","width":500,"height":150,"caption":"Princ Alati"},"image":{"@id":"https:\/\/princalati.rs\/#\/schema\/logo\/image\/"}}]}},"_links":{"self":[{"href":"https:\/\/princalati.rs\/index.php\/wp-json\/wp\/v2\/product\/3933","targetHints":{"allow":["GET"]}}],"collection":[{"href":"https:\/\/princalati.rs\/index.php\/wp-json\/wp\/v2\/product"}],"about":[{"href":"https:\/\/princalati.rs\/index.php\/wp-json\/wp\/v2\/types\/product"}],"replies":[{"embeddable":true,"href":"https:\/\/princalati.rs\/index.php\/wp-json\/wp\/v2\/comments?post=3933"}],"wp:featuredmedia":[{"embeddable":true,"href":"https:\/\/princalati.rs\/index.php\/wp-json\/wp\/v2\/media\/3935"}],"wp:attachment":[{"href":"https:\/\/princalati.rs\/index.php\/wp-json\/wp\/v2\/media?parent=3933"}],"wp:term":[{"taxonomy":"product_brand","embeddable":true,"href":"https:\/\/princalati.rs\/index.php\/wp-json\/wp\/v2\/product_brand?post=3933"},{"taxonomy":"product_cat","embeddable":true,"href":"https:\/\/princalati.rs\/index.php\/wp-json\/wp\/v2\/product_cat?post=3933"},{"taxonomy":"product_tag","embeddable":true,"href":"https:\/\/princalati.rs\/index.php\/wp-json\/wp\/v2\/product_tag?post=3933"}],"curies":[{"name":"wp","href":"https:\/\/api.w.org\/{rel}","templated":true}]}}