{"id":3653,"date":"2025-03-04T13:21:29","date_gmt":"2025-03-04T13:21:29","guid":{"rendered":"https:\/\/princalati.rs\/?post_type=product&#038;p=3653"},"modified":"2025-03-06T15:52:15","modified_gmt":"2025-03-06T15:52:15","slug":"kolica-za-alat","status":"publish","type":"product","link":"https:\/\/princalati.rs\/index.php\/product\/kolica-za-alat\/","title":{"rendered":"Kolica za alat"},"content":{"rendered":"<div class=\"pdp-details-container-content\">\n<h3 class=\"pdp-details-container-content-headline\">Detalji<\/h3>\n<\/div>\n<div class=\"pdp-details-container-content\">\n<div class=\"pdp-details-container-content-left\">\n<div>\n<div class=\"headline\">\n<h4>Podru\u010dja primjene:<\/h4>\n<\/div>\n<p class=\"description\">Radna stanica za sva podru\u010dja (radionica, industrija, fiksni rad&#8230;)<\/p>\n<\/div>\n<div>\n<div class=\"headline\">\n<h4>Prednosti:<\/h4>\n<\/div>\n<ul class=\"list\">\n<li class=\"description\">Vrhunska verzija\n<ul>\n<li>Ergonomska gumena ru\u010dka na koju se mogu postaviti obe ruke i prostor za 7 odvija\u010da<\/li>\n<li>Smanjeni napor pri guranju i povla\u010denju<\/li>\n<li>ABS gornji poklopac s prostorom za odlaganje malih delova i velikom radnom plo\u010dom<\/li>\n<\/ul>\n<\/li>\n<li class=\"description\">Organizacija fioka<\/li>\n<li class=\"description\">\u00a06 fioka interne veli\u010dine 565 x 338 x 57 mm, 1 velika fioka 565 x 338 x 135 mm visine\n<ul>\n<li>Spre\u010dava nenamerno otvaranje fioka kada su u zatvorenom polo\u017eaju<\/li>\n<li>Svaka se fioka zasebno zaklju\u010dava<\/li>\n<li>Ne\u0107e izlaziti van prilikom pomicanja kolica<\/li>\n<\/ul>\n<\/li>\n<li class=\"description\">Vodilice fioka na kugli\u010dnim le\u017eajevima\n<ul>\n<li>Glatko klizanje \u010dak i kada su ladice pune<\/li>\n<\/ul>\n<\/li>\n<li class=\"description\">Optimizirana pohrana alata\n<ul>\n<li>\u010celi\u010dno telo<\/li>\n<li>Maksimalno stati\u010dko optere\u0107enje 500 kg<\/li>\n<li>Dinami\u010dko tokom pomicanja 300 kg<\/li>\n<li>7 fioka koje se otvaraju do 100 %<\/li>\n<li>Maksimalno optere\u0107enje svake fioke je 25 kg<\/li>\n<li>Za postavljanje razne dodatne opreme<\/li>\n<\/ul>\n<\/li>\n<li class=\"description\">Prakti\u010dna za kotrljanje\n<ul>\n<li>2 upravlja\u010dka to\u010dki\u0107a koji se mogu blokirati Sigurno postolje<\/li>\n<li>Stabilna cevasta ru\u010dka za guranje i nabrana gumena povr\u0161ina<\/li>\n<li>Svi su to\u010dkovi postavljeni spremni za upotrebu<\/li>\n<\/ul>\n<\/li>\n<li class=\"description\">10 pregradnih listova za postavljanje pregrada u fiokama<\/li>\n<\/ul>\n<\/div>\n<\/div>\n<\/div>\n","protected":false},"excerpt":{"rendered":"<ul>\n<li><span class=\"product-description-list-inner\">100 % produ\u017eenje fioke<\/span><\/li>\n<li><span class=\"product-description-list-inner\">Udubljene perforirane plo\u010de na bo\u010dnim stranama i zadnjoj strani za pri\u010dvr\u0161\u0107ivanje brojnih dodataka<\/span><\/li>\n<li><span class=\"product-description-list-inner\">Centralno zaklju\u010davanje osigurava sve fioke<\/span><\/li>\n<\/ul>\n","protected":false},"featured_media":3665,"comment_status":"open","ping_status":"closed","template":"","meta":{"_acf_changed":false},"product_brand":[],"product_cat":[410,98,45],"product_tag":[],"class_list":{"0":"post-3653","1":"product","2":"type-product","3":"status-publish","4":"has-post-thumbnail","6":"product_cat-radionicka-kolica","7":"product_cat-mobilni-namestaj-za-radionice","8":"product_cat-oprema-za-radionice","9":"member-discount","10":"discount-restricted","12":"first","13":"instock","14":"taxable","15":"shipping-taxable","16":"purchasable","17":"product-type-variable","18":"add-to-wishlist-after_add_to_cart"},"bundled_by":[],"bundle_stock_status":"instock","bundle_stock_quantity":1,"bundle_virtual":false,"bundle_layout":"","bundle_add_to_cart_form_location":"","bundle_editable_in_cart":false,"bundle_sold_individually_context":"","bundle_item_grouping":"","bundle_min_size":"","bundle_max_size":"","bundle_price":[],"bundled_items":[],"bundle_sell_ids":[],"acf":[],"yoast_head":"<!-- This site is optimized with the Yoast SEO plugin v26.5 - https:\/\/yoast.com\/wordpress\/plugins\/seo\/ -->\n<title>Kolica za alat | Princ Alati<\/title>\n<meta name=\"robots\" content=\"noindex, follow, max-snippet:-1, max-image-preview:large, max-video-preview:-1\" \/>\n<meta property=\"og:locale\" content=\"en_US\" \/>\n<meta property=\"og:type\" content=\"article\" \/>\n<meta property=\"og:title\" content=\"Kolica za alat | Princ Alati\" \/>\n<meta property=\"og:description\" content=\"100 % produ\u017eenje fioke  Udubljene perforirane plo\u010de na bo\u010dnim stranama i zadnjoj strani za pri\u010dvr\u0161\u0107ivanje brojnih dodataka  Centralno zaklju\u010davanje osigurava sve fioke\" \/>\n<meta property=\"og:url\" content=\"https:\/\/princalati.rs\/index.php\/product\/kolica-za-alat\/\" \/>\n<meta property=\"og:site_name\" content=\"Princ Alati\" \/>\n<meta property=\"article:modified_time\" content=\"2025-03-06T15:52:15+00:00\" \/>\n<meta property=\"og:image\" content=\"https:\/\/princalati.rs\/wp-content\/uploads\/2025\/03\/11601667-100.webp\" \/>\n\t<meta property=\"og:image:width\" content=\"300\" \/>\n\t<meta property=\"og:image:height\" content=\"300\" \/>\n\t<meta property=\"og:image:type\" content=\"image\/webp\" \/>\n<meta name=\"twitter:card\" content=\"summary_large_image\" \/>\n<meta name=\"twitter:label1\" content=\"Est. reading time\" \/>\n\t<meta name=\"twitter:data1\" content=\"1 minute\" \/>\n<script type=\"application\/ld+json\" class=\"yoast-schema-graph\">{\"@context\":\"https:\/\/schema.org\",\"@graph\":[{\"@type\":\"WebPage\",\"@id\":\"https:\/\/princalati.rs\/index.php\/product\/kolica-za-alat\/\",\"url\":\"https:\/\/princalati.rs\/index.php\/product\/kolica-za-alat\/\",\"name\":\"Kolica za alat | Princ Alati\",\"isPartOf\":{\"@id\":\"https:\/\/princalati.rs\/#website\"},\"primaryImageOfPage\":{\"@id\":\"https:\/\/princalati.rs\/index.php\/product\/kolica-za-alat\/#primaryimage\"},\"image\":{\"@id\":\"https:\/\/princalati.rs\/index.php\/product\/kolica-za-alat\/#primaryimage\"},\"thumbnailUrl\":\"https:\/\/princalati.rs\/wp-content\/uploads\/2025\/03\/11601667-100.webp\",\"datePublished\":\"2025-03-04T13:21:29+00:00\",\"dateModified\":\"2025-03-06T15:52:15+00:00\",\"breadcrumb\":{\"@id\":\"https:\/\/princalati.rs\/index.php\/product\/kolica-za-alat\/#breadcrumb\"},\"inLanguage\":\"en-US\",\"potentialAction\":[{\"@type\":\"ReadAction\",\"target\":[\"https:\/\/princalati.rs\/index.php\/product\/kolica-za-alat\/\"]}]},{\"@type\":\"ImageObject\",\"inLanguage\":\"en-US\",\"@id\":\"https:\/\/princalati.rs\/index.php\/product\/kolica-za-alat\/#primaryimage\",\"url\":\"https:\/\/princalati.rs\/wp-content\/uploads\/2025\/03\/11601667-100.webp\",\"contentUrl\":\"https:\/\/princalati.rs\/wp-content\/uploads\/2025\/03\/11601667-100.webp\",\"width\":300,\"height\":300},{\"@type\":\"BreadcrumbList\",\"@id\":\"https:\/\/princalati.rs\/index.php\/product\/kolica-za-alat\/#breadcrumb\",\"itemListElement\":[{\"@type\":\"ListItem\",\"position\":1,\"name\":\"Home\",\"item\":\"https:\/\/princalati.rs\/\"},{\"@type\":\"ListItem\",\"position\":2,\"name\":\"Shop\",\"item\":\"https:\/\/princalati.rs\/index.php\/shop\/\"},{\"@type\":\"ListItem\",\"position\":3,\"name\":\"Kolica za alat\"}]},{\"@type\":\"WebSite\",\"@id\":\"https:\/\/princalati.rs\/#website\",\"url\":\"https:\/\/princalati.rs\/\",\"name\":\"Princ Alati\",\"description\":\"\",\"publisher\":{\"@id\":\"https:\/\/princalati.rs\/#organization\"},\"potentialAction\":[{\"@type\":\"SearchAction\",\"target\":{\"@type\":\"EntryPoint\",\"urlTemplate\":\"https:\/\/princalati.rs\/?s={search_term_string}\"},\"query-input\":{\"@type\":\"PropertyValueSpecification\",\"valueRequired\":true,\"valueName\":\"search_term_string\"}}],\"inLanguage\":\"en-US\"},{\"@type\":\"Organization\",\"@id\":\"https:\/\/princalati.rs\/#organization\",\"name\":\"Princ Alati\",\"url\":\"https:\/\/princalati.rs\/\",\"logo\":{\"@type\":\"ImageObject\",\"inLanguage\":\"en-US\",\"@id\":\"https:\/\/princalati.rs\/#\/schema\/logo\/image\/\",\"url\":\"https:\/\/princalati.rs\/wp-content\/uploads\/2024\/12\/logo-1.webp\",\"contentUrl\":\"https:\/\/princalati.rs\/wp-content\/uploads\/2024\/12\/logo-1.webp\",\"width\":500,\"height\":150,\"caption\":\"Princ Alati\"},\"image\":{\"@id\":\"https:\/\/princalati.rs\/#\/schema\/logo\/image\/\"}}]}<\/script>\n<!-- \/ Yoast SEO plugin. -->","yoast_head_json":{"title":"Kolica za alat | Princ Alati","robots":{"index":"noindex","follow":"follow","max-snippet":"max-snippet:-1","max-image-preview":"max-image-preview:large","max-video-preview":"max-video-preview:-1"},"og_locale":"en_US","og_type":"article","og_title":"Kolica za alat | Princ Alati","og_description":"100 % produ\u017eenje fioke  Udubljene perforirane plo\u010de na bo\u010dnim stranama i zadnjoj strani za pri\u010dvr\u0161\u0107ivanje brojnih dodataka  Centralno zaklju\u010davanje osigurava sve fioke","og_url":"https:\/\/princalati.rs\/index.php\/product\/kolica-za-alat\/","og_site_name":"Princ Alati","article_modified_time":"2025-03-06T15:52:15+00:00","og_image":[{"width":300,"height":300,"url":"https:\/\/princalati.rs\/wp-content\/uploads\/2025\/03\/11601667-100.webp","type":"image\/webp"}],"twitter_card":"summary_large_image","twitter_misc":{"Est. reading time":"1 minute"},"schema":{"@context":"https:\/\/schema.org","@graph":[{"@type":"WebPage","@id":"https:\/\/princalati.rs\/index.php\/product\/kolica-za-alat\/","url":"https:\/\/princalati.rs\/index.php\/product\/kolica-za-alat\/","name":"Kolica za alat | Princ Alati","isPartOf":{"@id":"https:\/\/princalati.rs\/#website"},"primaryImageOfPage":{"@id":"https:\/\/princalati.rs\/index.php\/product\/kolica-za-alat\/#primaryimage"},"image":{"@id":"https:\/\/princalati.rs\/index.php\/product\/kolica-za-alat\/#primaryimage"},"thumbnailUrl":"https:\/\/princalati.rs\/wp-content\/uploads\/2025\/03\/11601667-100.webp","datePublished":"2025-03-04T13:21:29+00:00","dateModified":"2025-03-06T15:52:15+00:00","breadcrumb":{"@id":"https:\/\/princalati.rs\/index.php\/product\/kolica-za-alat\/#breadcrumb"},"inLanguage":"en-US","potentialAction":[{"@type":"ReadAction","target":["https:\/\/princalati.rs\/index.php\/product\/kolica-za-alat\/"]}]},{"@type":"ImageObject","inLanguage":"en-US","@id":"https:\/\/princalati.rs\/index.php\/product\/kolica-za-alat\/#primaryimage","url":"https:\/\/princalati.rs\/wp-content\/uploads\/2025\/03\/11601667-100.webp","contentUrl":"https:\/\/princalati.rs\/wp-content\/uploads\/2025\/03\/11601667-100.webp","width":300,"height":300},{"@type":"BreadcrumbList","@id":"https:\/\/princalati.rs\/index.php\/product\/kolica-za-alat\/#breadcrumb","itemListElement":[{"@type":"ListItem","position":1,"name":"Home","item":"https:\/\/princalati.rs\/"},{"@type":"ListItem","position":2,"name":"Shop","item":"https:\/\/princalati.rs\/index.php\/shop\/"},{"@type":"ListItem","position":3,"name":"Kolica za alat"}]},{"@type":"WebSite","@id":"https:\/\/princalati.rs\/#website","url":"https:\/\/princalati.rs\/","name":"Princ Alati","description":"","publisher":{"@id":"https:\/\/princalati.rs\/#organization"},"potentialAction":[{"@type":"SearchAction","target":{"@type":"EntryPoint","urlTemplate":"https:\/\/princalati.rs\/?s={search_term_string}"},"query-input":{"@type":"PropertyValueSpecification","valueRequired":true,"valueName":"search_term_string"}}],"inLanguage":"en-US"},{"@type":"Organization","@id":"https:\/\/princalati.rs\/#organization","name":"Princ Alati","url":"https:\/\/princalati.rs\/","logo":{"@type":"ImageObject","inLanguage":"en-US","@id":"https:\/\/princalati.rs\/#\/schema\/logo\/image\/","url":"https:\/\/princalati.rs\/wp-content\/uploads\/2024\/12\/logo-1.webp","contentUrl":"https:\/\/princalati.rs\/wp-content\/uploads\/2024\/12\/logo-1.webp","width":500,"height":150,"caption":"Princ Alati"},"image":{"@id":"https:\/\/princalati.rs\/#\/schema\/logo\/image\/"}}]}},"_links":{"self":[{"href":"https:\/\/princalati.rs\/index.php\/wp-json\/wp\/v2\/product\/3653","targetHints":{"allow":["GET"]}}],"collection":[{"href":"https:\/\/princalati.rs\/index.php\/wp-json\/wp\/v2\/product"}],"about":[{"href":"https:\/\/princalati.rs\/index.php\/wp-json\/wp\/v2\/types\/product"}],"replies":[{"embeddable":true,"href":"https:\/\/princalati.rs\/index.php\/wp-json\/wp\/v2\/comments?post=3653"}],"wp:featuredmedia":[{"embeddable":true,"href":"https:\/\/princalati.rs\/index.php\/wp-json\/wp\/v2\/media\/3665"}],"wp:attachment":[{"href":"https:\/\/princalati.rs\/index.php\/wp-json\/wp\/v2\/media?parent=3653"}],"wp:term":[{"taxonomy":"product_brand","embeddable":true,"href":"https:\/\/princalati.rs\/index.php\/wp-json\/wp\/v2\/product_brand?post=3653"},{"taxonomy":"product_cat","embeddable":true,"href":"https:\/\/princalati.rs\/index.php\/wp-json\/wp\/v2\/product_cat?post=3653"},{"taxonomy":"product_tag","embeddable":true,"href":"https:\/\/princalati.rs\/index.php\/wp-json\/wp\/v2\/product_tag?post=3653"}],"curies":[{"name":"wp","href":"https:\/\/api.w.org\/{rel}","templated":true}]}}