{"id":3566,"date":"2025-02-28T12:33:40","date_gmt":"2025-02-28T12:33:40","guid":{"rendered":"https:\/\/princalati.rs\/?post_type=product&#038;p=3566"},"modified":"2025-02-28T12:35:01","modified_gmt":"2025-02-28T12:35:01","slug":"set-cekica-izbijaca-sekac-8-kom","status":"publish","type":"product","link":"https:\/\/princalati.rs\/index.php\/product\/set-cekica-izbijaca-sekac-8-kom\/","title":{"rendered":"Set \u010deki\u0107a, izbija\u010da, seka\u010d"},"content":{"rendered":"<h3 id=\"tw-target-rmn\" class=\"tw-data-text tw-text-small tw-ta\" dir=\"ltr\"><span class=\"Y2IQFc\">Detalji <\/span><\/h3>\n<h4 class=\"tw-data-text tw-text-small tw-ta\" dir=\"ltr\"><span class=\"Y2IQFc\">Prednosti proizvoda: <\/span><\/h4>\n<p class=\"tw-data-text tw-text-small tw-ta\" dir=\"ltr\"><span class=\"Y2IQFc\">Svaki alat je bezbedno uskladi\u0161ten na svom mestu bez klizanja<\/span><\/p>\n<p class=\"tw-data-text tw-text-small tw-ta\" dir=\"ltr\"><span class=\"Y2IQFc\">Alati koji nedostaju se odmah primec\u0301uju zahvaljujuc\u0301i dvoslojnom, crno-plavom sistemu organizacije<\/span><\/p>\n<p class=\"tw-data-text tw-text-small tw-ta\" dir=\"ltr\"><span class=\"Y2IQFc\">Umetak je u velikoj meri otporan na hemikalije (protiv raznih ulja, alkalija i kiselina), otporan na vlagu, dimenziono stabilan i izdr\u017eljiv<\/span><\/p>\n<div class=\"pdp-details-container-content-icons-container-item\"><img decoding=\"async\" class=\"alignleft\" title=\"\" src=\"https:\/\/mediaserver.berner.eu\/External\/XL\/24035[TIF]-100.jpg\" alt=\"ulo\u017eak od tvrde pjene\" width=\"70px\" height=\"70px\" \/><\/div>\n<div class=\"pdp-details-container-content-icons-container-item\"><img decoding=\"async\" class=\"alignleft\" title=\"\" src=\"https:\/\/mediaserver.berner.eu\/External\/XL\/15764[TIF]-100.jpg\" alt=\"ulo\u017eak od tvrde pjene\" width=\"70px\" height=\"70px\" \/><\/div>\n<div class=\"pdp-details-container-content-icons-container-item\"><img decoding=\"async\" title=\"\" src=\"https:\/\/mediaserver.berner.eu\/External\/XL\/25602[TIF]-100.jpg\" alt=\"ulo\u017eak od tvrde pjene\" width=\"70px\" height=\"70px\" \/><\/div>\n","protected":false},"excerpt":{"rendered":"<ul>\n<li><span class=\"product-description-list-inner\">Komplet ulaz osigurava sigurno skladi\u0161tenje alata bez klizanja<\/span><\/li>\n<li><span class=\"product-description-list-inner\">Svi alati su izra\u0111eni od visokokvalitetnih i izdr\u017eljivih materijala<\/span><\/li>\n<li><span class=\"product-description-list-inner\">Ulaz je uglavnom otporan na hemikalije.<\/span><\/li>\n<\/ul>\n","protected":false},"featured_media":3567,"comment_status":"open","ping_status":"closed","template":"","meta":{"_acf_changed":false},"product_brand":[],"product_cat":[92,44,373],"product_tag":[],"class_list":{"0":"post-3566","1":"product","2":"type-product","3":"status-publish","4":"has-post-thumbnail","6":"product_cat-rucni-alat","7":"product_cat-alati","8":"product_cat-setovi-alata","9":"member-discount","10":"discount-restricted","12":"first","13":"instock","14":"virtual","15":"taxable","16":"purchasable","17":"product-type-bundle","18":"add-to-wishlist-after_add_to_cart"},"bundled_by":[],"bundle_stock_status":"instock","bundle_stock_quantity":1,"bundle_virtual":false,"bundle_layout":"default","bundle_add_to_cart_form_location":"default","bundle_editable_in_cart":false,"bundle_sold_individually_context":"product","bundle_item_grouping":"parent","bundle_min_size":"","bundle_max_size":"","bundle_price":{"price":{"min":{"incl_tax":"13700","excl_tax":"11416.666667"},"max":{"incl_tax":"13700","excl_tax":"11416.666667"}},"regular_price":{"min":{"incl_tax":"13700","excl_tax":"11416.666667"},"max":{"incl_tax":"13700","excl_tax":"11416.666667"}}},"bundled_items":[{"bundled_item_id":33,"product_id":3513,"menu_order":0,"quantity_min":1,"quantity_max":1,"quantity_default":1,"priced_individually":false,"shipped_individually":false,"override_title":true,"title":"\u010ceki\u0107 sa plasti\u010dnom glavom 32 mm 310 g","override_description":false,"description":"","optional":false,"hide_thumbnail":false,"discount":"","override_variations":false,"allowed_variations":[],"override_default_variation_attributes":true,"default_variation_attributes":[{"id":47,"name":"(\u010deki\u0107-pl.gl) glava \u00d8","option":"32-mm"},{"id":48,"name":"(\u010deki\u0107-pl.gl) te\u017eina glave","option":"310-g"}],"single_product_visibility":"visible","cart_visibility":"visible","order_visibility":"visible","single_product_price_visibility":"visible","cart_price_visibility":"visible","order_price_visibility":"visible","stock_status":"in_stock"},{"bundled_item_id":34,"product_id":3522,"menu_order":1,"quantity_min":1,"quantity_max":1,"quantity_default":1,"priced_individually":false,"shipped_individually":false,"override_title":true,"title":"Bravarski \u010deki\u0107 500 g","override_description":false,"description":"","optional":false,"hide_thumbnail":false,"discount":"","override_variations":false,"allowed_variations":[],"override_default_variation_attributes":true,"default_variation_attributes":[{"id":54,"name":"(brav. \u010deki\u0107) te\u017eina glave","option":"500-g"},{"id":50,"name":"(brav. \u010deki\u0107) du\u017eina","option":"320-mm"}],"single_product_visibility":"visible","cart_visibility":"visible","order_visibility":"visible","single_product_price_visibility":"visible","cart_price_visibility":"visible","order_price_visibility":"visible","stock_status":"in_stock"},{"bundled_item_id":35,"product_id":3536,"menu_order":2,"quantity_min":1,"quantity_max":1,"quantity_default":1,"priced_individually":false,"shipped_individually":false,"override_title":true,"title":"Izbija\u010d 150x3x10","override_description":false,"description":"","optional":false,"hide_thumbnail":false,"discount":"","override_variations":false,"allowed_variations":[],"override_default_variation_attributes":true,"default_variation_attributes":[{"id":55,"name":"(probija\u010d) ukupna du\u017eina","option":"150-mm"},{"id":56,"name":"(probija\u010d) \u0161iljci-fi","option":"3-mm"},{"id":57,"name":"(probija\u010d) dr\u0161ka-fi","option":"10-mm"}],"single_product_visibility":"visible","cart_visibility":"visible","order_visibility":"visible","single_product_price_visibility":"visible","cart_price_visibility":"visible","order_price_visibility":"visible","stock_status":"in_stock"},{"bundled_item_id":36,"product_id":3536,"menu_order":3,"quantity_min":1,"quantity_max":1,"quantity_default":1,"priced_individually":false,"shipped_individually":false,"override_title":true,"title":"Izbija\u010d 150x4x10","override_description":false,"description":"","optional":false,"hide_thumbnail":false,"discount":"","override_variations":false,"allowed_variations":[],"override_default_variation_attributes":true,"default_variation_attributes":[{"id":55,"name":"(probija\u010d) ukupna du\u017eina","option":"150-mm"},{"id":56,"name":"(probija\u010d) \u0161iljci-fi","option":"4-mm"},{"id":57,"name":"(probija\u010d) dr\u0161ka-fi","option":"10-mm"}],"single_product_visibility":"visible","cart_visibility":"visible","order_visibility":"visible","single_product_price_visibility":"visible","cart_price_visibility":"visible","order_price_visibility":"visible","stock_status":"in_stock"},{"bundled_item_id":37,"product_id":3536,"menu_order":4,"quantity_min":1,"quantity_max":1,"quantity_default":1,"priced_individually":false,"shipped_individually":false,"override_title":true,"title":"Izbija\u010d 150x5x10","override_description":false,"description":"","optional":false,"hide_thumbnail":false,"discount":"","override_variations":false,"allowed_variations":[],"override_default_variation_attributes":true,"default_variation_attributes":[{"id":55,"name":"(probija\u010d) ukupna du\u017eina","option":"150-mm"},{"id":56,"name":"(probija\u010d) \u0161iljci-fi","option":"5-mm"},{"id":57,"name":"(probija\u010d) dr\u0161ka-fi","option":"10-mm"}],"single_product_visibility":"visible","cart_visibility":"visible","order_visibility":"visible","single_product_price_visibility":"visible","cart_price_visibility":"visible","order_price_visibility":"visible","stock_status":"in_stock"},{"bundled_item_id":38,"product_id":3536,"menu_order":5,"quantity_min":1,"quantity_max":1,"quantity_default":1,"priced_individually":false,"shipped_individually":false,"override_title":true,"title":"Izbija\u010d 150x6x10\t","override_description":false,"description":"","optional":false,"hide_thumbnail":false,"discount":"","override_variations":false,"allowed_variations":[],"override_default_variation_attributes":true,"default_variation_attributes":[{"id":55,"name":"(probija\u010d) ukupna du\u017eina","option":"150-mm"},{"id":56,"name":"(probija\u010d) \u0161iljci-fi","option":"6-mm"},{"id":57,"name":"(probija\u010d) dr\u0161ka-fi","option":"10-mm"}],"single_product_visibility":"visible","cart_visibility":"visible","order_visibility":"visible","single_product_price_visibility":"visible","cart_price_visibility":"visible","order_price_visibility":"visible","stock_status":"in_stock"},{"bundled_item_id":39,"product_id":3552,"menu_order":6,"quantity_min":1,"quantity_max":1,"quantity_default":1,"priced_individually":false,"shipped_individually":false,"override_title":true,"title":"Seka\u010d metalni 24x200x23","override_description":false,"description":"","optional":false,"hide_thumbnail":false,"discount":"","override_variations":false,"allowed_variations":[],"override_default_variation_attributes":true,"default_variation_attributes":[{"id":58,"name":"(metalno dleto) \u0161irina o\u0161trice","option":"24-mm"},{"id":59,"name":"(metalno dleto) ukupna du\u017eina","option":"200-mm"},{"id":60,"name":"(metalno dleto) dr\u0161ka-fi","option":"23-mm"}],"single_product_visibility":"visible","cart_visibility":"visible","order_visibility":"visible","single_product_price_visibility":"visible","cart_price_visibility":"visible","order_price_visibility":"visible","stock_status":"in_stock"},{"bundled_item_id":40,"product_id":3562,"menu_order":7,"quantity_min":1,"quantity_max":1,"quantity_default":1,"priced_individually":false,"shipped_individually":false,"override_title":true,"title":"Sredi\u0161nji probija\u010d 120 mm","override_description":false,"description":"","optional":false,"hide_thumbnail":false,"discount":"","override_variations":false,"allowed_variations":[],"override_default_variation_attributes":false,"default_variation_attributes":[],"single_product_visibility":"visible","cart_visibility":"visible","order_visibility":"visible","single_product_price_visibility":"visible","cart_price_visibility":"visible","order_price_visibility":"visible","stock_status":"in_stock"},{"bundled_item_id":41,"product_id":3564,"menu_order":8,"quantity_min":1,"quantity_max":1,"quantity_default":1,"priced_individually":false,"shipped_individually":false,"override_title":true,"title":"Sundjerasti ulo\u017eak za set \u010deki\u0107a i izbija\u010da","override_description":false,"description":"","optional":false,"hide_thumbnail":false,"discount":"","override_variations":false,"allowed_variations":[],"override_default_variation_attributes":false,"default_variation_attributes":[],"single_product_visibility":"visible","cart_visibility":"visible","order_visibility":"visible","single_product_price_visibility":"visible","cart_price_visibility":"visible","order_price_visibility":"visible","stock_status":"in_stock"}],"bundle_sell_ids":[],"acf":[],"yoast_head":"<!-- This site is optimized with the Yoast SEO plugin v26.5 - https:\/\/yoast.com\/wordpress\/plugins\/seo\/ -->\n<title>Set \u010deki\u0107a, izbija\u010da, seka\u010d | Princ Alati<\/title>\n<meta name=\"robots\" content=\"noindex, follow, max-snippet:-1, max-image-preview:large, max-video-preview:-1\" \/>\n<meta property=\"og:locale\" content=\"en_US\" \/>\n<meta property=\"og:type\" content=\"article\" \/>\n<meta property=\"og:title\" content=\"Set \u010deki\u0107a, izbija\u010da, seka\u010d | Princ Alati\" \/>\n<meta property=\"og:description\" content=\"Komplet ulaz osigurava sigurno skladi\u0161tenje alata bez klizanja  Svi alati su izra\u0111eni od visokokvalitetnih i izdr\u017eljivih materijala  Ulaz je uglavnom otporan na hemikalije.\" \/>\n<meta property=\"og:url\" content=\"https:\/\/princalati.rs\/index.php\/product\/set-cekica-izbijaca-sekac-8-kom\/\" \/>\n<meta property=\"og:site_name\" content=\"Princ Alati\" \/>\n<meta property=\"article:modified_time\" content=\"2025-02-28T12:35:01+00:00\" \/>\n<meta property=\"og:image\" content=\"https:\/\/princalati.rs\/wp-content\/uploads\/2025\/02\/22830TIF-100.webp\" \/>\n\t<meta property=\"og:image:width\" content=\"300\" \/>\n\t<meta property=\"og:image:height\" content=\"300\" \/>\n\t<meta property=\"og:image:type\" content=\"image\/webp\" \/>\n<meta name=\"twitter:card\" content=\"summary_large_image\" \/>\n<meta name=\"twitter:label1\" content=\"Est. reading time\" \/>\n\t<meta name=\"twitter:data1\" content=\"1 minute\" \/>\n<script type=\"application\/ld+json\" class=\"yoast-schema-graph\">{\"@context\":\"https:\/\/schema.org\",\"@graph\":[{\"@type\":\"WebPage\",\"@id\":\"https:\/\/princalati.rs\/index.php\/product\/set-cekica-izbijaca-sekac-8-kom\/\",\"url\":\"https:\/\/princalati.rs\/index.php\/product\/set-cekica-izbijaca-sekac-8-kom\/\",\"name\":\"Set \u010deki\u0107a, izbija\u010da, seka\u010d | Princ Alati\",\"isPartOf\":{\"@id\":\"https:\/\/princalati.rs\/#website\"},\"primaryImageOfPage\":{\"@id\":\"https:\/\/princalati.rs\/index.php\/product\/set-cekica-izbijaca-sekac-8-kom\/#primaryimage\"},\"image\":{\"@id\":\"https:\/\/princalati.rs\/index.php\/product\/set-cekica-izbijaca-sekac-8-kom\/#primaryimage\"},\"thumbnailUrl\":\"https:\/\/princalati.rs\/wp-content\/uploads\/2025\/02\/22830TIF-100.webp\",\"datePublished\":\"2025-02-28T12:33:40+00:00\",\"dateModified\":\"2025-02-28T12:35:01+00:00\",\"breadcrumb\":{\"@id\":\"https:\/\/princalati.rs\/index.php\/product\/set-cekica-izbijaca-sekac-8-kom\/#breadcrumb\"},\"inLanguage\":\"en-US\",\"potentialAction\":[{\"@type\":\"ReadAction\",\"target\":[\"https:\/\/princalati.rs\/index.php\/product\/set-cekica-izbijaca-sekac-8-kom\/\"]}]},{\"@type\":\"ImageObject\",\"inLanguage\":\"en-US\",\"@id\":\"https:\/\/princalati.rs\/index.php\/product\/set-cekica-izbijaca-sekac-8-kom\/#primaryimage\",\"url\":\"https:\/\/princalati.rs\/wp-content\/uploads\/2025\/02\/22830TIF-100.webp\",\"contentUrl\":\"https:\/\/princalati.rs\/wp-content\/uploads\/2025\/02\/22830TIF-100.webp\",\"width\":300,\"height\":300},{\"@type\":\"BreadcrumbList\",\"@id\":\"https:\/\/princalati.rs\/index.php\/product\/set-cekica-izbijaca-sekac-8-kom\/#breadcrumb\",\"itemListElement\":[{\"@type\":\"ListItem\",\"position\":1,\"name\":\"Home\",\"item\":\"https:\/\/princalati.rs\/\"},{\"@type\":\"ListItem\",\"position\":2,\"name\":\"Shop\",\"item\":\"https:\/\/princalati.rs\/index.php\/shop\/\"},{\"@type\":\"ListItem\",\"position\":3,\"name\":\"Set \u010deki\u0107a, izbija\u010da, seka\u010d\"}]},{\"@type\":\"WebSite\",\"@id\":\"https:\/\/princalati.rs\/#website\",\"url\":\"https:\/\/princalati.rs\/\",\"name\":\"Princ Alati\",\"description\":\"\",\"publisher\":{\"@id\":\"https:\/\/princalati.rs\/#organization\"},\"potentialAction\":[{\"@type\":\"SearchAction\",\"target\":{\"@type\":\"EntryPoint\",\"urlTemplate\":\"https:\/\/princalati.rs\/?s={search_term_string}\"},\"query-input\":{\"@type\":\"PropertyValueSpecification\",\"valueRequired\":true,\"valueName\":\"search_term_string\"}}],\"inLanguage\":\"en-US\"},{\"@type\":\"Organization\",\"@id\":\"https:\/\/princalati.rs\/#organization\",\"name\":\"Princ Alati\",\"url\":\"https:\/\/princalati.rs\/\",\"logo\":{\"@type\":\"ImageObject\",\"inLanguage\":\"en-US\",\"@id\":\"https:\/\/princalati.rs\/#\/schema\/logo\/image\/\",\"url\":\"https:\/\/princalati.rs\/wp-content\/uploads\/2024\/12\/logo-1.webp\",\"contentUrl\":\"https:\/\/princalati.rs\/wp-content\/uploads\/2024\/12\/logo-1.webp\",\"width\":500,\"height\":150,\"caption\":\"Princ Alati\"},\"image\":{\"@id\":\"https:\/\/princalati.rs\/#\/schema\/logo\/image\/\"}}]}<\/script>\n<!-- \/ Yoast SEO plugin. -->","yoast_head_json":{"title":"Set \u010deki\u0107a, izbija\u010da, seka\u010d | Princ Alati","robots":{"index":"noindex","follow":"follow","max-snippet":"max-snippet:-1","max-image-preview":"max-image-preview:large","max-video-preview":"max-video-preview:-1"},"og_locale":"en_US","og_type":"article","og_title":"Set \u010deki\u0107a, izbija\u010da, seka\u010d | Princ Alati","og_description":"Komplet ulaz osigurava sigurno skladi\u0161tenje alata bez klizanja  Svi alati su izra\u0111eni od visokokvalitetnih i izdr\u017eljivih materijala  Ulaz je uglavnom otporan na hemikalije.","og_url":"https:\/\/princalati.rs\/index.php\/product\/set-cekica-izbijaca-sekac-8-kom\/","og_site_name":"Princ Alati","article_modified_time":"2025-02-28T12:35:01+00:00","og_image":[{"width":300,"height":300,"url":"https:\/\/princalati.rs\/wp-content\/uploads\/2025\/02\/22830TIF-100.webp","type":"image\/webp"}],"twitter_card":"summary_large_image","twitter_misc":{"Est. reading time":"1 minute"},"schema":{"@context":"https:\/\/schema.org","@graph":[{"@type":"WebPage","@id":"https:\/\/princalati.rs\/index.php\/product\/set-cekica-izbijaca-sekac-8-kom\/","url":"https:\/\/princalati.rs\/index.php\/product\/set-cekica-izbijaca-sekac-8-kom\/","name":"Set \u010deki\u0107a, izbija\u010da, seka\u010d | Princ Alati","isPartOf":{"@id":"https:\/\/princalati.rs\/#website"},"primaryImageOfPage":{"@id":"https:\/\/princalati.rs\/index.php\/product\/set-cekica-izbijaca-sekac-8-kom\/#primaryimage"},"image":{"@id":"https:\/\/princalati.rs\/index.php\/product\/set-cekica-izbijaca-sekac-8-kom\/#primaryimage"},"thumbnailUrl":"https:\/\/princalati.rs\/wp-content\/uploads\/2025\/02\/22830TIF-100.webp","datePublished":"2025-02-28T12:33:40+00:00","dateModified":"2025-02-28T12:35:01+00:00","breadcrumb":{"@id":"https:\/\/princalati.rs\/index.php\/product\/set-cekica-izbijaca-sekac-8-kom\/#breadcrumb"},"inLanguage":"en-US","potentialAction":[{"@type":"ReadAction","target":["https:\/\/princalati.rs\/index.php\/product\/set-cekica-izbijaca-sekac-8-kom\/"]}]},{"@type":"ImageObject","inLanguage":"en-US","@id":"https:\/\/princalati.rs\/index.php\/product\/set-cekica-izbijaca-sekac-8-kom\/#primaryimage","url":"https:\/\/princalati.rs\/wp-content\/uploads\/2025\/02\/22830TIF-100.webp","contentUrl":"https:\/\/princalati.rs\/wp-content\/uploads\/2025\/02\/22830TIF-100.webp","width":300,"height":300},{"@type":"BreadcrumbList","@id":"https:\/\/princalati.rs\/index.php\/product\/set-cekica-izbijaca-sekac-8-kom\/#breadcrumb","itemListElement":[{"@type":"ListItem","position":1,"name":"Home","item":"https:\/\/princalati.rs\/"},{"@type":"ListItem","position":2,"name":"Shop","item":"https:\/\/princalati.rs\/index.php\/shop\/"},{"@type":"ListItem","position":3,"name":"Set \u010deki\u0107a, izbija\u010da, seka\u010d"}]},{"@type":"WebSite","@id":"https:\/\/princalati.rs\/#website","url":"https:\/\/princalati.rs\/","name":"Princ Alati","description":"","publisher":{"@id":"https:\/\/princalati.rs\/#organization"},"potentialAction":[{"@type":"SearchAction","target":{"@type":"EntryPoint","urlTemplate":"https:\/\/princalati.rs\/?s={search_term_string}"},"query-input":{"@type":"PropertyValueSpecification","valueRequired":true,"valueName":"search_term_string"}}],"inLanguage":"en-US"},{"@type":"Organization","@id":"https:\/\/princalati.rs\/#organization","name":"Princ Alati","url":"https:\/\/princalati.rs\/","logo":{"@type":"ImageObject","inLanguage":"en-US","@id":"https:\/\/princalati.rs\/#\/schema\/logo\/image\/","url":"https:\/\/princalati.rs\/wp-content\/uploads\/2024\/12\/logo-1.webp","contentUrl":"https:\/\/princalati.rs\/wp-content\/uploads\/2024\/12\/logo-1.webp","width":500,"height":150,"caption":"Princ Alati"},"image":{"@id":"https:\/\/princalati.rs\/#\/schema\/logo\/image\/"}}]}},"_links":{"self":[{"href":"https:\/\/princalati.rs\/index.php\/wp-json\/wp\/v2\/product\/3566","targetHints":{"allow":["GET"]}}],"collection":[{"href":"https:\/\/princalati.rs\/index.php\/wp-json\/wp\/v2\/product"}],"about":[{"href":"https:\/\/princalati.rs\/index.php\/wp-json\/wp\/v2\/types\/product"}],"replies":[{"embeddable":true,"href":"https:\/\/princalati.rs\/index.php\/wp-json\/wp\/v2\/comments?post=3566"}],"wp:featuredmedia":[{"embeddable":true,"href":"https:\/\/princalati.rs\/index.php\/wp-json\/wp\/v2\/media\/3567"}],"wp:attachment":[{"href":"https:\/\/princalati.rs\/index.php\/wp-json\/wp\/v2\/media?parent=3566"}],"wp:term":[{"taxonomy":"product_brand","embeddable":true,"href":"https:\/\/princalati.rs\/index.php\/wp-json\/wp\/v2\/product_brand?post=3566"},{"taxonomy":"product_cat","embeddable":true,"href":"https:\/\/princalati.rs\/index.php\/wp-json\/wp\/v2\/product_cat?post=3566"},{"taxonomy":"product_tag","embeddable":true,"href":"https:\/\/princalati.rs\/index.php\/wp-json\/wp\/v2\/product_tag?post=3566"}],"curies":[{"name":"wp","href":"https:\/\/api.w.org\/{rel}","templated":true}]}}