{"id":3107,"date":"2025-02-21T12:35:22","date_gmt":"2025-02-21T12:35:22","guid":{"rendered":"https:\/\/princalati.rs\/?post_type=product&#038;p=3107"},"modified":"2025-02-21T12:35:23","modified_gmt":"2025-02-21T12:35:23","slug":"izolir-traka","status":"publish","type":"product","link":"https:\/\/princalati.rs\/index.php\/product\/izolir-traka\/","title":{"rendered":"Izolir traka"},"content":{"rendered":"<div class=\"pdp-details-container-content\">\n<h3 class=\"pdp-details-container-content-headline\">Detalji<\/h3>\n<\/div>\n<div class=\"pdp-details-container-content\">\n<div class=\"pdp-details-container-content-left\">\n<div>\n<div class=\"headline\">\n<h4>Podru\u010dja primene:<\/h4>\n<\/div>\n<p class=\"description\">Temeljni raspon za primarnu elektri\u010dnu i cevnu izolaciju, spajanje snopova u grejanju, ventilaciji i klimatizaciji<\/p>\n<p class=\"description\">Za\u0161tita za spajanje kabla do 7,8 kV<\/p>\n<p class=\"description\">Primene u industriji: kodiranje boja, za\u0161tita za spajanje kabla niskog i srednjeg napona, omotavanje elektri\u010dnih kabla u automobilskoj industriji<\/p>\n<\/div>\n<div>\n<div class=\"headline\">\n<h4>Prednosti:<\/h4>\n<\/div>\n<ul class=\"list\">\n<li class=\"description\">Dobra mehani\u010dka otpornost\n<ul>\n<li>Otpornost na abraziju, koroziju i vlagu<\/li>\n<\/ul>\n<\/li>\n<li class=\"description\">Dobra prilagodljivost\n<ul>\n<li>Meki materijal osigurava fleksibilno prilago\u0111avanje<\/li>\n<\/ul>\n<\/li>\n<li class=\"description\">Jednostavno rukovanje\n<ul>\n<li>Dobra otpornost na kidanje<\/li>\n<li>Vrlo lepljivo<\/li>\n<\/ul>\n<\/li>\n<li class=\"description\">Mogu\u0107a primena u hladnim vremenskim uslovima\n<ul>\n<li>Na niskoj temperaturi (do -10 \u00b0C)<\/li>\n<\/ul>\n<\/li>\n<li class=\"description\">Dobra dielektri\u010dna \u010dvrsto\u0107a\n<ul>\n<li>Za\u0161tita kablovskog spoja niskog i srednjeg napona do 7,8 kV<\/li>\n<li>Potvrde o odobrenju VDE i IMQ prema standardu IEC 60454-3-1<\/li>\n<li>U skladu s Europskom direktivom 2011\/65\/EZ (RoHS 2) i Delegiranom direktivom Komisije (EU) 2015\/863 (RoHS 3)<\/li>\n<li>U skladu s REACH-om<\/li>\n<\/ul>\n<\/li>\n<\/ul>\n<\/div>\n<\/div>\n<\/div>\n","protected":false},"excerpt":{"rendered":"<ul>\n<li><span class=\"product-description-list-inner\">Izvrsna dielektri\u010dna \u010dvrsto\u0107a i mehani\u010dka za\u0161tita<\/span><\/li>\n<li><span class=\"product-description-list-inner\">Izvrsna otpornost na abraziju, koroziju i vlagu<\/span><\/li>\n<li><span class=\"product-description-list-inner\">Traka se mo\u017ee nanositi na niskoj temperaturi (do -10 \u00b0C)<\/span><\/li>\n<\/ul>\n","protected":false},"featured_media":3114,"comment_status":"open","ping_status":"closed","template":"","meta":{"_acf_changed":false},"product_brand":[],"product_cat":[39,150,52],"product_tag":[],"class_list":{"0":"post-3107","1":"product","2":"type-product","3":"status-publish","4":"has-post-thumbnail","6":"product_cat-hemija","7":"product_cat-lepljive-trake","8":"product_cat-trake","9":"member-discount","10":"discount-restricted","12":"first","13":"instock","14":"taxable","15":"shipping-taxable","16":"purchasable","17":"product-type-variable","18":"add-to-wishlist-after_add_to_cart"},"bundled_by":[],"bundle_stock_status":"instock","bundle_stock_quantity":1,"bundle_virtual":false,"bundle_layout":"","bundle_add_to_cart_form_location":"","bundle_editable_in_cart":false,"bundle_sold_individually_context":"","bundle_item_grouping":"","bundle_min_size":"","bundle_max_size":"","bundle_price":[],"bundled_items":[],"bundle_sell_ids":[],"acf":[],"yoast_head":"<!-- This site is optimized with the Yoast SEO plugin v26.5 - https:\/\/yoast.com\/wordpress\/plugins\/seo\/ -->\n<title>Izolir traka | Princ Alati<\/title>\n<meta name=\"robots\" content=\"noindex, follow, max-snippet:-1, max-image-preview:large, max-video-preview:-1\" \/>\n<meta property=\"og:locale\" content=\"en_US\" \/>\n<meta property=\"og:type\" content=\"article\" \/>\n<meta property=\"og:title\" content=\"Izolir traka | Princ Alati\" \/>\n<meta property=\"og:description\" content=\"Izvrsna dielektri\u010dna \u010dvrsto\u0107a i mehani\u010dka za\u0161tita  Izvrsna otpornost na abraziju, koroziju i vlagu  Traka se mo\u017ee nanositi na niskoj temperaturi (do -10 \u00b0C)\" \/>\n<meta property=\"og:url\" content=\"https:\/\/princalati.rs\/index.php\/product\/izolir-traka\/\" \/>\n<meta property=\"og:site_name\" content=\"Princ Alati\" \/>\n<meta property=\"article:modified_time\" content=\"2025-02-21T12:35:23+00:00\" \/>\n<meta property=\"og:image\" content=\"https:\/\/princalati.rs\/wp-content\/uploads\/2025\/02\/39425950-90.webp\" \/>\n\t<meta property=\"og:image:width\" content=\"599\" \/>\n\t<meta property=\"og:image:height\" content=\"300\" \/>\n\t<meta property=\"og:image:type\" content=\"image\/webp\" \/>\n<meta name=\"twitter:card\" content=\"summary_large_image\" \/>\n<meta name=\"twitter:label1\" content=\"Est. reading time\" \/>\n\t<meta name=\"twitter:data1\" content=\"1 minute\" \/>\n<script type=\"application\/ld+json\" class=\"yoast-schema-graph\">{\"@context\":\"https:\/\/schema.org\",\"@graph\":[{\"@type\":\"WebPage\",\"@id\":\"https:\/\/princalati.rs\/index.php\/product\/izolir-traka\/\",\"url\":\"https:\/\/princalati.rs\/index.php\/product\/izolir-traka\/\",\"name\":\"Izolir traka | Princ Alati\",\"isPartOf\":{\"@id\":\"https:\/\/princalati.rs\/#website\"},\"primaryImageOfPage\":{\"@id\":\"https:\/\/princalati.rs\/index.php\/product\/izolir-traka\/#primaryimage\"},\"image\":{\"@id\":\"https:\/\/princalati.rs\/index.php\/product\/izolir-traka\/#primaryimage\"},\"thumbnailUrl\":\"https:\/\/princalati.rs\/wp-content\/uploads\/2025\/02\/39425950-90.webp\",\"datePublished\":\"2025-02-21T12:35:22+00:00\",\"dateModified\":\"2025-02-21T12:35:23+00:00\",\"breadcrumb\":{\"@id\":\"https:\/\/princalati.rs\/index.php\/product\/izolir-traka\/#breadcrumb\"},\"inLanguage\":\"en-US\",\"potentialAction\":[{\"@type\":\"ReadAction\",\"target\":[\"https:\/\/princalati.rs\/index.php\/product\/izolir-traka\/\"]}]},{\"@type\":\"ImageObject\",\"inLanguage\":\"en-US\",\"@id\":\"https:\/\/princalati.rs\/index.php\/product\/izolir-traka\/#primaryimage\",\"url\":\"https:\/\/princalati.rs\/wp-content\/uploads\/2025\/02\/39425950-90.webp\",\"contentUrl\":\"https:\/\/princalati.rs\/wp-content\/uploads\/2025\/02\/39425950-90.webp\",\"width\":599,\"height\":300},{\"@type\":\"BreadcrumbList\",\"@id\":\"https:\/\/princalati.rs\/index.php\/product\/izolir-traka\/#breadcrumb\",\"itemListElement\":[{\"@type\":\"ListItem\",\"position\":1,\"name\":\"Home\",\"item\":\"https:\/\/princalati.rs\/\"},{\"@type\":\"ListItem\",\"position\":2,\"name\":\"Shop\",\"item\":\"https:\/\/princalati.rs\/index.php\/shop\/\"},{\"@type\":\"ListItem\",\"position\":3,\"name\":\"Izolir traka\"}]},{\"@type\":\"WebSite\",\"@id\":\"https:\/\/princalati.rs\/#website\",\"url\":\"https:\/\/princalati.rs\/\",\"name\":\"Princ Alati\",\"description\":\"\",\"publisher\":{\"@id\":\"https:\/\/princalati.rs\/#organization\"},\"potentialAction\":[{\"@type\":\"SearchAction\",\"target\":{\"@type\":\"EntryPoint\",\"urlTemplate\":\"https:\/\/princalati.rs\/?s={search_term_string}\"},\"query-input\":{\"@type\":\"PropertyValueSpecification\",\"valueRequired\":true,\"valueName\":\"search_term_string\"}}],\"inLanguage\":\"en-US\"},{\"@type\":\"Organization\",\"@id\":\"https:\/\/princalati.rs\/#organization\",\"name\":\"Princ Alati\",\"url\":\"https:\/\/princalati.rs\/\",\"logo\":{\"@type\":\"ImageObject\",\"inLanguage\":\"en-US\",\"@id\":\"https:\/\/princalati.rs\/#\/schema\/logo\/image\/\",\"url\":\"https:\/\/princalati.rs\/wp-content\/uploads\/2024\/12\/logo-1.webp\",\"contentUrl\":\"https:\/\/princalati.rs\/wp-content\/uploads\/2024\/12\/logo-1.webp\",\"width\":500,\"height\":150,\"caption\":\"Princ Alati\"},\"image\":{\"@id\":\"https:\/\/princalati.rs\/#\/schema\/logo\/image\/\"}}]}<\/script>\n<!-- \/ Yoast SEO plugin. -->","yoast_head_json":{"title":"Izolir traka | Princ Alati","robots":{"index":"noindex","follow":"follow","max-snippet":"max-snippet:-1","max-image-preview":"max-image-preview:large","max-video-preview":"max-video-preview:-1"},"og_locale":"en_US","og_type":"article","og_title":"Izolir traka | Princ Alati","og_description":"Izvrsna dielektri\u010dna \u010dvrsto\u0107a i mehani\u010dka za\u0161tita  Izvrsna otpornost na abraziju, koroziju i vlagu  Traka se mo\u017ee nanositi na niskoj temperaturi (do -10 \u00b0C)","og_url":"https:\/\/princalati.rs\/index.php\/product\/izolir-traka\/","og_site_name":"Princ Alati","article_modified_time":"2025-02-21T12:35:23+00:00","og_image":[{"width":599,"height":300,"url":"https:\/\/princalati.rs\/wp-content\/uploads\/2025\/02\/39425950-90.webp","type":"image\/webp"}],"twitter_card":"summary_large_image","twitter_misc":{"Est. reading time":"1 minute"},"schema":{"@context":"https:\/\/schema.org","@graph":[{"@type":"WebPage","@id":"https:\/\/princalati.rs\/index.php\/product\/izolir-traka\/","url":"https:\/\/princalati.rs\/index.php\/product\/izolir-traka\/","name":"Izolir traka | Princ Alati","isPartOf":{"@id":"https:\/\/princalati.rs\/#website"},"primaryImageOfPage":{"@id":"https:\/\/princalati.rs\/index.php\/product\/izolir-traka\/#primaryimage"},"image":{"@id":"https:\/\/princalati.rs\/index.php\/product\/izolir-traka\/#primaryimage"},"thumbnailUrl":"https:\/\/princalati.rs\/wp-content\/uploads\/2025\/02\/39425950-90.webp","datePublished":"2025-02-21T12:35:22+00:00","dateModified":"2025-02-21T12:35:23+00:00","breadcrumb":{"@id":"https:\/\/princalati.rs\/index.php\/product\/izolir-traka\/#breadcrumb"},"inLanguage":"en-US","potentialAction":[{"@type":"ReadAction","target":["https:\/\/princalati.rs\/index.php\/product\/izolir-traka\/"]}]},{"@type":"ImageObject","inLanguage":"en-US","@id":"https:\/\/princalati.rs\/index.php\/product\/izolir-traka\/#primaryimage","url":"https:\/\/princalati.rs\/wp-content\/uploads\/2025\/02\/39425950-90.webp","contentUrl":"https:\/\/princalati.rs\/wp-content\/uploads\/2025\/02\/39425950-90.webp","width":599,"height":300},{"@type":"BreadcrumbList","@id":"https:\/\/princalati.rs\/index.php\/product\/izolir-traka\/#breadcrumb","itemListElement":[{"@type":"ListItem","position":1,"name":"Home","item":"https:\/\/princalati.rs\/"},{"@type":"ListItem","position":2,"name":"Shop","item":"https:\/\/princalati.rs\/index.php\/shop\/"},{"@type":"ListItem","position":3,"name":"Izolir traka"}]},{"@type":"WebSite","@id":"https:\/\/princalati.rs\/#website","url":"https:\/\/princalati.rs\/","name":"Princ Alati","description":"","publisher":{"@id":"https:\/\/princalati.rs\/#organization"},"potentialAction":[{"@type":"SearchAction","target":{"@type":"EntryPoint","urlTemplate":"https:\/\/princalati.rs\/?s={search_term_string}"},"query-input":{"@type":"PropertyValueSpecification","valueRequired":true,"valueName":"search_term_string"}}],"inLanguage":"en-US"},{"@type":"Organization","@id":"https:\/\/princalati.rs\/#organization","name":"Princ Alati","url":"https:\/\/princalati.rs\/","logo":{"@type":"ImageObject","inLanguage":"en-US","@id":"https:\/\/princalati.rs\/#\/schema\/logo\/image\/","url":"https:\/\/princalati.rs\/wp-content\/uploads\/2024\/12\/logo-1.webp","contentUrl":"https:\/\/princalati.rs\/wp-content\/uploads\/2024\/12\/logo-1.webp","width":500,"height":150,"caption":"Princ Alati"},"image":{"@id":"https:\/\/princalati.rs\/#\/schema\/logo\/image\/"}}]}},"_links":{"self":[{"href":"https:\/\/princalati.rs\/index.php\/wp-json\/wp\/v2\/product\/3107","targetHints":{"allow":["GET"]}}],"collection":[{"href":"https:\/\/princalati.rs\/index.php\/wp-json\/wp\/v2\/product"}],"about":[{"href":"https:\/\/princalati.rs\/index.php\/wp-json\/wp\/v2\/types\/product"}],"replies":[{"embeddable":true,"href":"https:\/\/princalati.rs\/index.php\/wp-json\/wp\/v2\/comments?post=3107"}],"wp:featuredmedia":[{"embeddable":true,"href":"https:\/\/princalati.rs\/index.php\/wp-json\/wp\/v2\/media\/3114"}],"wp:attachment":[{"href":"https:\/\/princalati.rs\/index.php\/wp-json\/wp\/v2\/media?parent=3107"}],"wp:term":[{"taxonomy":"product_brand","embeddable":true,"href":"https:\/\/princalati.rs\/index.php\/wp-json\/wp\/v2\/product_brand?post=3107"},{"taxonomy":"product_cat","embeddable":true,"href":"https:\/\/princalati.rs\/index.php\/wp-json\/wp\/v2\/product_cat?post=3107"},{"taxonomy":"product_tag","embeddable":true,"href":"https:\/\/princalati.rs\/index.php\/wp-json\/wp\/v2\/product_tag?post=3107"}],"curies":[{"name":"wp","href":"https:\/\/api.w.org\/{rel}","templated":true}]}}