{"id":2556,"date":"2025-02-14T09:52:37","date_gmt":"2025-02-14T09:52:37","guid":{"rendered":"https:\/\/princalati.rs\/?post_type=product&#038;p=2556"},"modified":"2025-11-27T22:47:19","modified_gmt":"2025-11-27T22:47:19","slug":"dzepna-lampa-mini-1000","status":"publish","type":"product","link":"https:\/\/princalati.rs\/index.php\/product\/dzepna-lampa-mini-1000\/","title":{"rendered":"D\u017eepna lampa mini 1000"},"content":{"rendered":"<div class=\"pdp-details-container-content\">\n<h3 class=\"pdp-details-container-content-headline\">Detalji<\/h3>\n<\/div>\n<div class=\"pdp-details-container-content\">\n<div class=\"pdp-details-container-content-left\">\n<div>\n<div class=\"headline\">\n<h4>Podru\u010dja primene:<\/h4>\n<\/div>\n<p class=\"description\">Univerzalna upotreba za aplikacije gde je potrebna ekstremna svetlina, ali kompaktne veli\u010dine<\/p>\n<\/div>\n<div>\n<div class=\"headline\">\n<h4>Prednosti:<\/h4>\n<\/div>\n<ul class=\"list\">\n<li class=\"description\">Kompaktne dimenzije\n<ul>\n<li>Dose\u017ee sve ni\u0161e i te\u0161ko dostupna mesta<\/li>\n<\/ul>\n<\/li>\n<li class=\"description\">1 LED\n<ul>\n<li>Homogeni svetlosni snop osigurava najbolje osvetljenje na bliskoj udaljenosti\u200b<\/li>\n<\/ul>\n<\/li>\n<li class=\"description\">Izuzetno svetlo\n<ul>\n<li>Pru\u017ea vrlo dobro osvetljenje<\/li>\n<li>U boost modu, snop dose\u017ee 111m i svetlinu od 1000 lumena<\/li>\n<\/ul>\n<\/li>\n<li class=\"description\">Robustan dizajn\n<ul>\n<li>Aluminijumsko ku\u0107i\u0161te za dugotrajnu upotrebu i savr\u0161enu za\u0161titu<\/li>\n<\/ul>\n<\/li>\n<li class=\"description\">Savr\u0161ena upotreba i odlaganje\n<ul>\n<li>Jak magnet osigurava stabilnost tokom upotrebe<\/li>\n<li>Klip omogu\u0107uje da lampa uvek bude pri ruci kada je potrebna<\/li>\n<\/ul>\n<\/li>\n<\/ul>\n<\/div>\n<\/div>\n<\/div>\n","protected":false},"excerpt":{"rendered":"<ul>\n<li><span class=\"product-description-list-inner\">Kompaktne dimenzije s visokom svetlinom<\/span><\/li>\n<li><span class=\"product-description-list-inner\">Robustno aluminijumsko ku\u0107i\u0161te<\/span><\/li>\n<\/ul>\n","protected":false},"featured_media":2558,"comment_status":"open","ping_status":"closed","template":"","meta":{"_acf_changed":false},"product_brand":[],"product_cat":[417,45,100],"product_tag":[2178],"class_list":{"0":"post-2556","1":"product","2":"type-product","3":"status-publish","4":"has-post-thumbnail","6":"product_cat-dzepne-svetiljke","7":"product_cat-oprema-za-radionice","8":"product_cat-radne-lampe","9":"product_tag-akcija","10":"member-discount","11":"discount-restricted","13":"first","14":"instock","15":"taxable","16":"shipping-taxable","17":"purchasable","18":"product-type-simple","19":"add-to-wishlist-after_add_to_cart"},"bundled_by":[],"bundle_stock_status":"instock","bundle_stock_quantity":null,"bundle_virtual":false,"bundle_layout":"","bundle_add_to_cart_form_location":"","bundle_editable_in_cart":false,"bundle_sold_individually_context":"","bundle_item_grouping":"","bundle_min_size":"","bundle_max_size":"","bundle_price":[],"bundled_items":[],"bundle_sell_ids":[],"acf":[],"yoast_head":"<!-- This site is optimized with the Yoast SEO plugin v26.5 - https:\/\/yoast.com\/wordpress\/plugins\/seo\/ -->\n<title>D\u017eepna lampa mini 1000 | Princ Alati<\/title>\n<meta name=\"robots\" content=\"noindex, follow, max-snippet:-1, max-image-preview:large, max-video-preview:-1\" \/>\n<meta property=\"og:locale\" content=\"en_US\" \/>\n<meta property=\"og:type\" content=\"article\" \/>\n<meta property=\"og:title\" content=\"D\u017eepna lampa mini 1000 | Princ Alati\" \/>\n<meta property=\"og:description\" content=\"Kompaktne dimenzije s visokom svetlinom  Robustno aluminijumsko ku\u0107i\u0161te\" \/>\n<meta property=\"og:url\" content=\"https:\/\/princalati.rs\/index.php\/product\/dzepna-lampa-mini-1000\/\" \/>\n<meta property=\"og:site_name\" content=\"Princ Alati\" \/>\n<meta property=\"article:modified_time\" content=\"2025-11-27T22:47:19+00:00\" \/>\n<meta property=\"og:image\" content=\"https:\/\/princalati.rs\/wp-content\/uploads\/2025\/02\/63001879-99.webp\" \/>\n\t<meta property=\"og:image:width\" content=\"300\" \/>\n\t<meta property=\"og:image:height\" content=\"300\" \/>\n\t<meta property=\"og:image:type\" content=\"image\/webp\" \/>\n<meta name=\"twitter:card\" content=\"summary_large_image\" \/>\n<meta name=\"twitter:label1\" content=\"Est. reading time\" \/>\n\t<meta name=\"twitter:data1\" content=\"1 minute\" \/>\n<script type=\"application\/ld+json\" class=\"yoast-schema-graph\">{\"@context\":\"https:\/\/schema.org\",\"@graph\":[{\"@type\":\"WebPage\",\"@id\":\"https:\/\/princalati.rs\/index.php\/product\/dzepna-lampa-mini-1000\/\",\"url\":\"https:\/\/princalati.rs\/index.php\/product\/dzepna-lampa-mini-1000\/\",\"name\":\"D\u017eepna lampa mini 1000 | Princ Alati\",\"isPartOf\":{\"@id\":\"https:\/\/princalati.rs\/#website\"},\"primaryImageOfPage\":{\"@id\":\"https:\/\/princalati.rs\/index.php\/product\/dzepna-lampa-mini-1000\/#primaryimage\"},\"image\":{\"@id\":\"https:\/\/princalati.rs\/index.php\/product\/dzepna-lampa-mini-1000\/#primaryimage\"},\"thumbnailUrl\":\"https:\/\/princalati.rs\/wp-content\/uploads\/2025\/02\/63001879-99.webp\",\"datePublished\":\"2025-02-14T09:52:37+00:00\",\"dateModified\":\"2025-11-27T22:47:19+00:00\",\"breadcrumb\":{\"@id\":\"https:\/\/princalati.rs\/index.php\/product\/dzepna-lampa-mini-1000\/#breadcrumb\"},\"inLanguage\":\"en-US\",\"potentialAction\":[{\"@type\":\"ReadAction\",\"target\":[\"https:\/\/princalati.rs\/index.php\/product\/dzepna-lampa-mini-1000\/\"]}]},{\"@type\":\"ImageObject\",\"inLanguage\":\"en-US\",\"@id\":\"https:\/\/princalati.rs\/index.php\/product\/dzepna-lampa-mini-1000\/#primaryimage\",\"url\":\"https:\/\/princalati.rs\/wp-content\/uploads\/2025\/02\/63001879-99.webp\",\"contentUrl\":\"https:\/\/princalati.rs\/wp-content\/uploads\/2025\/02\/63001879-99.webp\",\"width\":300,\"height\":300},{\"@type\":\"BreadcrumbList\",\"@id\":\"https:\/\/princalati.rs\/index.php\/product\/dzepna-lampa-mini-1000\/#breadcrumb\",\"itemListElement\":[{\"@type\":\"ListItem\",\"position\":1,\"name\":\"Home\",\"item\":\"https:\/\/princalati.rs\/\"},{\"@type\":\"ListItem\",\"position\":2,\"name\":\"Shop\",\"item\":\"https:\/\/princalati.rs\/index.php\/shop\/\"},{\"@type\":\"ListItem\",\"position\":3,\"name\":\"D\u017eepna lampa mini 1000\"}]},{\"@type\":\"WebSite\",\"@id\":\"https:\/\/princalati.rs\/#website\",\"url\":\"https:\/\/princalati.rs\/\",\"name\":\"Princ Alati\",\"description\":\"\",\"publisher\":{\"@id\":\"https:\/\/princalati.rs\/#organization\"},\"potentialAction\":[{\"@type\":\"SearchAction\",\"target\":{\"@type\":\"EntryPoint\",\"urlTemplate\":\"https:\/\/princalati.rs\/?s={search_term_string}\"},\"query-input\":{\"@type\":\"PropertyValueSpecification\",\"valueRequired\":true,\"valueName\":\"search_term_string\"}}],\"inLanguage\":\"en-US\"},{\"@type\":\"Organization\",\"@id\":\"https:\/\/princalati.rs\/#organization\",\"name\":\"Princ Alati\",\"url\":\"https:\/\/princalati.rs\/\",\"logo\":{\"@type\":\"ImageObject\",\"inLanguage\":\"en-US\",\"@id\":\"https:\/\/princalati.rs\/#\/schema\/logo\/image\/\",\"url\":\"https:\/\/princalati.rs\/wp-content\/uploads\/2024\/12\/logo-1.webp\",\"contentUrl\":\"https:\/\/princalati.rs\/wp-content\/uploads\/2024\/12\/logo-1.webp\",\"width\":500,\"height\":150,\"caption\":\"Princ Alati\"},\"image\":{\"@id\":\"https:\/\/princalati.rs\/#\/schema\/logo\/image\/\"}}]}<\/script>\n<!-- \/ Yoast SEO plugin. -->","yoast_head_json":{"title":"D\u017eepna lampa mini 1000 | Princ Alati","robots":{"index":"noindex","follow":"follow","max-snippet":"max-snippet:-1","max-image-preview":"max-image-preview:large","max-video-preview":"max-video-preview:-1"},"og_locale":"en_US","og_type":"article","og_title":"D\u017eepna lampa mini 1000 | Princ Alati","og_description":"Kompaktne dimenzije s visokom svetlinom  Robustno aluminijumsko ku\u0107i\u0161te","og_url":"https:\/\/princalati.rs\/index.php\/product\/dzepna-lampa-mini-1000\/","og_site_name":"Princ Alati","article_modified_time":"2025-11-27T22:47:19+00:00","og_image":[{"width":300,"height":300,"url":"https:\/\/princalati.rs\/wp-content\/uploads\/2025\/02\/63001879-99.webp","type":"image\/webp"}],"twitter_card":"summary_large_image","twitter_misc":{"Est. reading time":"1 minute"},"schema":{"@context":"https:\/\/schema.org","@graph":[{"@type":"WebPage","@id":"https:\/\/princalati.rs\/index.php\/product\/dzepna-lampa-mini-1000\/","url":"https:\/\/princalati.rs\/index.php\/product\/dzepna-lampa-mini-1000\/","name":"D\u017eepna lampa mini 1000 | Princ Alati","isPartOf":{"@id":"https:\/\/princalati.rs\/#website"},"primaryImageOfPage":{"@id":"https:\/\/princalati.rs\/index.php\/product\/dzepna-lampa-mini-1000\/#primaryimage"},"image":{"@id":"https:\/\/princalati.rs\/index.php\/product\/dzepna-lampa-mini-1000\/#primaryimage"},"thumbnailUrl":"https:\/\/princalati.rs\/wp-content\/uploads\/2025\/02\/63001879-99.webp","datePublished":"2025-02-14T09:52:37+00:00","dateModified":"2025-11-27T22:47:19+00:00","breadcrumb":{"@id":"https:\/\/princalati.rs\/index.php\/product\/dzepna-lampa-mini-1000\/#breadcrumb"},"inLanguage":"en-US","potentialAction":[{"@type":"ReadAction","target":["https:\/\/princalati.rs\/index.php\/product\/dzepna-lampa-mini-1000\/"]}]},{"@type":"ImageObject","inLanguage":"en-US","@id":"https:\/\/princalati.rs\/index.php\/product\/dzepna-lampa-mini-1000\/#primaryimage","url":"https:\/\/princalati.rs\/wp-content\/uploads\/2025\/02\/63001879-99.webp","contentUrl":"https:\/\/princalati.rs\/wp-content\/uploads\/2025\/02\/63001879-99.webp","width":300,"height":300},{"@type":"BreadcrumbList","@id":"https:\/\/princalati.rs\/index.php\/product\/dzepna-lampa-mini-1000\/#breadcrumb","itemListElement":[{"@type":"ListItem","position":1,"name":"Home","item":"https:\/\/princalati.rs\/"},{"@type":"ListItem","position":2,"name":"Shop","item":"https:\/\/princalati.rs\/index.php\/shop\/"},{"@type":"ListItem","position":3,"name":"D\u017eepna lampa mini 1000"}]},{"@type":"WebSite","@id":"https:\/\/princalati.rs\/#website","url":"https:\/\/princalati.rs\/","name":"Princ Alati","description":"","publisher":{"@id":"https:\/\/princalati.rs\/#organization"},"potentialAction":[{"@type":"SearchAction","target":{"@type":"EntryPoint","urlTemplate":"https:\/\/princalati.rs\/?s={search_term_string}"},"query-input":{"@type":"PropertyValueSpecification","valueRequired":true,"valueName":"search_term_string"}}],"inLanguage":"en-US"},{"@type":"Organization","@id":"https:\/\/princalati.rs\/#organization","name":"Princ Alati","url":"https:\/\/princalati.rs\/","logo":{"@type":"ImageObject","inLanguage":"en-US","@id":"https:\/\/princalati.rs\/#\/schema\/logo\/image\/","url":"https:\/\/princalati.rs\/wp-content\/uploads\/2024\/12\/logo-1.webp","contentUrl":"https:\/\/princalati.rs\/wp-content\/uploads\/2024\/12\/logo-1.webp","width":500,"height":150,"caption":"Princ Alati"},"image":{"@id":"https:\/\/princalati.rs\/#\/schema\/logo\/image\/"}}]}},"_links":{"self":[{"href":"https:\/\/princalati.rs\/index.php\/wp-json\/wp\/v2\/product\/2556","targetHints":{"allow":["GET"]}}],"collection":[{"href":"https:\/\/princalati.rs\/index.php\/wp-json\/wp\/v2\/product"}],"about":[{"href":"https:\/\/princalati.rs\/index.php\/wp-json\/wp\/v2\/types\/product"}],"replies":[{"embeddable":true,"href":"https:\/\/princalati.rs\/index.php\/wp-json\/wp\/v2\/comments?post=2556"}],"wp:featuredmedia":[{"embeddable":true,"href":"https:\/\/princalati.rs\/index.php\/wp-json\/wp\/v2\/media\/2558"}],"wp:attachment":[{"href":"https:\/\/princalati.rs\/index.php\/wp-json\/wp\/v2\/media?parent=2556"}],"wp:term":[{"taxonomy":"product_brand","embeddable":true,"href":"https:\/\/princalati.rs\/index.php\/wp-json\/wp\/v2\/product_brand?post=2556"},{"taxonomy":"product_cat","embeddable":true,"href":"https:\/\/princalati.rs\/index.php\/wp-json\/wp\/v2\/product_cat?post=2556"},{"taxonomy":"product_tag","embeddable":true,"href":"https:\/\/princalati.rs\/index.php\/wp-json\/wp\/v2\/product_tag?post=2556"}],"curies":[{"name":"wp","href":"https:\/\/api.w.org\/{rel}","templated":true}]}}