{"id":2480,"date":"2025-02-13T13:03:02","date_gmt":"2025-02-13T13:03:02","guid":{"rendered":"https:\/\/princalati.rs\/?post_type=product&#038;p=2480"},"modified":"2025-02-13T13:03:03","modified_gmt":"2025-02-13T13:03:03","slug":"visenamenska-pena-za-ciscenje-premium-x-u-1","status":"publish","type":"product","link":"https:\/\/princalati.rs\/index.php\/product\/visenamenska-pena-za-ciscenje-premium-x-u-1\/","title":{"rendered":"Vi\u0161enamenska pena za \u010di\u0161\u0107enje Premium X u 1"},"content":{"rendered":"<div class=\"pdp-details-container-content\">\n<h3 class=\"pdp-details-container-content-headline\">Detalji<\/h3>\n<\/div>\n<div class=\"pdp-details-container-content\">\n<div class=\"pdp-details-container-content-left\">\n<div>\n<div class=\"headline\">\n<h4>Podru\u010dja primene:<\/h4>\n<\/div>\n<p class=\"description\">Za potpuno \u010di\u0161\u0107enje unutra\u0161njosti vozila. Primenjivo za presvlake, obloge, plastiku, ko\u017eu, ekrane, obojene povr\u0161ine, krom, staklo i ogledala<\/p>\n<\/div>\n<div>\n<div class=\"headline\">\n<h4>Prednosti:<\/h4>\n<\/div>\n<ul class=\"list\">\n<li class=\"description\">Jedan za sve\n<ul>\n<li>Pogodno za ceo enterijer, uklju\u010duju\u0107i sedi\u0161ta, tepihe i nebo automobila<\/li>\n<\/ul>\n<\/li>\n<li class=\"description\">U\u0161teda vremena\n<ul>\n<li>Nema potrebe za promenom proizvoda za razli\u010dite povr\u0161ine<\/li>\n<\/ul>\n<\/li>\n<li class=\"description\">\u010ci\u0161\u0107enje svih povr\u0161ina\n<ul>\n<li>Prikladno za staklo, ogledala i ekrane<\/li>\n<\/ul>\n<\/li>\n<li class=\"description\">Jednostavna primena\n<ul>\n<li>Lagana pena na svim povr\u0161inama<\/li>\n<\/ul>\n<\/li>\n<\/ul>\n<\/div>\n<\/div>\n<\/div>\n","protected":false},"excerpt":{"rendered":"<ul>\n<li><span class=\"product-description-list-inner\">Sve povr\u0161ine. Jedan \u010dista\u010d.<\/span><\/li>\n<\/ul>\n","protected":false},"featured_media":2482,"comment_status":"open","ping_status":"closed","template":"","meta":{"_acf_changed":false},"product_brand":[],"product_cat":[39,48,121],"product_tag":[],"class_list":{"0":"post-2480","1":"product","2":"type-product","3":"status-publish","4":"has-post-thumbnail","6":"product_cat-hemija","7":"product_cat-sredstva-za-ciscenje-i-odrzavanje","8":"product_cat-ciscenje-vozila","9":"member-discount","10":"discount-restricted","12":"first","13":"instock","14":"taxable","15":"shipping-taxable","16":"purchasable","17":"product-type-simple","18":"add-to-wishlist-after_add_to_cart"},"bundled_by":[],"bundle_stock_status":"instock","bundle_stock_quantity":null,"bundle_virtual":false,"bundle_layout":"","bundle_add_to_cart_form_location":"","bundle_editable_in_cart":false,"bundle_sold_individually_context":"","bundle_item_grouping":"","bundle_min_size":"","bundle_max_size":"","bundle_price":[],"bundled_items":[],"bundle_sell_ids":[],"acf":[],"yoast_head":"<!-- This site is optimized with the Yoast SEO plugin v26.5 - https:\/\/yoast.com\/wordpress\/plugins\/seo\/ -->\n<title>Vi\u0161enamenska pena za \u010di\u0161\u0107enje Premium X u 1 | Princ Alati<\/title>\n<meta name=\"robots\" content=\"noindex, follow, max-snippet:-1, max-image-preview:large, max-video-preview:-1\" \/>\n<meta property=\"og:locale\" content=\"en_US\" \/>\n<meta property=\"og:type\" content=\"article\" \/>\n<meta property=\"og:title\" content=\"Vi\u0161enamenska pena za \u010di\u0161\u0107enje Premium X u 1 | Princ Alati\" \/>\n<meta property=\"og:description\" content=\"Sve povr\u0161ine. Jedan \u010dista\u010d.\" \/>\n<meta property=\"og:url\" content=\"https:\/\/princalati.rs\/index.php\/product\/visenamenska-pena-za-ciscenje-premium-x-u-1\/\" \/>\n<meta property=\"og:site_name\" content=\"Princ Alati\" \/>\n<meta property=\"article:modified_time\" content=\"2025-02-13T13:03:03+00:00\" \/>\n<meta property=\"og:image\" content=\"https:\/\/princalati.rs\/wp-content\/uploads\/2025\/02\/34960457-99.webp\" \/>\n\t<meta property=\"og:image:width\" content=\"400\" \/>\n\t<meta property=\"og:image:height\" content=\"400\" \/>\n\t<meta property=\"og:image:type\" content=\"image\/webp\" \/>\n<meta name=\"twitter:card\" content=\"summary_large_image\" \/>\n<meta name=\"twitter:label1\" content=\"Est. reading time\" \/>\n\t<meta name=\"twitter:data1\" content=\"1 minute\" \/>\n<script type=\"application\/ld+json\" class=\"yoast-schema-graph\">{\"@context\":\"https:\/\/schema.org\",\"@graph\":[{\"@type\":\"WebPage\",\"@id\":\"https:\/\/princalati.rs\/index.php\/product\/visenamenska-pena-za-ciscenje-premium-x-u-1\/\",\"url\":\"https:\/\/princalati.rs\/index.php\/product\/visenamenska-pena-za-ciscenje-premium-x-u-1\/\",\"name\":\"Vi\u0161enamenska pena za \u010di\u0161\u0107enje Premium X u 1 | Princ Alati\",\"isPartOf\":{\"@id\":\"https:\/\/princalati.rs\/#website\"},\"primaryImageOfPage\":{\"@id\":\"https:\/\/princalati.rs\/index.php\/product\/visenamenska-pena-za-ciscenje-premium-x-u-1\/#primaryimage\"},\"image\":{\"@id\":\"https:\/\/princalati.rs\/index.php\/product\/visenamenska-pena-za-ciscenje-premium-x-u-1\/#primaryimage\"},\"thumbnailUrl\":\"https:\/\/princalati.rs\/wp-content\/uploads\/2025\/02\/34960457-99.webp\",\"datePublished\":\"2025-02-13T13:03:02+00:00\",\"dateModified\":\"2025-02-13T13:03:03+00:00\",\"breadcrumb\":{\"@id\":\"https:\/\/princalati.rs\/index.php\/product\/visenamenska-pena-za-ciscenje-premium-x-u-1\/#breadcrumb\"},\"inLanguage\":\"en-US\",\"potentialAction\":[{\"@type\":\"ReadAction\",\"target\":[\"https:\/\/princalati.rs\/index.php\/product\/visenamenska-pena-za-ciscenje-premium-x-u-1\/\"]}]},{\"@type\":\"ImageObject\",\"inLanguage\":\"en-US\",\"@id\":\"https:\/\/princalati.rs\/index.php\/product\/visenamenska-pena-za-ciscenje-premium-x-u-1\/#primaryimage\",\"url\":\"https:\/\/princalati.rs\/wp-content\/uploads\/2025\/02\/34960457-99.webp\",\"contentUrl\":\"https:\/\/princalati.rs\/wp-content\/uploads\/2025\/02\/34960457-99.webp\",\"width\":400,\"height\":400},{\"@type\":\"BreadcrumbList\",\"@id\":\"https:\/\/princalati.rs\/index.php\/product\/visenamenska-pena-za-ciscenje-premium-x-u-1\/#breadcrumb\",\"itemListElement\":[{\"@type\":\"ListItem\",\"position\":1,\"name\":\"Home\",\"item\":\"https:\/\/princalati.rs\/\"},{\"@type\":\"ListItem\",\"position\":2,\"name\":\"Shop\",\"item\":\"https:\/\/princalati.rs\/index.php\/shop\/\"},{\"@type\":\"ListItem\",\"position\":3,\"name\":\"Vi\u0161enamenska pena za \u010di\u0161\u0107enje Premium X u 1\"}]},{\"@type\":\"WebSite\",\"@id\":\"https:\/\/princalati.rs\/#website\",\"url\":\"https:\/\/princalati.rs\/\",\"name\":\"Princ Alati\",\"description\":\"\",\"publisher\":{\"@id\":\"https:\/\/princalati.rs\/#organization\"},\"potentialAction\":[{\"@type\":\"SearchAction\",\"target\":{\"@type\":\"EntryPoint\",\"urlTemplate\":\"https:\/\/princalati.rs\/?s={search_term_string}\"},\"query-input\":{\"@type\":\"PropertyValueSpecification\",\"valueRequired\":true,\"valueName\":\"search_term_string\"}}],\"inLanguage\":\"en-US\"},{\"@type\":\"Organization\",\"@id\":\"https:\/\/princalati.rs\/#organization\",\"name\":\"Princ Alati\",\"url\":\"https:\/\/princalati.rs\/\",\"logo\":{\"@type\":\"ImageObject\",\"inLanguage\":\"en-US\",\"@id\":\"https:\/\/princalati.rs\/#\/schema\/logo\/image\/\",\"url\":\"https:\/\/princalati.rs\/wp-content\/uploads\/2024\/12\/logo-1.webp\",\"contentUrl\":\"https:\/\/princalati.rs\/wp-content\/uploads\/2024\/12\/logo-1.webp\",\"width\":500,\"height\":150,\"caption\":\"Princ Alati\"},\"image\":{\"@id\":\"https:\/\/princalati.rs\/#\/schema\/logo\/image\/\"}}]}<\/script>\n<!-- \/ Yoast SEO plugin. -->","yoast_head_json":{"title":"Vi\u0161enamenska pena za \u010di\u0161\u0107enje Premium X u 1 | Princ Alati","robots":{"index":"noindex","follow":"follow","max-snippet":"max-snippet:-1","max-image-preview":"max-image-preview:large","max-video-preview":"max-video-preview:-1"},"og_locale":"en_US","og_type":"article","og_title":"Vi\u0161enamenska pena za \u010di\u0161\u0107enje Premium X u 1 | Princ Alati","og_description":"Sve povr\u0161ine. Jedan \u010dista\u010d.","og_url":"https:\/\/princalati.rs\/index.php\/product\/visenamenska-pena-za-ciscenje-premium-x-u-1\/","og_site_name":"Princ Alati","article_modified_time":"2025-02-13T13:03:03+00:00","og_image":[{"width":400,"height":400,"url":"https:\/\/princalati.rs\/wp-content\/uploads\/2025\/02\/34960457-99.webp","type":"image\/webp"}],"twitter_card":"summary_large_image","twitter_misc":{"Est. reading time":"1 minute"},"schema":{"@context":"https:\/\/schema.org","@graph":[{"@type":"WebPage","@id":"https:\/\/princalati.rs\/index.php\/product\/visenamenska-pena-za-ciscenje-premium-x-u-1\/","url":"https:\/\/princalati.rs\/index.php\/product\/visenamenska-pena-za-ciscenje-premium-x-u-1\/","name":"Vi\u0161enamenska pena za \u010di\u0161\u0107enje Premium X u 1 | Princ Alati","isPartOf":{"@id":"https:\/\/princalati.rs\/#website"},"primaryImageOfPage":{"@id":"https:\/\/princalati.rs\/index.php\/product\/visenamenska-pena-za-ciscenje-premium-x-u-1\/#primaryimage"},"image":{"@id":"https:\/\/princalati.rs\/index.php\/product\/visenamenska-pena-za-ciscenje-premium-x-u-1\/#primaryimage"},"thumbnailUrl":"https:\/\/princalati.rs\/wp-content\/uploads\/2025\/02\/34960457-99.webp","datePublished":"2025-02-13T13:03:02+00:00","dateModified":"2025-02-13T13:03:03+00:00","breadcrumb":{"@id":"https:\/\/princalati.rs\/index.php\/product\/visenamenska-pena-za-ciscenje-premium-x-u-1\/#breadcrumb"},"inLanguage":"en-US","potentialAction":[{"@type":"ReadAction","target":["https:\/\/princalati.rs\/index.php\/product\/visenamenska-pena-za-ciscenje-premium-x-u-1\/"]}]},{"@type":"ImageObject","inLanguage":"en-US","@id":"https:\/\/princalati.rs\/index.php\/product\/visenamenska-pena-za-ciscenje-premium-x-u-1\/#primaryimage","url":"https:\/\/princalati.rs\/wp-content\/uploads\/2025\/02\/34960457-99.webp","contentUrl":"https:\/\/princalati.rs\/wp-content\/uploads\/2025\/02\/34960457-99.webp","width":400,"height":400},{"@type":"BreadcrumbList","@id":"https:\/\/princalati.rs\/index.php\/product\/visenamenska-pena-za-ciscenje-premium-x-u-1\/#breadcrumb","itemListElement":[{"@type":"ListItem","position":1,"name":"Home","item":"https:\/\/princalati.rs\/"},{"@type":"ListItem","position":2,"name":"Shop","item":"https:\/\/princalati.rs\/index.php\/shop\/"},{"@type":"ListItem","position":3,"name":"Vi\u0161enamenska pena za \u010di\u0161\u0107enje Premium X u 1"}]},{"@type":"WebSite","@id":"https:\/\/princalati.rs\/#website","url":"https:\/\/princalati.rs\/","name":"Princ Alati","description":"","publisher":{"@id":"https:\/\/princalati.rs\/#organization"},"potentialAction":[{"@type":"SearchAction","target":{"@type":"EntryPoint","urlTemplate":"https:\/\/princalati.rs\/?s={search_term_string}"},"query-input":{"@type":"PropertyValueSpecification","valueRequired":true,"valueName":"search_term_string"}}],"inLanguage":"en-US"},{"@type":"Organization","@id":"https:\/\/princalati.rs\/#organization","name":"Princ Alati","url":"https:\/\/princalati.rs\/","logo":{"@type":"ImageObject","inLanguage":"en-US","@id":"https:\/\/princalati.rs\/#\/schema\/logo\/image\/","url":"https:\/\/princalati.rs\/wp-content\/uploads\/2024\/12\/logo-1.webp","contentUrl":"https:\/\/princalati.rs\/wp-content\/uploads\/2024\/12\/logo-1.webp","width":500,"height":150,"caption":"Princ Alati"},"image":{"@id":"https:\/\/princalati.rs\/#\/schema\/logo\/image\/"}}]}},"_links":{"self":[{"href":"https:\/\/princalati.rs\/index.php\/wp-json\/wp\/v2\/product\/2480","targetHints":{"allow":["GET"]}}],"collection":[{"href":"https:\/\/princalati.rs\/index.php\/wp-json\/wp\/v2\/product"}],"about":[{"href":"https:\/\/princalati.rs\/index.php\/wp-json\/wp\/v2\/types\/product"}],"replies":[{"embeddable":true,"href":"https:\/\/princalati.rs\/index.php\/wp-json\/wp\/v2\/comments?post=2480"}],"wp:featuredmedia":[{"embeddable":true,"href":"https:\/\/princalati.rs\/index.php\/wp-json\/wp\/v2\/media\/2482"}],"wp:attachment":[{"href":"https:\/\/princalati.rs\/index.php\/wp-json\/wp\/v2\/media?parent=2480"}],"wp:term":[{"taxonomy":"product_brand","embeddable":true,"href":"https:\/\/princalati.rs\/index.php\/wp-json\/wp\/v2\/product_brand?post=2480"},{"taxonomy":"product_cat","embeddable":true,"href":"https:\/\/princalati.rs\/index.php\/wp-json\/wp\/v2\/product_cat?post=2480"},{"taxonomy":"product_tag","embeddable":true,"href":"https:\/\/princalati.rs\/index.php\/wp-json\/wp\/v2\/product_tag?post=2480"}],"curies":[{"name":"wp","href":"https:\/\/api.w.org\/{rel}","templated":true}]}}