{"id":2463,"date":"2025-02-13T11:22:35","date_gmt":"2025-02-13T11:22:35","guid":{"rendered":"https:\/\/princalati.rs\/?post_type=product&#038;p=2463"},"modified":"2025-02-13T11:22:36","modified_gmt":"2025-02-13T11:22:36","slug":"bakarni-sprej","status":"publish","type":"product","link":"https:\/\/princalati.rs\/index.php\/product\/bakarni-sprej\/","title":{"rendered":"Bakarni sprej"},"content":{"rendered":"<div class=\"pdp-details-container-content\">\n<h3 class=\"pdp-details-container-content-headline\">Detalji<\/h3>\n<\/div>\n<div class=\"pdp-details-container-content\">\n<div class=\"pdp-details-container-content-left\">\n<div>\n<div class=\"headline\">\n<h4>Podru\u010dja primene:<\/h4>\n<\/div>\n<p class=\"description\">Idealno za rastavljanje i protivkorozivnu za\u0161titu termi\u010dki optere\u0107enih komponenti<\/p>\n<p class=\"description\">Za jednostavno postavljanje i uklanjanje \u010deli\u010dnih i gvozdenih prirubnica, matica, ventila, zatika, vijaka izduva, turbopunja\u010da, \u017earnica i sve\u0107ica, lambda sondi i jo\u0161 mnogo toga<\/p>\n<p class=\"description\">Prikladno za sve spojne delove i vodilice na \u010deli\u010dnim bojlerima i sistemima grejanja<\/p>\n<\/div>\n<div>\n<div class=\"headline\">\n<h4>Prednosti:<\/h4>\n<\/div>\n<ul class=\"list\">\n<li class=\"description\">Idealno za primene na mestima gde se razvijaju visoke temperature i nastaju velika optere\u0107enja \u010deli\u010dnih ili gvozdenih delova\n<ul>\n<li>Bakarni prah spre\u010dava zavarivanje obojenih metala toekom rada pri visokoj temperaturi<\/li>\n<li>Izuzetna otpornost na pritisak<\/li>\n<\/ul>\n<\/li>\n<li class=\"description\">Pojednostavljeno odr\u017eavanje\n<ul>\n<li>Spre\u010dava blokiranje delova<\/li>\n<li>Lako uklanjanje navojnih zatika<\/li>\n<li>Bez slomljenih zatika<\/li>\n<\/ul>\n<\/li>\n<li class=\"description\">Produ\u017eeni vek trajanja materijala\n<ul>\n<li>Za\u0161tita od korozije zahvaljuju\u0107i blagom dihtovanju navoja<\/li>\n<li>Spre\u010dava \u0161kripu delova spojenih zaticima<\/li>\n<li>Smanjuje tro\u0161enje navoja<\/li>\n<\/ul>\n<\/li>\n<\/ul>\n<\/div>\n<\/div>\n<\/div>\n","protected":false},"excerpt":{"rendered":"<ul>\n<li><span class=\"product-description-list-inner\">Idealno za \u010deli\u010dne ili gvozdene delove i njihove spojeve<\/span><\/li>\n<li><span class=\"product-description-list-inner\">Otporna na vrlo visoke temperature i pritiske<\/span><\/li>\n<li><span class=\"product-description-list-inner\">Spre\u010dava blokiranje i koroziju metalnih navoja<\/span><\/li>\n<\/ul>\n","protected":false},"featured_media":2464,"comment_status":"open","ping_status":"closed","template":"","meta":{"_acf_changed":false},"product_brand":[],"product_cat":[39,50,137],"product_tag":[],"class_list":{"0":"post-2463","1":"product","2":"type-product","3":"status-publish","4":"has-post-thumbnail","6":"product_cat-hemija","7":"product_cat-rastvaraci-i-sredstava-za-podmazivanje","8":"product_cat-adhezivni-podmazivaci","9":"member-discount","10":"discount-restricted","12":"first","13":"instock","14":"taxable","15":"shipping-taxable","16":"purchasable","17":"product-type-simple","18":"add-to-wishlist-after_add_to_cart"},"bundled_by":[],"bundle_stock_status":"instock","bundle_stock_quantity":null,"bundle_virtual":false,"bundle_layout":"","bundle_add_to_cart_form_location":"","bundle_editable_in_cart":false,"bundle_sold_individually_context":"","bundle_item_grouping":"","bundle_min_size":"","bundle_max_size":"","bundle_price":[],"bundled_items":[],"bundle_sell_ids":[],"acf":[],"yoast_head":"<!-- This site is optimized with the Yoast SEO plugin v26.5 - https:\/\/yoast.com\/wordpress\/plugins\/seo\/ -->\n<title>Bakarni sprej | Princ Alati<\/title>\n<meta name=\"robots\" content=\"noindex, follow, max-snippet:-1, max-image-preview:large, max-video-preview:-1\" \/>\n<meta property=\"og:locale\" content=\"en_US\" \/>\n<meta property=\"og:type\" content=\"article\" \/>\n<meta property=\"og:title\" content=\"Bakarni sprej | Princ Alati\" \/>\n<meta property=\"og:description\" content=\"Idealno za \u010deli\u010dne ili gvozdene delove i njihove spojeve  Otporna na vrlo visoke temperature i pritiske  Spre\u010dava blokiranje i koroziju metalnih navoja\" \/>\n<meta property=\"og:url\" content=\"https:\/\/princalati.rs\/index.php\/product\/bakarni-sprej\/\" \/>\n<meta property=\"og:site_name\" content=\"Princ Alati\" \/>\n<meta property=\"article:modified_time\" content=\"2025-02-13T11:22:36+00:00\" \/>\n<meta property=\"og:image\" content=\"https:\/\/princalati.rs\/wp-content\/uploads\/2025\/02\/24058TIF-99.webp\" \/>\n\t<meta property=\"og:image:width\" content=\"800\" \/>\n\t<meta property=\"og:image:height\" content=\"800\" \/>\n\t<meta property=\"og:image:type\" content=\"image\/webp\" \/>\n<meta name=\"twitter:card\" content=\"summary_large_image\" \/>\n<meta name=\"twitter:label1\" content=\"Est. reading time\" \/>\n\t<meta name=\"twitter:data1\" content=\"1 minute\" \/>\n<script type=\"application\/ld+json\" class=\"yoast-schema-graph\">{\"@context\":\"https:\/\/schema.org\",\"@graph\":[{\"@type\":\"WebPage\",\"@id\":\"https:\/\/princalati.rs\/index.php\/product\/bakarni-sprej\/\",\"url\":\"https:\/\/princalati.rs\/index.php\/product\/bakarni-sprej\/\",\"name\":\"Bakarni sprej | Princ Alati\",\"isPartOf\":{\"@id\":\"https:\/\/princalati.rs\/#website\"},\"primaryImageOfPage\":{\"@id\":\"https:\/\/princalati.rs\/index.php\/product\/bakarni-sprej\/#primaryimage\"},\"image\":{\"@id\":\"https:\/\/princalati.rs\/index.php\/product\/bakarni-sprej\/#primaryimage\"},\"thumbnailUrl\":\"https:\/\/princalati.rs\/wp-content\/uploads\/2025\/02\/24058TIF-99.webp\",\"datePublished\":\"2025-02-13T11:22:35+00:00\",\"dateModified\":\"2025-02-13T11:22:36+00:00\",\"breadcrumb\":{\"@id\":\"https:\/\/princalati.rs\/index.php\/product\/bakarni-sprej\/#breadcrumb\"},\"inLanguage\":\"en-US\",\"potentialAction\":[{\"@type\":\"ReadAction\",\"target\":[\"https:\/\/princalati.rs\/index.php\/product\/bakarni-sprej\/\"]}]},{\"@type\":\"ImageObject\",\"inLanguage\":\"en-US\",\"@id\":\"https:\/\/princalati.rs\/index.php\/product\/bakarni-sprej\/#primaryimage\",\"url\":\"https:\/\/princalati.rs\/wp-content\/uploads\/2025\/02\/24058TIF-99.webp\",\"contentUrl\":\"https:\/\/princalati.rs\/wp-content\/uploads\/2025\/02\/24058TIF-99.webp\",\"width\":800,\"height\":800},{\"@type\":\"BreadcrumbList\",\"@id\":\"https:\/\/princalati.rs\/index.php\/product\/bakarni-sprej\/#breadcrumb\",\"itemListElement\":[{\"@type\":\"ListItem\",\"position\":1,\"name\":\"Home\",\"item\":\"https:\/\/princalati.rs\/\"},{\"@type\":\"ListItem\",\"position\":2,\"name\":\"Shop\",\"item\":\"https:\/\/princalati.rs\/index.php\/shop\/\"},{\"@type\":\"ListItem\",\"position\":3,\"name\":\"Bakarni sprej\"}]},{\"@type\":\"WebSite\",\"@id\":\"https:\/\/princalati.rs\/#website\",\"url\":\"https:\/\/princalati.rs\/\",\"name\":\"Princ Alati\",\"description\":\"\",\"publisher\":{\"@id\":\"https:\/\/princalati.rs\/#organization\"},\"potentialAction\":[{\"@type\":\"SearchAction\",\"target\":{\"@type\":\"EntryPoint\",\"urlTemplate\":\"https:\/\/princalati.rs\/?s={search_term_string}\"},\"query-input\":{\"@type\":\"PropertyValueSpecification\",\"valueRequired\":true,\"valueName\":\"search_term_string\"}}],\"inLanguage\":\"en-US\"},{\"@type\":\"Organization\",\"@id\":\"https:\/\/princalati.rs\/#organization\",\"name\":\"Princ Alati\",\"url\":\"https:\/\/princalati.rs\/\",\"logo\":{\"@type\":\"ImageObject\",\"inLanguage\":\"en-US\",\"@id\":\"https:\/\/princalati.rs\/#\/schema\/logo\/image\/\",\"url\":\"https:\/\/princalati.rs\/wp-content\/uploads\/2024\/12\/logo-1.webp\",\"contentUrl\":\"https:\/\/princalati.rs\/wp-content\/uploads\/2024\/12\/logo-1.webp\",\"width\":500,\"height\":150,\"caption\":\"Princ Alati\"},\"image\":{\"@id\":\"https:\/\/princalati.rs\/#\/schema\/logo\/image\/\"}}]}<\/script>\n<!-- \/ Yoast SEO plugin. -->","yoast_head_json":{"title":"Bakarni sprej | Princ Alati","robots":{"index":"noindex","follow":"follow","max-snippet":"max-snippet:-1","max-image-preview":"max-image-preview:large","max-video-preview":"max-video-preview:-1"},"og_locale":"en_US","og_type":"article","og_title":"Bakarni sprej | Princ Alati","og_description":"Idealno za \u010deli\u010dne ili gvozdene delove i njihove spojeve  Otporna na vrlo visoke temperature i pritiske  Spre\u010dava blokiranje i koroziju metalnih navoja","og_url":"https:\/\/princalati.rs\/index.php\/product\/bakarni-sprej\/","og_site_name":"Princ Alati","article_modified_time":"2025-02-13T11:22:36+00:00","og_image":[{"width":800,"height":800,"url":"https:\/\/princalati.rs\/wp-content\/uploads\/2025\/02\/24058TIF-99.webp","type":"image\/webp"}],"twitter_card":"summary_large_image","twitter_misc":{"Est. reading time":"1 minute"},"schema":{"@context":"https:\/\/schema.org","@graph":[{"@type":"WebPage","@id":"https:\/\/princalati.rs\/index.php\/product\/bakarni-sprej\/","url":"https:\/\/princalati.rs\/index.php\/product\/bakarni-sprej\/","name":"Bakarni sprej | Princ Alati","isPartOf":{"@id":"https:\/\/princalati.rs\/#website"},"primaryImageOfPage":{"@id":"https:\/\/princalati.rs\/index.php\/product\/bakarni-sprej\/#primaryimage"},"image":{"@id":"https:\/\/princalati.rs\/index.php\/product\/bakarni-sprej\/#primaryimage"},"thumbnailUrl":"https:\/\/princalati.rs\/wp-content\/uploads\/2025\/02\/24058TIF-99.webp","datePublished":"2025-02-13T11:22:35+00:00","dateModified":"2025-02-13T11:22:36+00:00","breadcrumb":{"@id":"https:\/\/princalati.rs\/index.php\/product\/bakarni-sprej\/#breadcrumb"},"inLanguage":"en-US","potentialAction":[{"@type":"ReadAction","target":["https:\/\/princalati.rs\/index.php\/product\/bakarni-sprej\/"]}]},{"@type":"ImageObject","inLanguage":"en-US","@id":"https:\/\/princalati.rs\/index.php\/product\/bakarni-sprej\/#primaryimage","url":"https:\/\/princalati.rs\/wp-content\/uploads\/2025\/02\/24058TIF-99.webp","contentUrl":"https:\/\/princalati.rs\/wp-content\/uploads\/2025\/02\/24058TIF-99.webp","width":800,"height":800},{"@type":"BreadcrumbList","@id":"https:\/\/princalati.rs\/index.php\/product\/bakarni-sprej\/#breadcrumb","itemListElement":[{"@type":"ListItem","position":1,"name":"Home","item":"https:\/\/princalati.rs\/"},{"@type":"ListItem","position":2,"name":"Shop","item":"https:\/\/princalati.rs\/index.php\/shop\/"},{"@type":"ListItem","position":3,"name":"Bakarni sprej"}]},{"@type":"WebSite","@id":"https:\/\/princalati.rs\/#website","url":"https:\/\/princalati.rs\/","name":"Princ Alati","description":"","publisher":{"@id":"https:\/\/princalati.rs\/#organization"},"potentialAction":[{"@type":"SearchAction","target":{"@type":"EntryPoint","urlTemplate":"https:\/\/princalati.rs\/?s={search_term_string}"},"query-input":{"@type":"PropertyValueSpecification","valueRequired":true,"valueName":"search_term_string"}}],"inLanguage":"en-US"},{"@type":"Organization","@id":"https:\/\/princalati.rs\/#organization","name":"Princ Alati","url":"https:\/\/princalati.rs\/","logo":{"@type":"ImageObject","inLanguage":"en-US","@id":"https:\/\/princalati.rs\/#\/schema\/logo\/image\/","url":"https:\/\/princalati.rs\/wp-content\/uploads\/2024\/12\/logo-1.webp","contentUrl":"https:\/\/princalati.rs\/wp-content\/uploads\/2024\/12\/logo-1.webp","width":500,"height":150,"caption":"Princ Alati"},"image":{"@id":"https:\/\/princalati.rs\/#\/schema\/logo\/image\/"}}]}},"_links":{"self":[{"href":"https:\/\/princalati.rs\/index.php\/wp-json\/wp\/v2\/product\/2463","targetHints":{"allow":["GET"]}}],"collection":[{"href":"https:\/\/princalati.rs\/index.php\/wp-json\/wp\/v2\/product"}],"about":[{"href":"https:\/\/princalati.rs\/index.php\/wp-json\/wp\/v2\/types\/product"}],"replies":[{"embeddable":true,"href":"https:\/\/princalati.rs\/index.php\/wp-json\/wp\/v2\/comments?post=2463"}],"wp:featuredmedia":[{"embeddable":true,"href":"https:\/\/princalati.rs\/index.php\/wp-json\/wp\/v2\/media\/2464"}],"wp:attachment":[{"href":"https:\/\/princalati.rs\/index.php\/wp-json\/wp\/v2\/media?parent=2463"}],"wp:term":[{"taxonomy":"product_brand","embeddable":true,"href":"https:\/\/princalati.rs\/index.php\/wp-json\/wp\/v2\/product_brand?post=2463"},{"taxonomy":"product_cat","embeddable":true,"href":"https:\/\/princalati.rs\/index.php\/wp-json\/wp\/v2\/product_cat?post=2463"},{"taxonomy":"product_tag","embeddable":true,"href":"https:\/\/princalati.rs\/index.php\/wp-json\/wp\/v2\/product_tag?post=2463"}],"curies":[{"name":"wp","href":"https:\/\/api.w.org\/{rel}","templated":true}]}}