{"id":2367,"date":"2025-02-12T11:51:22","date_gmt":"2025-02-12T11:51:22","guid":{"rendered":"https:\/\/princalati.rs\/?post_type=product&#038;p=2367"},"modified":"2025-02-12T11:52:21","modified_gmt":"2025-02-12T11:52:21","slug":"pneumatski-udarni-odvijac-3-4-hybrid","status":"publish","type":"product","link":"https:\/\/princalati.rs\/index.php\/product\/pneumatski-udarni-odvijac-3-4-hybrid\/","title":{"rendered":"Pneumatski udarni odvija\u010d 3\/4&#8243; Hybrid"},"content":{"rendered":"<div class=\"pdp-details-container-content\">\n<h3 class=\"pdp-details-container-content-headline\">Detalji<\/h3>\n<\/div>\n<div class=\"pdp-details-container-content\">\n<div class=\"pdp-details-container-content-left\">\n<div>\n<div class=\"headline\">\n<h4>Prednosti:<\/h4>\n<\/div>\n<ul class=\"list\">\n<li class=\"description\">Novi udarni sastav jeste HIBRIDNI dvostruki \u010deki\u0107 \/ mehanizam bez igle koji ima manje pokretnih delova \u010dime se smanjuju vibracija i habanje<\/li>\n<li class=\"description\">Novi pogonski sastav odlikuje se novim patentiranim vise\u0107im udarnim mehanizmom\n<ul>\n<li>Smanjenje vibracije do 40 %<\/li>\n<li>Smanjenje buke do 10 %<\/li>\n<li>Pove\u0107anje veka trajanja za 80 %<\/li>\n<\/ul>\n<\/li>\n<li class=\"description\">Savr\u0161en odnos snage i te\u017eine<\/li>\n<li class=\"description\">Mehanizam kva\u010dila zadihtovan je prednjom krajnjom plo\u010dom koja zadr\u017eava mast unutar mehanizma \u010dime se smanjuje tro\u0161enje\n<ul>\n<li>Nije potrebno podmazivanje kao kod \u201enormalnih\u201d udarnih odvija\u010da<\/li>\n<\/ul>\n<\/li>\n<li class=\"description\">Zadnj deo nakovnja povezan je sekundarnom osovinom s klinom rotora motora\n<ul>\n<li>Garantuje se koncentri\u010dnost koja smanjuje vibracije i habanje<\/li>\n<\/ul>\n<\/li>\n<li class=\"description\">Paket motora ima prolazni vijak koji pru\u017ea osiguranje\n<ul>\n<li>Koncentri\u010dnost i poravnanje rotora, krajnjih plo\u010da i cilindara<\/li>\n<li>Smanjenje tro\u0161enja i eliminacija unutra\u0161njeg curenja vazduha u motoru koji mogu uticati na snagu<\/li>\n<\/ul>\n<\/li>\n<li class=\"description\">Klin rotora spojen s nakovnjem\n<ul>\n<li>Otklanja pogre\u0161no poravnanje te smanjuje tro\u0161enje i vibracije<\/li>\n<\/ul>\n<\/li>\n<li class=\"description\">Patentirani kombinovani prekida\u010d za napred \/ nazad \/ upravljanje snagom montiran na okida\u010d\n<ul>\n<li>Omogu\u0107uje prakti\u010dno rukovanje jednom rukom<\/li>\n<\/ul>\n<\/li>\n<li class=\"description\">Ergonomski dizajn ru\u010dke pru\u017ea neuporedivu udobnost rukovaoca<\/li>\n<li class=\"description\">Novi sastav prigu\u0161iva\u010da smanjuje nivo buke<\/li>\n<\/ul>\n<\/div>\n<\/div>\n<\/div>\n","protected":false},"excerpt":{"rendered":"<ul>\n<li><span class=\"product-description-list-inner\">Patentirani udarni mehanizam s manje vibracija, manje buke i du\u017eim vekom trajanja<\/span><\/li>\n<li><span class=\"product-description-list-inner\">Velika snaga do 2600 Nm<\/span><\/li>\n<li><span class=\"product-description-list-inner\">Savr\u0161en odnos snage i te\u017eine<\/span><\/li>\n<\/ul>\n","protected":false},"featured_media":2368,"comment_status":"open","ping_status":"closed","template":"","meta":{"_acf_changed":false},"product_brand":[],"product_cat":[396,94,44],"product_tag":[],"class_list":{"0":"post-2367","1":"product","2":"type-product","3":"status-publish","4":"has-post-thumbnail","6":"product_cat-pneumatski-alat-i-pribor","7":"product_cat-pneumatski-alat","8":"product_cat-alati","9":"member-discount","10":"discount-restricted","12":"first","13":"instock","14":"taxable","15":"shipping-taxable","16":"purchasable","17":"product-type-simple","18":"add-to-wishlist-after_add_to_cart"},"bundled_by":[],"bundle_stock_status":"instock","bundle_stock_quantity":null,"bundle_virtual":false,"bundle_layout":"","bundle_add_to_cart_form_location":"","bundle_editable_in_cart":false,"bundle_sold_individually_context":"","bundle_item_grouping":"","bundle_min_size":"","bundle_max_size":"","bundle_price":[],"bundled_items":[],"bundle_sell_ids":[],"acf":[],"yoast_head":"<!-- This site is optimized with the Yoast SEO plugin v26.5 - https:\/\/yoast.com\/wordpress\/plugins\/seo\/ -->\n<title>Pneumatski udarni odvija\u010d 3\/4&quot; Hybrid | Princ Alati<\/title>\n<meta name=\"robots\" content=\"noindex, follow, max-snippet:-1, max-image-preview:large, max-video-preview:-1\" \/>\n<meta property=\"og:locale\" content=\"en_US\" \/>\n<meta property=\"og:type\" content=\"article\" \/>\n<meta property=\"og:title\" content=\"Pneumatski udarni odvija\u010d 3\/4&quot; Hybrid | Princ Alati\" \/>\n<meta property=\"og:description\" content=\"Patentirani udarni mehanizam s manje vibracija, manje buke i du\u017eim vekom trajanja  Velika snaga do 2600 Nm  Savr\u0161en odnos snage i te\u017eine\" \/>\n<meta property=\"og:url\" content=\"https:\/\/princalati.rs\/index.php\/product\/pneumatski-udarni-odvijac-3-4-hybrid\/\" \/>\n<meta property=\"og:site_name\" content=\"Princ Alati\" \/>\n<meta property=\"article:modified_time\" content=\"2025-02-12T11:52:21+00:00\" \/>\n<meta property=\"og:image\" content=\"https:\/\/princalati.rs\/wp-content\/uploads\/2025\/02\/54339246-99.webp\" \/>\n\t<meta property=\"og:image:width\" content=\"800\" \/>\n\t<meta property=\"og:image:height\" content=\"800\" \/>\n\t<meta property=\"og:image:type\" content=\"image\/webp\" \/>\n<meta name=\"twitter:card\" content=\"summary_large_image\" \/>\n<meta name=\"twitter:label1\" content=\"Est. reading time\" \/>\n\t<meta name=\"twitter:data1\" content=\"1 minute\" \/>\n<script type=\"application\/ld+json\" class=\"yoast-schema-graph\">{\"@context\":\"https:\/\/schema.org\",\"@graph\":[{\"@type\":\"WebPage\",\"@id\":\"https:\/\/princalati.rs\/index.php\/product\/pneumatski-udarni-odvijac-3-4-hybrid\/\",\"url\":\"https:\/\/princalati.rs\/index.php\/product\/pneumatski-udarni-odvijac-3-4-hybrid\/\",\"name\":\"Pneumatski udarni odvija\u010d 3\/4\\\" Hybrid | Princ Alati\",\"isPartOf\":{\"@id\":\"https:\/\/princalati.rs\/#website\"},\"primaryImageOfPage\":{\"@id\":\"https:\/\/princalati.rs\/index.php\/product\/pneumatski-udarni-odvijac-3-4-hybrid\/#primaryimage\"},\"image\":{\"@id\":\"https:\/\/princalati.rs\/index.php\/product\/pneumatski-udarni-odvijac-3-4-hybrid\/#primaryimage\"},\"thumbnailUrl\":\"https:\/\/princalati.rs\/wp-content\/uploads\/2025\/02\/54339246-99.webp\",\"datePublished\":\"2025-02-12T11:51:22+00:00\",\"dateModified\":\"2025-02-12T11:52:21+00:00\",\"breadcrumb\":{\"@id\":\"https:\/\/princalati.rs\/index.php\/product\/pneumatski-udarni-odvijac-3-4-hybrid\/#breadcrumb\"},\"inLanguage\":\"en-US\",\"potentialAction\":[{\"@type\":\"ReadAction\",\"target\":[\"https:\/\/princalati.rs\/index.php\/product\/pneumatski-udarni-odvijac-3-4-hybrid\/\"]}]},{\"@type\":\"ImageObject\",\"inLanguage\":\"en-US\",\"@id\":\"https:\/\/princalati.rs\/index.php\/product\/pneumatski-udarni-odvijac-3-4-hybrid\/#primaryimage\",\"url\":\"https:\/\/princalati.rs\/wp-content\/uploads\/2025\/02\/54339246-99.webp\",\"contentUrl\":\"https:\/\/princalati.rs\/wp-content\/uploads\/2025\/02\/54339246-99.webp\",\"width\":800,\"height\":800},{\"@type\":\"BreadcrumbList\",\"@id\":\"https:\/\/princalati.rs\/index.php\/product\/pneumatski-udarni-odvijac-3-4-hybrid\/#breadcrumb\",\"itemListElement\":[{\"@type\":\"ListItem\",\"position\":1,\"name\":\"Home\",\"item\":\"https:\/\/princalati.rs\/\"},{\"@type\":\"ListItem\",\"position\":2,\"name\":\"Shop\",\"item\":\"https:\/\/princalati.rs\/index.php\/shop\/\"},{\"@type\":\"ListItem\",\"position\":3,\"name\":\"Pneumatski udarni odvija\u010d 3\/4&#8243; Hybrid\"}]},{\"@type\":\"WebSite\",\"@id\":\"https:\/\/princalati.rs\/#website\",\"url\":\"https:\/\/princalati.rs\/\",\"name\":\"Princ Alati\",\"description\":\"\",\"publisher\":{\"@id\":\"https:\/\/princalati.rs\/#organization\"},\"potentialAction\":[{\"@type\":\"SearchAction\",\"target\":{\"@type\":\"EntryPoint\",\"urlTemplate\":\"https:\/\/princalati.rs\/?s={search_term_string}\"},\"query-input\":{\"@type\":\"PropertyValueSpecification\",\"valueRequired\":true,\"valueName\":\"search_term_string\"}}],\"inLanguage\":\"en-US\"},{\"@type\":\"Organization\",\"@id\":\"https:\/\/princalati.rs\/#organization\",\"name\":\"Princ Alati\",\"url\":\"https:\/\/princalati.rs\/\",\"logo\":{\"@type\":\"ImageObject\",\"inLanguage\":\"en-US\",\"@id\":\"https:\/\/princalati.rs\/#\/schema\/logo\/image\/\",\"url\":\"https:\/\/princalati.rs\/wp-content\/uploads\/2024\/12\/logo-1.webp\",\"contentUrl\":\"https:\/\/princalati.rs\/wp-content\/uploads\/2024\/12\/logo-1.webp\",\"width\":500,\"height\":150,\"caption\":\"Princ Alati\"},\"image\":{\"@id\":\"https:\/\/princalati.rs\/#\/schema\/logo\/image\/\"}}]}<\/script>\n<!-- \/ Yoast SEO plugin. -->","yoast_head_json":{"title":"Pneumatski udarni odvija\u010d 3\/4\" Hybrid | Princ Alati","robots":{"index":"noindex","follow":"follow","max-snippet":"max-snippet:-1","max-image-preview":"max-image-preview:large","max-video-preview":"max-video-preview:-1"},"og_locale":"en_US","og_type":"article","og_title":"Pneumatski udarni odvija\u010d 3\/4\" Hybrid | Princ Alati","og_description":"Patentirani udarni mehanizam s manje vibracija, manje buke i du\u017eim vekom trajanja  Velika snaga do 2600 Nm  Savr\u0161en odnos snage i te\u017eine","og_url":"https:\/\/princalati.rs\/index.php\/product\/pneumatski-udarni-odvijac-3-4-hybrid\/","og_site_name":"Princ Alati","article_modified_time":"2025-02-12T11:52:21+00:00","og_image":[{"width":800,"height":800,"url":"https:\/\/princalati.rs\/wp-content\/uploads\/2025\/02\/54339246-99.webp","type":"image\/webp"}],"twitter_card":"summary_large_image","twitter_misc":{"Est. reading time":"1 minute"},"schema":{"@context":"https:\/\/schema.org","@graph":[{"@type":"WebPage","@id":"https:\/\/princalati.rs\/index.php\/product\/pneumatski-udarni-odvijac-3-4-hybrid\/","url":"https:\/\/princalati.rs\/index.php\/product\/pneumatski-udarni-odvijac-3-4-hybrid\/","name":"Pneumatski udarni odvija\u010d 3\/4\" Hybrid | Princ Alati","isPartOf":{"@id":"https:\/\/princalati.rs\/#website"},"primaryImageOfPage":{"@id":"https:\/\/princalati.rs\/index.php\/product\/pneumatski-udarni-odvijac-3-4-hybrid\/#primaryimage"},"image":{"@id":"https:\/\/princalati.rs\/index.php\/product\/pneumatski-udarni-odvijac-3-4-hybrid\/#primaryimage"},"thumbnailUrl":"https:\/\/princalati.rs\/wp-content\/uploads\/2025\/02\/54339246-99.webp","datePublished":"2025-02-12T11:51:22+00:00","dateModified":"2025-02-12T11:52:21+00:00","breadcrumb":{"@id":"https:\/\/princalati.rs\/index.php\/product\/pneumatski-udarni-odvijac-3-4-hybrid\/#breadcrumb"},"inLanguage":"en-US","potentialAction":[{"@type":"ReadAction","target":["https:\/\/princalati.rs\/index.php\/product\/pneumatski-udarni-odvijac-3-4-hybrid\/"]}]},{"@type":"ImageObject","inLanguage":"en-US","@id":"https:\/\/princalati.rs\/index.php\/product\/pneumatski-udarni-odvijac-3-4-hybrid\/#primaryimage","url":"https:\/\/princalati.rs\/wp-content\/uploads\/2025\/02\/54339246-99.webp","contentUrl":"https:\/\/princalati.rs\/wp-content\/uploads\/2025\/02\/54339246-99.webp","width":800,"height":800},{"@type":"BreadcrumbList","@id":"https:\/\/princalati.rs\/index.php\/product\/pneumatski-udarni-odvijac-3-4-hybrid\/#breadcrumb","itemListElement":[{"@type":"ListItem","position":1,"name":"Home","item":"https:\/\/princalati.rs\/"},{"@type":"ListItem","position":2,"name":"Shop","item":"https:\/\/princalati.rs\/index.php\/shop\/"},{"@type":"ListItem","position":3,"name":"Pneumatski udarni odvija\u010d 3\/4&#8243; Hybrid"}]},{"@type":"WebSite","@id":"https:\/\/princalati.rs\/#website","url":"https:\/\/princalati.rs\/","name":"Princ Alati","description":"","publisher":{"@id":"https:\/\/princalati.rs\/#organization"},"potentialAction":[{"@type":"SearchAction","target":{"@type":"EntryPoint","urlTemplate":"https:\/\/princalati.rs\/?s={search_term_string}"},"query-input":{"@type":"PropertyValueSpecification","valueRequired":true,"valueName":"search_term_string"}}],"inLanguage":"en-US"},{"@type":"Organization","@id":"https:\/\/princalati.rs\/#organization","name":"Princ Alati","url":"https:\/\/princalati.rs\/","logo":{"@type":"ImageObject","inLanguage":"en-US","@id":"https:\/\/princalati.rs\/#\/schema\/logo\/image\/","url":"https:\/\/princalati.rs\/wp-content\/uploads\/2024\/12\/logo-1.webp","contentUrl":"https:\/\/princalati.rs\/wp-content\/uploads\/2024\/12\/logo-1.webp","width":500,"height":150,"caption":"Princ Alati"},"image":{"@id":"https:\/\/princalati.rs\/#\/schema\/logo\/image\/"}}]}},"_links":{"self":[{"href":"https:\/\/princalati.rs\/index.php\/wp-json\/wp\/v2\/product\/2367","targetHints":{"allow":["GET"]}}],"collection":[{"href":"https:\/\/princalati.rs\/index.php\/wp-json\/wp\/v2\/product"}],"about":[{"href":"https:\/\/princalati.rs\/index.php\/wp-json\/wp\/v2\/types\/product"}],"replies":[{"embeddable":true,"href":"https:\/\/princalati.rs\/index.php\/wp-json\/wp\/v2\/comments?post=2367"}],"wp:featuredmedia":[{"embeddable":true,"href":"https:\/\/princalati.rs\/index.php\/wp-json\/wp\/v2\/media\/2368"}],"wp:attachment":[{"href":"https:\/\/princalati.rs\/index.php\/wp-json\/wp\/v2\/media?parent=2367"}],"wp:term":[{"taxonomy":"product_brand","embeddable":true,"href":"https:\/\/princalati.rs\/index.php\/wp-json\/wp\/v2\/product_brand?post=2367"},{"taxonomy":"product_cat","embeddable":true,"href":"https:\/\/princalati.rs\/index.php\/wp-json\/wp\/v2\/product_cat?post=2367"},{"taxonomy":"product_tag","embeddable":true,"href":"https:\/\/princalati.rs\/index.php\/wp-json\/wp\/v2\/product_tag?post=2367"}],"curies":[{"name":"wp","href":"https:\/\/api.w.org\/{rel}","templated":true}]}}