{"id":2331,"date":"2025-02-11T22:06:01","date_gmt":"2025-02-11T22:06:01","guid":{"rendered":"https:\/\/princalati.rs\/?post_type=product&#038;p=2331"},"modified":"2025-02-25T21:34:05","modified_gmt":"2025-02-25T21:34:05","slug":"komplet-odvijaca-s-uloskom-od-tvrde-pene-2k-tx","status":"publish","type":"product","link":"https:\/\/princalati.rs\/index.php\/product\/komplet-odvijaca-s-uloskom-od-tvrde-pene-2k-tx\/","title":{"rendered":"Komplet odvija\u010da s ulo\u0161kom od tvrde pene 2K TX"},"content":{"rendered":"<div class=\"pdp-details-container-content\">\n<h2 class=\"pdp-details-container-content-headline\">Detalji<\/h2>\n<\/div>\n<div class=\"pdp-details-container-content\">\n<div class=\"pdp-details-container-content-left\">\n<div>\n<div class=\"headline\">\n<h2>Prednosti:<\/h2>\n<\/div>\n<ul class=\"list\">\n<li class=\"description\">Mo\u017ee se integrirati u kolica Evolution i Revolution tvrtke BERNER<\/li>\n<li class=\"description\">Dvokomponentna ru\u010dka\n<ul>\n<li>Dobra otpornost na teku\u0107ine poput nafte, dizelskog goriva, benzinskog goriva, masti, ko\u010dne teku\u0107ine, mineralnih ulja<\/li>\n<\/ul>\n<\/li>\n<li class=\"description\">Savr\u0161eno brzo okretanje\n<ul>\n<li>Tanka ergonomska ru\u010dka<\/li>\n<\/ul>\n<\/li>\n<li class=\"description\">Okrugla o\u0161trica visoke kvalitete<\/li>\n<li class=\"description\">O\u0161trica sa satenskom kromiranom zavr\u0161nom obradom\n<ul>\n<li>Za optimalnu za\u0161titu od korozije<\/li>\n<\/ul>\n<\/li>\n<li class=\"description\">Crni vrh\n<ul>\n<li>Bron\u010dani vrh o\u0161trice za precizno postavljanje<\/li>\n<\/ul>\n<\/li>\n<\/ul>\n<\/div>\n<div class=\"pdp-details-container-content-icons\">\n<div class=\"pdp-details-container-content-icons-container\">\n<div class=\"pdp-details-container-content-icons-container-item\"><img decoding=\"async\" class=\"alignleft\" title=\"\" src=\"https:\/\/mediaserver.berner.eu\/External\/XL\/80236[TIF]-100.jpg\" alt=\"Komplet odvija\u010da s ulo\u0161kom od tvrde pjene 2K TX\" width=\"70px\" height=\"70px\" \/><\/div>\n<div class=\"pdp-details-container-content-icons-container-item\"><img decoding=\"async\" class=\"alignleft\" title=\"\" src=\"https:\/\/mediaserver.berner.eu\/External\/XL\/15764[TIF]-100.jpg\" alt=\"Komplet odvija\u010da s ulo\u0161kom od tvrde pjene 2K TX\" width=\"70px\" height=\"70px\" \/><\/div>\n<div class=\"pdp-details-container-content-icons-container-item\"><img decoding=\"async\" class=\"alignleft\" title=\"\" src=\"https:\/\/mediaserver.berner.eu\/External\/XL\/24035[TIF]-100.jpg\" alt=\"Komplet odvija\u010da s ulo\u0161kom od tvrde pjene 2K TX\" width=\"70px\" height=\"70px\" \/><\/div>\n<\/div>\n<\/div>\n<\/div>\n<\/div>\n","protected":false},"excerpt":{"rendered":"<ul>\n<li id=\"tw-target-rmn\" class=\"tw-data-text tw-text-small tw-ta\" dir=\"ltr\"><span class=\"Y2IQFc\">Mogu se integrisati u BERNER kolica Evolution i Revolution <\/span><\/li>\n<li class=\"tw-data-text tw-text-small tw-ta\" dir=\"ltr\"><span class=\"Y2IQFc\">Udobna dvokomponentna ru\u010dka<\/span><\/li>\n<\/ul>\n","protected":false},"featured_media":2332,"comment_status":"open","ping_status":"closed","template":"","meta":{"_acf_changed":false},"product_brand":[],"product_cat":[92,443,444,442,440,44,441,373],"product_tag":[570],"class_list":{"0":"post-2331","1":"product","2":"type-product","3":"status-publish","4":"has-post-thumbnail","6":"product_cat-rucni-alat","7":"product_cat-strec-folija","8":"product_cat-zastitne-folije","9":"product_cat-zastitne-folije-i-patosnice-za-automobile","10":"product_cat-sundjeri","11":"product_cat-alati","12":"product_cat-dozatori-za-papir","13":"product_cat-setovi-alata","14":"product_tag-setovi","15":"member-discount","16":"discount-restricted","18":"first","19":"instock","20":"virtual","21":"taxable","22":"purchasable","23":"product-type-bundle","24":"add-to-wishlist-after_add_to_cart"},"bundled_by":[],"bundle_stock_status":"instock","bundle_stock_quantity":300,"bundle_virtual":false,"bundle_layout":"default","bundle_add_to_cart_form_location":"default","bundle_editable_in_cart":false,"bundle_sold_individually_context":"product","bundle_item_grouping":"parent","bundle_min_size":"","bundle_max_size":"","bundle_price":{"price":{"min":{"incl_tax":"4500","excl_tax":"3750"},"max":{"incl_tax":"4500","excl_tax":"3750"}},"regular_price":{"min":{"incl_tax":"4500","excl_tax":"3750"},"max":{"incl_tax":"4500","excl_tax":"3750"}}},"bundled_items":[{"bundled_item_id":11,"product_id":2299,"menu_order":0,"quantity_min":1,"quantity_max":1,"quantity_default":1,"priced_individually":false,"shipped_individually":false,"override_title":true,"title":"Odvija\u010d 2K Top TX 30 x 115","override_description":false,"description":"","optional":false,"hide_thumbnail":false,"discount":"","override_variations":false,"allowed_variations":[],"override_default_variation_attributes":true,"default_variation_attributes":[{"id":9,"name":"(odvija\u010di) skidanje","option":"tx-30"},{"id":10,"name":"(odvija\u010di) du\u017eina o\u0161trice","option":"115-mm"},{"id":11,"name":"(odvija\u010di) ukupna du\u017eina","option":"230-mm"}],"single_product_visibility":"visible","cart_visibility":"visible","order_visibility":"visible","single_product_price_visibility":"visible","cart_price_visibility":"visible","order_price_visibility":"visible","stock_status":"in_stock"},{"bundled_item_id":9,"product_id":2299,"menu_order":1,"quantity_min":1,"quantity_max":1,"quantity_default":1,"priced_individually":false,"shipped_individually":false,"override_title":true,"title":"Odvija\u010d 2K Top TX 10 x 80","override_description":false,"description":"","optional":false,"hide_thumbnail":false,"discount":"","override_variations":false,"allowed_variations":[2303],"override_default_variation_attributes":true,"default_variation_attributes":[{"id":9,"name":"(odvija\u010di) skidanje","option":"tx-10"},{"id":10,"name":"(odvija\u010di) du\u017eina o\u0161trice","option":"80-mm"},{"id":11,"name":"(odvija\u010di) ukupna du\u017eina","option":"175-mm"}],"single_product_visibility":"visible","cart_visibility":"visible","order_visibility":"visible","single_product_price_visibility":"visible","cart_price_visibility":"visible","order_price_visibility":"visible","stock_status":"in_stock"},{"bundled_item_id":12,"product_id":2299,"menu_order":2,"quantity_min":1,"quantity_max":1,"quantity_default":1,"priced_individually":false,"shipped_individually":false,"override_title":true,"title":"Odvija\u010d 2K Top TX 20 x 100","override_description":false,"description":"","optional":false,"hide_thumbnail":false,"discount":"","override_variations":false,"allowed_variations":[],"override_default_variation_attributes":true,"default_variation_attributes":[{"id":9,"name":"(odvija\u010di) skidanje","option":"tx-20"},{"id":10,"name":"(odvija\u010di) du\u017eina o\u0161trice","option":"100-mm"},{"id":11,"name":"(odvija\u010di) ukupna du\u017eina","option":"205-mm"}],"single_product_visibility":"visible","cart_visibility":"visible","order_visibility":"visible","single_product_price_visibility":"visible","cart_price_visibility":"visible","order_price_visibility":"visible","stock_status":"in_stock"},{"bundled_item_id":13,"product_id":2299,"menu_order":3,"quantity_min":1,"quantity_max":1,"quantity_default":1,"priced_individually":false,"shipped_individually":false,"override_title":true,"title":"Odvija\u010d 2K Top TX 8 x 60","override_description":false,"description":"","optional":false,"hide_thumbnail":false,"discount":"","override_variations":false,"allowed_variations":[],"override_default_variation_attributes":true,"default_variation_attributes":[{"id":9,"name":"(odvija\u010di) skidanje","option":"tx-8"},{"id":10,"name":"(odvija\u010di) du\u017eina o\u0161trice","option":"60-mm"},{"id":11,"name":"(odvija\u010di) ukupna du\u017eina","option":"155-mm"}],"single_product_visibility":"visible","cart_visibility":"visible","order_visibility":"visible","single_product_price_visibility":"visible","cart_price_visibility":"visible","order_price_visibility":"visible","stock_status":"in_stock"},{"bundled_item_id":14,"product_id":2299,"menu_order":4,"quantity_min":1,"quantity_max":1,"quantity_default":1,"priced_individually":false,"shipped_individually":false,"override_title":true,"title":"Odvija\u010d 2K Top TX 25 x 100","override_description":false,"description":"","optional":false,"hide_thumbnail":false,"discount":"","override_variations":false,"allowed_variations":[],"override_default_variation_attributes":true,"default_variation_attributes":[{"id":9,"name":"(odvija\u010di) skidanje","option":"tx-25"},{"id":10,"name":"(odvija\u010di) du\u017eina o\u0161trice","option":"100-mm"},{"id":11,"name":"(odvija\u010di) ukupna du\u017eina","option":"215-mm"}],"single_product_visibility":"visible","cart_visibility":"visible","order_visibility":"visible","single_product_price_visibility":"visible","cart_price_visibility":"visible","order_price_visibility":"visible","stock_status":"in_stock"},{"bundled_item_id":15,"product_id":2299,"menu_order":5,"quantity_min":1,"quantity_max":1,"quantity_default":1,"priced_individually":false,"shipped_individually":false,"override_title":true,"title":"Odvija\u010d 2K Top TX 27 x 115","override_description":false,"description":"","optional":false,"hide_thumbnail":false,"discount":"","override_variations":false,"allowed_variations":[],"override_default_variation_attributes":true,"default_variation_attributes":[{"id":9,"name":"(odvija\u010di) skidanje","option":"tx-27"},{"id":10,"name":"(odvija\u010di) du\u017eina o\u0161trice","option":"115-mm"},{"id":11,"name":"(odvija\u010di) ukupna du\u017eina","option":"230-mm"}],"single_product_visibility":"visible","cart_visibility":"visible","order_visibility":"visible","single_product_price_visibility":"visible","cart_price_visibility":"visible","order_price_visibility":"visible","stock_status":"in_stock"},{"bundled_item_id":16,"product_id":2299,"menu_order":6,"quantity_min":1,"quantity_max":1,"quantity_default":1,"priced_individually":false,"shipped_individually":false,"override_title":true,"title":"Odvija\u010d 2K Top TX 15 x 80","override_description":false,"description":"","optional":false,"hide_thumbnail":false,"discount":"","override_variations":false,"allowed_variations":[],"override_default_variation_attributes":true,"default_variation_attributes":[{"id":9,"name":"(odvija\u010di) skidanje","option":"tx-15"},{"id":10,"name":"(odvija\u010di) du\u017eina o\u0161trice","option":"80-mm"},{"id":11,"name":"(odvija\u010di) ukupna du\u017eina","option":"185-mm"}],"single_product_visibility":"visible","cart_visibility":"visible","order_visibility":"visible","single_product_price_visibility":"visible","cart_price_visibility":"visible","order_price_visibility":"visible","stock_status":"in_stock"},{"bundled_item_id":17,"product_id":2299,"menu_order":7,"quantity_min":1,"quantity_max":1,"quantity_default":1,"priced_individually":false,"shipped_individually":false,"override_title":true,"title":"Odvija\u010d 2K Top TX 40 x 130","override_description":false,"description":"","optional":false,"hide_thumbnail":false,"discount":"","override_variations":false,"allowed_variations":[],"override_default_variation_attributes":true,"default_variation_attributes":[{"id":9,"name":"(odvija\u010di) skidanje","option":"tx-40"},{"id":10,"name":"(odvija\u010di) du\u017eina o\u0161trice","option":"130-mm"},{"id":11,"name":"(odvija\u010di) ukupna du\u017eina","option":"255-mm"}],"single_product_visibility":"visible","cart_visibility":"visible","order_visibility":"visible","single_product_price_visibility":"visible","cart_price_visibility":"visible","order_price_visibility":"visible","stock_status":"in_stock"},{"bundled_item_id":10,"product_id":2329,"menu_order":8,"quantity_min":1,"quantity_max":1,"quantity_default":1,"priced_individually":false,"shipped_individually":false,"override_title":false,"title":"Ulo\u0161ci od tvrde pene","override_description":false,"description":"","optional":false,"hide_thumbnail":false,"discount":"","override_variations":false,"allowed_variations":[],"override_default_variation_attributes":false,"default_variation_attributes":[],"single_product_visibility":"visible","cart_visibility":"visible","order_visibility":"visible","single_product_price_visibility":"visible","cart_price_visibility":"visible","order_price_visibility":"visible","stock_status":"in_stock"}],"bundle_sell_ids":[],"acf":[],"yoast_head":"<!-- This site is optimized with the Yoast SEO plugin v26.5 - https:\/\/yoast.com\/wordpress\/plugins\/seo\/ -->\n<title>Komplet odvija\u010da s ulo\u0161kom od tvrde pene 2K TX | Princ Alati<\/title>\n<meta name=\"robots\" content=\"noindex, follow, max-snippet:-1, max-image-preview:large, max-video-preview:-1\" \/>\n<meta property=\"og:locale\" content=\"en_US\" \/>\n<meta property=\"og:type\" content=\"article\" \/>\n<meta property=\"og:title\" content=\"Komplet odvija\u010da s ulo\u0161kom od tvrde pene 2K TX | Princ Alati\" \/>\n<meta property=\"og:description\" content=\"Mogu se integrisati u BERNER kolica Evolution i Revolution   Udobna dvokomponentna ru\u010dka\" \/>\n<meta property=\"og:url\" content=\"https:\/\/princalati.rs\/index.php\/product\/komplet-odvijaca-s-uloskom-od-tvrde-pene-2k-tx\/\" \/>\n<meta property=\"og:site_name\" content=\"Princ Alati\" \/>\n<meta property=\"article:modified_time\" content=\"2025-02-25T21:34:05+00:00\" \/>\n<meta property=\"og:image\" content=\"https:\/\/princalati.rs\/wp-content\/uploads\/2025\/02\/13847669-99.webp\" \/>\n\t<meta property=\"og:image:width\" content=\"800\" \/>\n\t<meta property=\"og:image:height\" content=\"800\" \/>\n\t<meta property=\"og:image:type\" content=\"image\/webp\" \/>\n<meta name=\"twitter:card\" content=\"summary_large_image\" \/>\n<meta name=\"twitter:label1\" content=\"Est. reading time\" \/>\n\t<meta name=\"twitter:data1\" content=\"2 minutes\" \/>\n<script type=\"application\/ld+json\" class=\"yoast-schema-graph\">{\"@context\":\"https:\/\/schema.org\",\"@graph\":[{\"@type\":\"WebPage\",\"@id\":\"https:\/\/princalati.rs\/index.php\/product\/komplet-odvijaca-s-uloskom-od-tvrde-pene-2k-tx\/\",\"url\":\"https:\/\/princalati.rs\/index.php\/product\/komplet-odvijaca-s-uloskom-od-tvrde-pene-2k-tx\/\",\"name\":\"Komplet odvija\u010da s ulo\u0161kom od tvrde pene 2K TX | Princ Alati\",\"isPartOf\":{\"@id\":\"https:\/\/princalati.rs\/#website\"},\"primaryImageOfPage\":{\"@id\":\"https:\/\/princalati.rs\/index.php\/product\/komplet-odvijaca-s-uloskom-od-tvrde-pene-2k-tx\/#primaryimage\"},\"image\":{\"@id\":\"https:\/\/princalati.rs\/index.php\/product\/komplet-odvijaca-s-uloskom-od-tvrde-pene-2k-tx\/#primaryimage\"},\"thumbnailUrl\":\"https:\/\/princalati.rs\/wp-content\/uploads\/2025\/02\/13847669-99.webp\",\"datePublished\":\"2025-02-11T22:06:01+00:00\",\"dateModified\":\"2025-02-25T21:34:05+00:00\",\"breadcrumb\":{\"@id\":\"https:\/\/princalati.rs\/index.php\/product\/komplet-odvijaca-s-uloskom-od-tvrde-pene-2k-tx\/#breadcrumb\"},\"inLanguage\":\"en-US\",\"potentialAction\":[{\"@type\":\"ReadAction\",\"target\":[\"https:\/\/princalati.rs\/index.php\/product\/komplet-odvijaca-s-uloskom-od-tvrde-pene-2k-tx\/\"]}]},{\"@type\":\"ImageObject\",\"inLanguage\":\"en-US\",\"@id\":\"https:\/\/princalati.rs\/index.php\/product\/komplet-odvijaca-s-uloskom-od-tvrde-pene-2k-tx\/#primaryimage\",\"url\":\"https:\/\/princalati.rs\/wp-content\/uploads\/2025\/02\/13847669-99.webp\",\"contentUrl\":\"https:\/\/princalati.rs\/wp-content\/uploads\/2025\/02\/13847669-99.webp\",\"width\":800,\"height\":800},{\"@type\":\"BreadcrumbList\",\"@id\":\"https:\/\/princalati.rs\/index.php\/product\/komplet-odvijaca-s-uloskom-od-tvrde-pene-2k-tx\/#breadcrumb\",\"itemListElement\":[{\"@type\":\"ListItem\",\"position\":1,\"name\":\"Home\",\"item\":\"https:\/\/princalati.rs\/\"},{\"@type\":\"ListItem\",\"position\":2,\"name\":\"Shop\",\"item\":\"https:\/\/princalati.rs\/index.php\/shop\/\"},{\"@type\":\"ListItem\",\"position\":3,\"name\":\"Komplet odvija\u010da s ulo\u0161kom od tvrde pene 2K TX\"}]},{\"@type\":\"WebSite\",\"@id\":\"https:\/\/princalati.rs\/#website\",\"url\":\"https:\/\/princalati.rs\/\",\"name\":\"Princ Alati\",\"description\":\"\",\"publisher\":{\"@id\":\"https:\/\/princalati.rs\/#organization\"},\"potentialAction\":[{\"@type\":\"SearchAction\",\"target\":{\"@type\":\"EntryPoint\",\"urlTemplate\":\"https:\/\/princalati.rs\/?s={search_term_string}\"},\"query-input\":{\"@type\":\"PropertyValueSpecification\",\"valueRequired\":true,\"valueName\":\"search_term_string\"}}],\"inLanguage\":\"en-US\"},{\"@type\":\"Organization\",\"@id\":\"https:\/\/princalati.rs\/#organization\",\"name\":\"Princ Alati\",\"url\":\"https:\/\/princalati.rs\/\",\"logo\":{\"@type\":\"ImageObject\",\"inLanguage\":\"en-US\",\"@id\":\"https:\/\/princalati.rs\/#\/schema\/logo\/image\/\",\"url\":\"https:\/\/princalati.rs\/wp-content\/uploads\/2024\/12\/logo-1.webp\",\"contentUrl\":\"https:\/\/princalati.rs\/wp-content\/uploads\/2024\/12\/logo-1.webp\",\"width\":500,\"height\":150,\"caption\":\"Princ Alati\"},\"image\":{\"@id\":\"https:\/\/princalati.rs\/#\/schema\/logo\/image\/\"}}]}<\/script>\n<!-- \/ Yoast SEO plugin. -->","yoast_head_json":{"title":"Komplet odvija\u010da s ulo\u0161kom od tvrde pene 2K TX | Princ Alati","robots":{"index":"noindex","follow":"follow","max-snippet":"max-snippet:-1","max-image-preview":"max-image-preview:large","max-video-preview":"max-video-preview:-1"},"og_locale":"en_US","og_type":"article","og_title":"Komplet odvija\u010da s ulo\u0161kom od tvrde pene 2K TX | Princ Alati","og_description":"Mogu se integrisati u BERNER kolica Evolution i Revolution   Udobna dvokomponentna ru\u010dka","og_url":"https:\/\/princalati.rs\/index.php\/product\/komplet-odvijaca-s-uloskom-od-tvrde-pene-2k-tx\/","og_site_name":"Princ Alati","article_modified_time":"2025-02-25T21:34:05+00:00","og_image":[{"width":800,"height":800,"url":"https:\/\/princalati.rs\/wp-content\/uploads\/2025\/02\/13847669-99.webp","type":"image\/webp"}],"twitter_card":"summary_large_image","twitter_misc":{"Est. reading time":"2 minutes"},"schema":{"@context":"https:\/\/schema.org","@graph":[{"@type":"WebPage","@id":"https:\/\/princalati.rs\/index.php\/product\/komplet-odvijaca-s-uloskom-od-tvrde-pene-2k-tx\/","url":"https:\/\/princalati.rs\/index.php\/product\/komplet-odvijaca-s-uloskom-od-tvrde-pene-2k-tx\/","name":"Komplet odvija\u010da s ulo\u0161kom od tvrde pene 2K TX | Princ Alati","isPartOf":{"@id":"https:\/\/princalati.rs\/#website"},"primaryImageOfPage":{"@id":"https:\/\/princalati.rs\/index.php\/product\/komplet-odvijaca-s-uloskom-od-tvrde-pene-2k-tx\/#primaryimage"},"image":{"@id":"https:\/\/princalati.rs\/index.php\/product\/komplet-odvijaca-s-uloskom-od-tvrde-pene-2k-tx\/#primaryimage"},"thumbnailUrl":"https:\/\/princalati.rs\/wp-content\/uploads\/2025\/02\/13847669-99.webp","datePublished":"2025-02-11T22:06:01+00:00","dateModified":"2025-02-25T21:34:05+00:00","breadcrumb":{"@id":"https:\/\/princalati.rs\/index.php\/product\/komplet-odvijaca-s-uloskom-od-tvrde-pene-2k-tx\/#breadcrumb"},"inLanguage":"en-US","potentialAction":[{"@type":"ReadAction","target":["https:\/\/princalati.rs\/index.php\/product\/komplet-odvijaca-s-uloskom-od-tvrde-pene-2k-tx\/"]}]},{"@type":"ImageObject","inLanguage":"en-US","@id":"https:\/\/princalati.rs\/index.php\/product\/komplet-odvijaca-s-uloskom-od-tvrde-pene-2k-tx\/#primaryimage","url":"https:\/\/princalati.rs\/wp-content\/uploads\/2025\/02\/13847669-99.webp","contentUrl":"https:\/\/princalati.rs\/wp-content\/uploads\/2025\/02\/13847669-99.webp","width":800,"height":800},{"@type":"BreadcrumbList","@id":"https:\/\/princalati.rs\/index.php\/product\/komplet-odvijaca-s-uloskom-od-tvrde-pene-2k-tx\/#breadcrumb","itemListElement":[{"@type":"ListItem","position":1,"name":"Home","item":"https:\/\/princalati.rs\/"},{"@type":"ListItem","position":2,"name":"Shop","item":"https:\/\/princalati.rs\/index.php\/shop\/"},{"@type":"ListItem","position":3,"name":"Komplet odvija\u010da s ulo\u0161kom od tvrde pene 2K TX"}]},{"@type":"WebSite","@id":"https:\/\/princalati.rs\/#website","url":"https:\/\/princalati.rs\/","name":"Princ Alati","description":"","publisher":{"@id":"https:\/\/princalati.rs\/#organization"},"potentialAction":[{"@type":"SearchAction","target":{"@type":"EntryPoint","urlTemplate":"https:\/\/princalati.rs\/?s={search_term_string}"},"query-input":{"@type":"PropertyValueSpecification","valueRequired":true,"valueName":"search_term_string"}}],"inLanguage":"en-US"},{"@type":"Organization","@id":"https:\/\/princalati.rs\/#organization","name":"Princ Alati","url":"https:\/\/princalati.rs\/","logo":{"@type":"ImageObject","inLanguage":"en-US","@id":"https:\/\/princalati.rs\/#\/schema\/logo\/image\/","url":"https:\/\/princalati.rs\/wp-content\/uploads\/2024\/12\/logo-1.webp","contentUrl":"https:\/\/princalati.rs\/wp-content\/uploads\/2024\/12\/logo-1.webp","width":500,"height":150,"caption":"Princ Alati"},"image":{"@id":"https:\/\/princalati.rs\/#\/schema\/logo\/image\/"}}]}},"_links":{"self":[{"href":"https:\/\/princalati.rs\/index.php\/wp-json\/wp\/v2\/product\/2331","targetHints":{"allow":["GET"]}}],"collection":[{"href":"https:\/\/princalati.rs\/index.php\/wp-json\/wp\/v2\/product"}],"about":[{"href":"https:\/\/princalati.rs\/index.php\/wp-json\/wp\/v2\/types\/product"}],"replies":[{"embeddable":true,"href":"https:\/\/princalati.rs\/index.php\/wp-json\/wp\/v2\/comments?post=2331"}],"wp:featuredmedia":[{"embeddable":true,"href":"https:\/\/princalati.rs\/index.php\/wp-json\/wp\/v2\/media\/2332"}],"wp:attachment":[{"href":"https:\/\/princalati.rs\/index.php\/wp-json\/wp\/v2\/media?parent=2331"}],"wp:term":[{"taxonomy":"product_brand","embeddable":true,"href":"https:\/\/princalati.rs\/index.php\/wp-json\/wp\/v2\/product_brand?post=2331"},{"taxonomy":"product_cat","embeddable":true,"href":"https:\/\/princalati.rs\/index.php\/wp-json\/wp\/v2\/product_cat?post=2331"},{"taxonomy":"product_tag","embeddable":true,"href":"https:\/\/princalati.rs\/index.php\/wp-json\/wp\/v2\/product_tag?post=2331"}],"curies":[{"name":"wp","href":"https:\/\/api.w.org\/{rel}","templated":true}]}}