{"id":1805,"date":"2025-02-03T14:26:30","date_gmt":"2025-02-03T14:26:30","guid":{"rendered":"https:\/\/princalati.rs\/?post_type=product&#038;p=1805"},"modified":"2025-06-04T19:40:58","modified_gmt":"2025-06-04T19:40:58","slug":"x-treme-cistac-dijelova-sprej","status":"publish","type":"product","link":"https:\/\/princalati.rs\/index.php\/product\/x-treme-cistac-dijelova-sprej\/","title":{"rendered":"X-treme \u010dista\u010d delova Sprej"},"content":{"rendered":"<div class=\"pdp-details-container-content\">\n<div class=\"pdp-details-container-content\">\n<h3 class=\"pdp-details-container-content-headline\">Detalji<\/h3>\n<h4 class=\"pdp-details-container-content-headline\"><span style=\"font-size: 16px;\">Podru\u010dja primjene:<\/span><\/h4>\n<\/div>\n<div class=\"pdp-details-container-content\">\n<div class=\"pdp-details-container-content-left\">\n<div>\n<p class=\"description\">Visoko u\u010dinkovit proizvod na bazi vode za intenzivno \u010di\u0161\u0107enje<\/p>\n<p class=\"description\">Uklanja masti, naftna ulja, katran, ostatke izgaranja, dizel i jo\u0161 mnogo toga<\/p>\n<p class=\"description\">Bez razmazivanja prljav\u0161tine koja se lijepi na tkaninu u jednokratnom brisanju<\/p>\n<p class=\"description\">Idealno za \u010di\u0161\u0107enje dijelova, mehani\u010dke opreme, motora, lanaca, transportera, dijelova ko\u010dnica, plasti\u010dnih dijelova itd.<\/p>\n<p class=\"description\">Idealan za sku\u010dene prostore i za servisne primjene izvan radionice<\/p>\n<\/div>\n<div>\n<div class=\"headline\">\n<h2>Prednosti:<\/h2>\n<\/div>\n<ul class=\"list\">\n<li class=\"description\">Izvanredne performanse \u010di\u0161\u0107enja\n<ul>\n<li>Sna\u017eno i brzo uklanjanje lake do te\u0161ke prljav\u0161tine<\/li>\n<li>Nema razmazivanja prljav\u0161tine poput ostataka izgaranja<\/li>\n<li>Spremno za uporabu<\/li>\n<li>1:1 razrije\u0111eno za uklanjanje jakih ne\u010disto\u0107a<\/li>\n<\/ul>\n<\/li>\n<li class=\"description\">Visoka kompatibilnost materijala\n<ul>\n<li>Djeluje nje\u017eno na materijale, ali te\u0161ko na prljav\u0161tinu<\/li>\n<li>Prikladno za \u010delik, plastiku, staklo, keramiku, gumu<\/li>\n<li>Kompatibilan sa spojevima aluminija i legura u kratkom kontaktnom vremenu<\/li>\n<\/ul>\n<\/li>\n<li class=\"description\">Ekolo\u0161ka pobolj\u0161ana sigurnost\n<ul>\n<li>Brzo biorazgradivo<\/li>\n<li>Izbjegnite glavobolje \u2013 Bez mirisa, bez otapala i VOC-a<\/li>\n<li>Nezapaljivi aerosol<\/li>\n<\/ul>\n<\/li>\n<\/ul>\n<\/div>\n<\/div>\n<\/div>\n<\/div>\n","protected":false},"excerpt":{"rendered":"<ul>\n<li><span class=\"product-description-list-inner\">Brzo i jednostavno uklanjanje te\u0161ke prljav\u0161tine<\/span><\/li>\n<li><span class=\"product-description-list-inner\">Mo\u0107 \u010di\u0161\u0107enja u prakti\u010dnom pakiranju<\/span><\/li>\n<li><span class=\"product-description-list-inner\">Visoka kompatibilnost materijala<\/span><\/li>\n<\/ul>\n","protected":false},"featured_media":1807,"comment_status":"open","ping_status":"closed","template":"","meta":{"_acf_changed":false},"product_brand":[],"product_cat":[39,48,118],"product_tag":[],"class_list":{"0":"post-1805","1":"product","2":"type-product","3":"status-publish","4":"has-post-thumbnail","6":"product_cat-hemija","7":"product_cat-sredstva-za-ciscenje-i-odrzavanje","8":"product_cat-sredstva-za-ciscenje-automobila-i-cistaci-radionica","9":"member-discount","10":"discount-restricted","12":"first","13":"instock","14":"taxable","15":"shipping-taxable","16":"product-type-simple","17":"add-to-wishlist-after_add_to_cart"},"bundled_by":[],"bundle_stock_status":"instock","bundle_stock_quantity":150,"bundle_virtual":false,"bundle_layout":"","bundle_add_to_cart_form_location":"","bundle_editable_in_cart":false,"bundle_sold_individually_context":"","bundle_item_grouping":"","bundle_min_size":"","bundle_max_size":"","bundle_price":[],"bundled_items":[],"bundle_sell_ids":[],"acf":[],"yoast_head":"<!-- This site is optimized with the Yoast SEO plugin v26.5 - https:\/\/yoast.com\/wordpress\/plugins\/seo\/ -->\n<title>X-treme \u010dista\u010d delova Sprej | Princ Alati<\/title>\n<meta name=\"robots\" content=\"noindex, follow, max-snippet:-1, max-image-preview:large, max-video-preview:-1\" \/>\n<meta property=\"og:locale\" content=\"en_US\" \/>\n<meta property=\"og:type\" content=\"article\" \/>\n<meta property=\"og:title\" content=\"X-treme \u010dista\u010d delova Sprej | Princ Alati\" \/>\n<meta property=\"og:description\" content=\"Brzo i jednostavno uklanjanje te\u0161ke prljav\u0161tine  Mo\u0107 \u010di\u0161\u0107enja u prakti\u010dnom pakiranju  Visoka kompatibilnost materijala\" \/>\n<meta property=\"og:url\" content=\"https:\/\/princalati.rs\/index.php\/product\/x-treme-cistac-dijelova-sprej\/\" \/>\n<meta property=\"og:site_name\" content=\"Princ Alati\" \/>\n<meta property=\"article:modified_time\" content=\"2025-06-04T19:40:58+00:00\" \/>\n<meta property=\"og:image\" content=\"https:\/\/princalati.rs\/wp-content\/uploads\/2025\/02\/62773767-99.jpg\" \/>\n\t<meta property=\"og:image:width\" content=\"800\" \/>\n\t<meta property=\"og:image:height\" content=\"800\" \/>\n\t<meta property=\"og:image:type\" content=\"image\/jpeg\" \/>\n<meta name=\"twitter:card\" content=\"summary_large_image\" \/>\n<meta name=\"twitter:label1\" content=\"Est. reading time\" \/>\n\t<meta name=\"twitter:data1\" content=\"1 minute\" \/>\n<script type=\"application\/ld+json\" class=\"yoast-schema-graph\">{\"@context\":\"https:\/\/schema.org\",\"@graph\":[{\"@type\":\"WebPage\",\"@id\":\"https:\/\/princalati.rs\/index.php\/product\/x-treme-cistac-dijelova-sprej\/\",\"url\":\"https:\/\/princalati.rs\/index.php\/product\/x-treme-cistac-dijelova-sprej\/\",\"name\":\"X-treme \u010dista\u010d delova Sprej | Princ Alati\",\"isPartOf\":{\"@id\":\"https:\/\/princalati.rs\/#website\"},\"primaryImageOfPage\":{\"@id\":\"https:\/\/princalati.rs\/index.php\/product\/x-treme-cistac-dijelova-sprej\/#primaryimage\"},\"image\":{\"@id\":\"https:\/\/princalati.rs\/index.php\/product\/x-treme-cistac-dijelova-sprej\/#primaryimage\"},\"thumbnailUrl\":\"https:\/\/princalati.rs\/wp-content\/uploads\/2025\/02\/62773767-99.jpg\",\"datePublished\":\"2025-02-03T14:26:30+00:00\",\"dateModified\":\"2025-06-04T19:40:58+00:00\",\"breadcrumb\":{\"@id\":\"https:\/\/princalati.rs\/index.php\/product\/x-treme-cistac-dijelova-sprej\/#breadcrumb\"},\"inLanguage\":\"en-US\",\"potentialAction\":[{\"@type\":\"ReadAction\",\"target\":[\"https:\/\/princalati.rs\/index.php\/product\/x-treme-cistac-dijelova-sprej\/\"]}]},{\"@type\":\"ImageObject\",\"inLanguage\":\"en-US\",\"@id\":\"https:\/\/princalati.rs\/index.php\/product\/x-treme-cistac-dijelova-sprej\/#primaryimage\",\"url\":\"https:\/\/princalati.rs\/wp-content\/uploads\/2025\/02\/62773767-99.jpg\",\"contentUrl\":\"https:\/\/princalati.rs\/wp-content\/uploads\/2025\/02\/62773767-99.jpg\",\"width\":800,\"height\":800},{\"@type\":\"BreadcrumbList\",\"@id\":\"https:\/\/princalati.rs\/index.php\/product\/x-treme-cistac-dijelova-sprej\/#breadcrumb\",\"itemListElement\":[{\"@type\":\"ListItem\",\"position\":1,\"name\":\"Home\",\"item\":\"https:\/\/princalati.rs\/\"},{\"@type\":\"ListItem\",\"position\":2,\"name\":\"Shop\",\"item\":\"https:\/\/princalati.rs\/index.php\/shop\/\"},{\"@type\":\"ListItem\",\"position\":3,\"name\":\"X-treme \u010dista\u010d delova Sprej\"}]},{\"@type\":\"WebSite\",\"@id\":\"https:\/\/princalati.rs\/#website\",\"url\":\"https:\/\/princalati.rs\/\",\"name\":\"Princ Alati\",\"description\":\"\",\"publisher\":{\"@id\":\"https:\/\/princalati.rs\/#organization\"},\"potentialAction\":[{\"@type\":\"SearchAction\",\"target\":{\"@type\":\"EntryPoint\",\"urlTemplate\":\"https:\/\/princalati.rs\/?s={search_term_string}\"},\"query-input\":{\"@type\":\"PropertyValueSpecification\",\"valueRequired\":true,\"valueName\":\"search_term_string\"}}],\"inLanguage\":\"en-US\"},{\"@type\":\"Organization\",\"@id\":\"https:\/\/princalati.rs\/#organization\",\"name\":\"Princ Alati\",\"url\":\"https:\/\/princalati.rs\/\",\"logo\":{\"@type\":\"ImageObject\",\"inLanguage\":\"en-US\",\"@id\":\"https:\/\/princalati.rs\/#\/schema\/logo\/image\/\",\"url\":\"https:\/\/princalati.rs\/wp-content\/uploads\/2024\/12\/logo-1.webp\",\"contentUrl\":\"https:\/\/princalati.rs\/wp-content\/uploads\/2024\/12\/logo-1.webp\",\"width\":500,\"height\":150,\"caption\":\"Princ Alati\"},\"image\":{\"@id\":\"https:\/\/princalati.rs\/#\/schema\/logo\/image\/\"}}]}<\/script>\n<!-- \/ Yoast SEO plugin. -->","yoast_head_json":{"title":"X-treme \u010dista\u010d delova Sprej | Princ Alati","robots":{"index":"noindex","follow":"follow","max-snippet":"max-snippet:-1","max-image-preview":"max-image-preview:large","max-video-preview":"max-video-preview:-1"},"og_locale":"en_US","og_type":"article","og_title":"X-treme \u010dista\u010d delova Sprej | Princ Alati","og_description":"Brzo i jednostavno uklanjanje te\u0161ke prljav\u0161tine  Mo\u0107 \u010di\u0161\u0107enja u prakti\u010dnom pakiranju  Visoka kompatibilnost materijala","og_url":"https:\/\/princalati.rs\/index.php\/product\/x-treme-cistac-dijelova-sprej\/","og_site_name":"Princ Alati","article_modified_time":"2025-06-04T19:40:58+00:00","og_image":[{"width":800,"height":800,"url":"https:\/\/princalati.rs\/wp-content\/uploads\/2025\/02\/62773767-99.jpg","type":"image\/jpeg"}],"twitter_card":"summary_large_image","twitter_misc":{"Est. reading time":"1 minute"},"schema":{"@context":"https:\/\/schema.org","@graph":[{"@type":"WebPage","@id":"https:\/\/princalati.rs\/index.php\/product\/x-treme-cistac-dijelova-sprej\/","url":"https:\/\/princalati.rs\/index.php\/product\/x-treme-cistac-dijelova-sprej\/","name":"X-treme \u010dista\u010d delova Sprej | Princ Alati","isPartOf":{"@id":"https:\/\/princalati.rs\/#website"},"primaryImageOfPage":{"@id":"https:\/\/princalati.rs\/index.php\/product\/x-treme-cistac-dijelova-sprej\/#primaryimage"},"image":{"@id":"https:\/\/princalati.rs\/index.php\/product\/x-treme-cistac-dijelova-sprej\/#primaryimage"},"thumbnailUrl":"https:\/\/princalati.rs\/wp-content\/uploads\/2025\/02\/62773767-99.jpg","datePublished":"2025-02-03T14:26:30+00:00","dateModified":"2025-06-04T19:40:58+00:00","breadcrumb":{"@id":"https:\/\/princalati.rs\/index.php\/product\/x-treme-cistac-dijelova-sprej\/#breadcrumb"},"inLanguage":"en-US","potentialAction":[{"@type":"ReadAction","target":["https:\/\/princalati.rs\/index.php\/product\/x-treme-cistac-dijelova-sprej\/"]}]},{"@type":"ImageObject","inLanguage":"en-US","@id":"https:\/\/princalati.rs\/index.php\/product\/x-treme-cistac-dijelova-sprej\/#primaryimage","url":"https:\/\/princalati.rs\/wp-content\/uploads\/2025\/02\/62773767-99.jpg","contentUrl":"https:\/\/princalati.rs\/wp-content\/uploads\/2025\/02\/62773767-99.jpg","width":800,"height":800},{"@type":"BreadcrumbList","@id":"https:\/\/princalati.rs\/index.php\/product\/x-treme-cistac-dijelova-sprej\/#breadcrumb","itemListElement":[{"@type":"ListItem","position":1,"name":"Home","item":"https:\/\/princalati.rs\/"},{"@type":"ListItem","position":2,"name":"Shop","item":"https:\/\/princalati.rs\/index.php\/shop\/"},{"@type":"ListItem","position":3,"name":"X-treme \u010dista\u010d delova Sprej"}]},{"@type":"WebSite","@id":"https:\/\/princalati.rs\/#website","url":"https:\/\/princalati.rs\/","name":"Princ Alati","description":"","publisher":{"@id":"https:\/\/princalati.rs\/#organization"},"potentialAction":[{"@type":"SearchAction","target":{"@type":"EntryPoint","urlTemplate":"https:\/\/princalati.rs\/?s={search_term_string}"},"query-input":{"@type":"PropertyValueSpecification","valueRequired":true,"valueName":"search_term_string"}}],"inLanguage":"en-US"},{"@type":"Organization","@id":"https:\/\/princalati.rs\/#organization","name":"Princ Alati","url":"https:\/\/princalati.rs\/","logo":{"@type":"ImageObject","inLanguage":"en-US","@id":"https:\/\/princalati.rs\/#\/schema\/logo\/image\/","url":"https:\/\/princalati.rs\/wp-content\/uploads\/2024\/12\/logo-1.webp","contentUrl":"https:\/\/princalati.rs\/wp-content\/uploads\/2024\/12\/logo-1.webp","width":500,"height":150,"caption":"Princ Alati"},"image":{"@id":"https:\/\/princalati.rs\/#\/schema\/logo\/image\/"}}]}},"_links":{"self":[{"href":"https:\/\/princalati.rs\/index.php\/wp-json\/wp\/v2\/product\/1805","targetHints":{"allow":["GET"]}}],"collection":[{"href":"https:\/\/princalati.rs\/index.php\/wp-json\/wp\/v2\/product"}],"about":[{"href":"https:\/\/princalati.rs\/index.php\/wp-json\/wp\/v2\/types\/product"}],"replies":[{"embeddable":true,"href":"https:\/\/princalati.rs\/index.php\/wp-json\/wp\/v2\/comments?post=1805"}],"wp:featuredmedia":[{"embeddable":true,"href":"https:\/\/princalati.rs\/index.php\/wp-json\/wp\/v2\/media\/1807"}],"wp:attachment":[{"href":"https:\/\/princalati.rs\/index.php\/wp-json\/wp\/v2\/media?parent=1805"}],"wp:term":[{"taxonomy":"product_brand","embeddable":true,"href":"https:\/\/princalati.rs\/index.php\/wp-json\/wp\/v2\/product_brand?post=1805"},{"taxonomy":"product_cat","embeddable":true,"href":"https:\/\/princalati.rs\/index.php\/wp-json\/wp\/v2\/product_cat?post=1805"},{"taxonomy":"product_tag","embeddable":true,"href":"https:\/\/princalati.rs\/index.php\/wp-json\/wp\/v2\/product_tag?post=1805"}],"curies":[{"name":"wp","href":"https:\/\/api.w.org\/{rel}","templated":true}]}}