{"id":6456,"date":"2025-10-27T21:27:17","date_gmt":"2025-10-27T21:27:17","guid":{"rendered":"https:\/\/princalati.rs\/?page_id=6456"},"modified":"2025-10-28T09:15:45","modified_gmt":"2025-10-28T09:15:45","slug":"nacini-placanja","status":"publish","type":"page","link":"https:\/\/princalati.rs\/index.php\/nacini-placanja\/","title":{"rendered":"NA\u010cINI PLA\u0106ANJA"},"content":{"rendered":"\t\t<div data-elementor-type=\"wp-page\" data-elementor-id=\"6456\" class=\"elementor elementor-6456\" data-elementor-post-type=\"page\">\n\t\t\t\t<div class=\"elementor-element elementor-element-4238dfd5 e-con-full e-flex e-con e-parent\" data-id=\"4238dfd5\" data-element_type=\"container\">\n\t\t<div class=\"elementor-element elementor-element-26fc8718 e-con-full e-flex e-con e-child\" data-id=\"26fc8718\" data-element_type=\"container\" data-settings=\"{&quot;background_background&quot;:&quot;classic&quot;}\">\n\t\t\t\t<div class=\"elementor-element elementor-element-7b6ea9c3 elementor-widget elementor-widget-heading\" data-id=\"7b6ea9c3\" data-element_type=\"widget\" data-widget_type=\"heading.default\">\n\t\t\t\t<div class=\"elementor-widget-container\">\n\t\t\t\t\t<h2 class=\"elementor-heading-title elementor-size-default\">Na\u010dinI pla\u0107anja<\/h2>\t\t\t\t<\/div>\n\t\t\t\t<\/div>\n\t\t\t\t<\/div>\n\t\t<div class=\"elementor-element elementor-element-7e9359dc e-con-full e-flex e-con e-child\" data-id=\"7e9359dc\" data-element_type=\"container\" data-settings=\"{&quot;background_background&quot;:&quot;classic&quot;}\">\n\t\t\t\t<\/div>\n\t\t\t\t<\/div>\n\t\t<div class=\"elementor-element elementor-element-8330b13 e-flex e-con-boxed e-con e-parent\" data-id=\"8330b13\" data-element_type=\"container\">\n\t\t\t\t\t<div class=\"e-con-inner\">\n\t\t\t\t<div class=\"elementor-element elementor-element-ff67e76 elementor-widget elementor-widget-text-editor\" data-id=\"ff67e76\" data-element_type=\"widget\" data-widget_type=\"text-editor.default\">\n\t\t\t\t<div class=\"elementor-widget-container\">\n\t\t\t\t\t\t\t\t\t<p><b>Pla\u0107anje pouze\u0107em<\/b><\/p><p><span style=\"font-weight: 400;\">Poru\u010dena roba se pla\u0107a kuriru, prilikom isporuke porud\u017ebine od strane kurirske po\u0161te D express,GLS-a,\u00a0 na adresi koja je navedena kao adresa za isporuku. Pla\u0107anje je mogu\u0107e samo gotovinom, i nije mogu\u0107e u stranoj valuti<\/span> <span style=\"font-weight: 400;\">I platnim karticama<\/span><\/p><p><b>Pla\u0107anje preko ra\u010duna i virmansko pla\u0107anje<\/b><\/p><p><span style=\"font-weight: 400;\">Roba se mo\u017ee platiti direktnom uplatom \u2013 prenosom novca na teku\u0107i ra\u010dun Princ alati d.o.o. Beograd Sur\u010din.\u00a0 Po prijemu porud\u017ebine, na Va\u0161u e-mail adresu sti\u0107i \u0107e predra\u010dun sa preciznim informacijama o na\u010dinu i iznosu pla\u0107anja sa jedinstvenim pozivom na broj.<\/span><\/p><p><span style=\"font-weight: 400;\">Pravna lica vrse uplatu fakture sa pozivom na broj na istu,prema valuti placanja koja se nalazi na fakturi.<\/span><\/p><p><span style=\"font-weight: 400;\">Pravna lica mogu uplatiti I avansno za robu koju su poru\u010dili, u tom slu\u010daju prvo se \u0161alje avansna faktura na upla\u0107eni iznos a zatim se pri isdporuci robe \u0161alje I faktura povezana sa upla\u0107enim avansom.<\/span><\/p><p><span style=\"font-weight: 400;\">Pla\u0107anje se mo\u017ee obaviti prenosom novca putem va\u0161e e-banking aplikacije, preko interneta. Robu \u0161aljemo odmah nakon na\u0161e provere uplate na ra\u010dun, \u0161to se uobi\u010dajeno odvija istog dana, ukoliko je uplata izvr\u0161ena do 10h. Ako je uplata bila nakon tog vremena roba se isporucuje slede\u0107eg radnog dana. Bi\u0107ete obave\u0161teni o artiklima koji se isporu\u010duju u zavisnosti od stanja robe u magacinu.<\/span><\/p><p><b>Pla\u0107anje platnim karticama<\/b><\/p><p><span style=\"font-weight: 400;\">Porud\u017ebine preko e-prodavnice nije mogu\u0107e platiti platnim karticama<\/span><\/p>\t\t\t\t\t\t\t\t<\/div>\n\t\t\t\t<\/div>\n\t\t\t\t\t<\/div>\n\t\t\t\t<\/div>\n\t\t\t\t<\/div>\n\t\t","protected":false},"excerpt":{"rendered":"<p>Na\u010dinI pla\u0107anja Pla\u0107anje pouze\u0107em Poru\u010dena roba se pla\u0107a kuriru, prilikom isporuke porud\u017ebine od strane kurirske po\u0161te D express,GLS-a,\u00a0 na adresi koja je navedena kao adresa za isporuku. Pla\u0107anje je mogu\u0107e samo gotovinom, i nije mogu\u0107e u stranoj valuti I platnim karticama Pla\u0107anje preko ra\u010duna i virmansko pla\u0107anje Roba se mo\u017ee platiti direktnom uplatom \u2013 prenosom [&hellip;]<\/p>\n","protected":false},"author":1,"featured_media":0,"parent":0,"menu_order":0,"comment_status":"closed","ping_status":"closed","template":"","meta":{"_acf_changed":false,"footnotes":""},"class_list":["post-6456","page","type-page","status-publish","hentry"],"acf":[],"yoast_head":"<!-- This site is optimized with the Yoast SEO plugin v26.5 - https:\/\/yoast.com\/wordpress\/plugins\/seo\/ -->\n<title>NA\u010cINI PLA\u0106ANJA | Princ Alati<\/title>\n<meta name=\"robots\" content=\"noindex, follow, max-snippet:-1, max-image-preview:large, max-video-preview:-1\" \/>\n<meta property=\"og:locale\" content=\"en_US\" \/>\n<meta property=\"og:type\" content=\"article\" \/>\n<meta property=\"og:title\" content=\"NA\u010cINI PLA\u0106ANJA | Princ Alati\" \/>\n<meta property=\"og:description\" content=\"Na\u010dinI pla\u0107anja Pla\u0107anje pouze\u0107em Poru\u010dena roba se pla\u0107a kuriru, prilikom isporuke porud\u017ebine od strane kurirske po\u0161te D express,GLS-a,\u00a0 na adresi koja je navedena kao adresa za isporuku. Pla\u0107anje je mogu\u0107e samo gotovinom, i nije mogu\u0107e u stranoj valuti I platnim karticama Pla\u0107anje preko ra\u010duna i virmansko pla\u0107anje Roba se mo\u017ee platiti direktnom uplatom \u2013 prenosom [&hellip;]\" \/>\n<meta property=\"og:url\" content=\"https:\/\/princalati.rs\/index.php\/nacini-placanja\/\" \/>\n<meta property=\"og:site_name\" content=\"Princ Alati\" \/>\n<meta property=\"article:modified_time\" content=\"2025-10-28T09:15:45+00:00\" \/>\n<meta property=\"og:image\" content=\"https:\/\/princalati.rs\/wp-content\/uploads\/2024\/12\/banner.jpg\" \/>\n\t<meta property=\"og:image:width\" content=\"820\" \/>\n\t<meta property=\"og:image:height\" content=\"360\" \/>\n\t<meta property=\"og:image:type\" content=\"image\/jpeg\" \/>\n<meta name=\"twitter:card\" content=\"summary_large_image\" \/>\n<meta name=\"twitter:label1\" content=\"Est. reading time\" \/>\n\t<meta name=\"twitter:data1\" content=\"1 minute\" \/>\n<script type=\"application\/ld+json\" class=\"yoast-schema-graph\">{\"@context\":\"https:\/\/schema.org\",\"@graph\":[{\"@type\":\"WebPage\",\"@id\":\"https:\/\/princalati.rs\/index.php\/nacini-placanja\/\",\"url\":\"https:\/\/princalati.rs\/index.php\/nacini-placanja\/\",\"name\":\"NA\u010cINI PLA\u0106ANJA | Princ Alati\",\"isPartOf\":{\"@id\":\"https:\/\/princalati.rs\/#website\"},\"datePublished\":\"2025-10-27T21:27:17+00:00\",\"dateModified\":\"2025-10-28T09:15:45+00:00\",\"breadcrumb\":{\"@id\":\"https:\/\/princalati.rs\/index.php\/nacini-placanja\/#breadcrumb\"},\"inLanguage\":\"en-US\",\"potentialAction\":[{\"@type\":\"ReadAction\",\"target\":[\"https:\/\/princalati.rs\/index.php\/nacini-placanja\/\"]}]},{\"@type\":\"BreadcrumbList\",\"@id\":\"https:\/\/princalati.rs\/index.php\/nacini-placanja\/#breadcrumb\",\"itemListElement\":[{\"@type\":\"ListItem\",\"position\":1,\"name\":\"Home\",\"item\":\"https:\/\/princalati.rs\/\"},{\"@type\":\"ListItem\",\"position\":2,\"name\":\"NA\u010cINI PLA\u0106ANJA\"}]},{\"@type\":\"WebSite\",\"@id\":\"https:\/\/princalati.rs\/#website\",\"url\":\"https:\/\/princalati.rs\/\",\"name\":\"Princ Alati\",\"description\":\"\",\"publisher\":{\"@id\":\"https:\/\/princalati.rs\/#organization\"},\"potentialAction\":[{\"@type\":\"SearchAction\",\"target\":{\"@type\":\"EntryPoint\",\"urlTemplate\":\"https:\/\/princalati.rs\/?s={search_term_string}\"},\"query-input\":{\"@type\":\"PropertyValueSpecification\",\"valueRequired\":true,\"valueName\":\"search_term_string\"}}],\"inLanguage\":\"en-US\"},{\"@type\":\"Organization\",\"@id\":\"https:\/\/princalati.rs\/#organization\",\"name\":\"Princ Alati\",\"url\":\"https:\/\/princalati.rs\/\",\"logo\":{\"@type\":\"ImageObject\",\"inLanguage\":\"en-US\",\"@id\":\"https:\/\/princalati.rs\/#\/schema\/logo\/image\/\",\"url\":\"https:\/\/princalati.rs\/wp-content\/uploads\/2024\/12\/logo-1.webp\",\"contentUrl\":\"https:\/\/princalati.rs\/wp-content\/uploads\/2024\/12\/logo-1.webp\",\"width\":500,\"height\":150,\"caption\":\"Princ Alati\"},\"image\":{\"@id\":\"https:\/\/princalati.rs\/#\/schema\/logo\/image\/\"}}]}<\/script>\n<!-- \/ Yoast SEO plugin. -->","yoast_head_json":{"title":"NA\u010cINI PLA\u0106ANJA | Princ Alati","robots":{"index":"noindex","follow":"follow","max-snippet":"max-snippet:-1","max-image-preview":"max-image-preview:large","max-video-preview":"max-video-preview:-1"},"og_locale":"en_US","og_type":"article","og_title":"NA\u010cINI PLA\u0106ANJA | Princ Alati","og_description":"Na\u010dinI pla\u0107anja Pla\u0107anje pouze\u0107em Poru\u010dena roba se pla\u0107a kuriru, prilikom isporuke porud\u017ebine od strane kurirske po\u0161te D express,GLS-a,\u00a0 na adresi koja je navedena kao adresa za isporuku. Pla\u0107anje je mogu\u0107e samo gotovinom, i nije mogu\u0107e u stranoj valuti I platnim karticama Pla\u0107anje preko ra\u010duna i virmansko pla\u0107anje Roba se mo\u017ee platiti direktnom uplatom \u2013 prenosom [&hellip;]","og_url":"https:\/\/princalati.rs\/index.php\/nacini-placanja\/","og_site_name":"Princ Alati","article_modified_time":"2025-10-28T09:15:45+00:00","og_image":[{"width":820,"height":360,"url":"https:\/\/princalati.rs\/wp-content\/uploads\/2024\/12\/banner.jpg","type":"image\/jpeg"}],"twitter_card":"summary_large_image","twitter_misc":{"Est. reading time":"1 minute"},"schema":{"@context":"https:\/\/schema.org","@graph":[{"@type":"WebPage","@id":"https:\/\/princalati.rs\/index.php\/nacini-placanja\/","url":"https:\/\/princalati.rs\/index.php\/nacini-placanja\/","name":"NA\u010cINI PLA\u0106ANJA | Princ Alati","isPartOf":{"@id":"https:\/\/princalati.rs\/#website"},"datePublished":"2025-10-27T21:27:17+00:00","dateModified":"2025-10-28T09:15:45+00:00","breadcrumb":{"@id":"https:\/\/princalati.rs\/index.php\/nacini-placanja\/#breadcrumb"},"inLanguage":"en-US","potentialAction":[{"@type":"ReadAction","target":["https:\/\/princalati.rs\/index.php\/nacini-placanja\/"]}]},{"@type":"BreadcrumbList","@id":"https:\/\/princalati.rs\/index.php\/nacini-placanja\/#breadcrumb","itemListElement":[{"@type":"ListItem","position":1,"name":"Home","item":"https:\/\/princalati.rs\/"},{"@type":"ListItem","position":2,"name":"NA\u010cINI PLA\u0106ANJA"}]},{"@type":"WebSite","@id":"https:\/\/princalati.rs\/#website","url":"https:\/\/princalati.rs\/","name":"Princ Alati","description":"","publisher":{"@id":"https:\/\/princalati.rs\/#organization"},"potentialAction":[{"@type":"SearchAction","target":{"@type":"EntryPoint","urlTemplate":"https:\/\/princalati.rs\/?s={search_term_string}"},"query-input":{"@type":"PropertyValueSpecification","valueRequired":true,"valueName":"search_term_string"}}],"inLanguage":"en-US"},{"@type":"Organization","@id":"https:\/\/princalati.rs\/#organization","name":"Princ Alati","url":"https:\/\/princalati.rs\/","logo":{"@type":"ImageObject","inLanguage":"en-US","@id":"https:\/\/princalati.rs\/#\/schema\/logo\/image\/","url":"https:\/\/princalati.rs\/wp-content\/uploads\/2024\/12\/logo-1.webp","contentUrl":"https:\/\/princalati.rs\/wp-content\/uploads\/2024\/12\/logo-1.webp","width":500,"height":150,"caption":"Princ Alati"},"image":{"@id":"https:\/\/princalati.rs\/#\/schema\/logo\/image\/"}}]}},"_links":{"self":[{"href":"https:\/\/princalati.rs\/index.php\/wp-json\/wp\/v2\/pages\/6456","targetHints":{"allow":["GET"]}}],"collection":[{"href":"https:\/\/princalati.rs\/index.php\/wp-json\/wp\/v2\/pages"}],"about":[{"href":"https:\/\/princalati.rs\/index.php\/wp-json\/wp\/v2\/types\/page"}],"author":[{"embeddable":true,"href":"https:\/\/princalati.rs\/index.php\/wp-json\/wp\/v2\/users\/1"}],"replies":[{"embeddable":true,"href":"https:\/\/princalati.rs\/index.php\/wp-json\/wp\/v2\/comments?post=6456"}],"version-history":[{"count":9,"href":"https:\/\/princalati.rs\/index.php\/wp-json\/wp\/v2\/pages\/6456\/revisions"}],"predecessor-version":[{"id":6484,"href":"https:\/\/princalati.rs\/index.php\/wp-json\/wp\/v2\/pages\/6456\/revisions\/6484"}],"wp:attachment":[{"href":"https:\/\/princalati.rs\/index.php\/wp-json\/wp\/v2\/media?parent=6456"}],"curies":[{"name":"wp","href":"https:\/\/api.w.org\/{rel}","templated":true}]}}