{"id":6448,"date":"2025-10-27T21:16:40","date_gmt":"2025-10-27T21:16:40","guid":{"rendered":"https:\/\/princalati.rs\/?page_id=6448"},"modified":"2025-10-28T08:50:19","modified_gmt":"2025-10-28T08:50:19","slug":"garantni-rokovi-i-saobraznost-proizvoda","status":"publish","type":"page","link":"https:\/\/princalati.rs\/index.php\/garantni-rokovi-i-saobraznost-proizvoda\/","title":{"rendered":"GARANTNI ROKOVI I SAOBRAZNOST PROIZVODA"},"content":{"rendered":"\t\t<div data-elementor-type=\"wp-page\" data-elementor-id=\"6448\" class=\"elementor elementor-6448\" data-elementor-post-type=\"page\">\n\t\t\t\t<div class=\"elementor-element elementor-element-50db4efa e-con-full e-flex e-con e-parent\" data-id=\"50db4efa\" data-element_type=\"container\">\n\t\t<div class=\"elementor-element elementor-element-402c209e e-con-full e-flex e-con e-child\" data-id=\"402c209e\" data-element_type=\"container\" data-settings=\"{&quot;background_background&quot;:&quot;classic&quot;}\">\n\t\t\t\t<div class=\"elementor-element elementor-element-79d1cedd elementor-widget elementor-widget-heading\" data-id=\"79d1cedd\" data-element_type=\"widget\" data-widget_type=\"heading.default\">\n\t\t\t\t<div class=\"elementor-widget-container\">\n\t\t\t\t\t<h2 class=\"elementor-heading-title elementor-size-default\">OP\u0160TI USLOVI GARANCIJE<\/h2>\t\t\t\t<\/div>\n\t\t\t\t<\/div>\n\t\t\t\t<\/div>\n\t\t<div class=\"elementor-element elementor-element-79115316 e-con-full e-flex e-con e-child\" data-id=\"79115316\" data-element_type=\"container\" data-settings=\"{&quot;background_background&quot;:&quot;classic&quot;}\">\n\t\t\t\t<\/div>\n\t\t\t\t<\/div>\n\t\t<div class=\"elementor-element elementor-element-3221921f e-flex e-con-boxed e-con e-parent\" data-id=\"3221921f\" data-element_type=\"container\">\n\t\t\t\t\t<div class=\"e-con-inner\">\n\t\t\t\t<div class=\"elementor-element elementor-element-24ecb2cd elementor-widget elementor-widget-text-editor\" data-id=\"24ecb2cd\" data-element_type=\"widget\" data-widget_type=\"text-editor.default\">\n\t\t\t\t<div class=\"elementor-widget-container\">\n\t\t\t\t\t\t\t\t\t\n<p><strong>GARANCIJA VA\u017dI U SLEDE\u0106IM SLU\u010cAJEVIMA<\/strong>\u00a0<\/p>\n\n<p>1. Ako je uz reklamirani proizvod u garantnom roku prilo\u017een originalni ra\u010dun o kupovini i garantni list (za proizvode uz koje se isporu\u010duje).<\/p>\n\n<p>\u00a02. Ako su nedostaci na proizvodu nastali u garantnom roku posledica gre\u0161ke u materijalu od koga je proizvod izra\u0111en i\/ili kao posledica gre\u0161ke u postupku proizvodnje. 3. Ako je proizvod reklamiran u garantnom roku koji po\u010dinje da te\u010de od datuma kupovine reklamiranog proizvoda odnosno datuma navedenog na ra\u010dunu.\u00a0<\/p>\n\n<p><strong>GARANCIJOM NISU OBUHVA\u0106ENI NEDOSTACI NA PROIZVODU NASTALI U SLEDE\u0106IM SLU\u010cAJEVIMA<\/strong>:\u00a0<\/p>\n\n<p>1. Ako proizvod nije pu\u0161ten u rad, kori\u0161\u0107en i odr\u017eavan u skladu sa uputstvom o rukovanju (va\u017ei za proizvode uz koje se dostavlja uputstvo za rukovanje).\u00a0<\/p>\n\n<p>2. Upotrebom proizvoda u svrhe za koje proizvod nije namenjen (npr. upotreba vodoinstalaterskih klje\u0161ta \u201epapagajki\u201cu autoservisima za otpu\u0161tanje holendera na ko\u010dionim instalacijama, upotreba odvija\u010da i biceva sa PH prihvatom na vijcima sa PZ prihvatom i obrnuto, upotreba standardnih nasadnih klju\u010deva na pneumatskim alatima, upotreba elektri\u010dne brusilice kao polir ma\u0161ine, upotreba rezne plo\u010de za bru\u0161enje, upotreba moment klju\u010da za po\u010detno otpu\u0161tanje i sl.).<\/p>\n\n<p>\u00a03. Usled nepravilne upotrebe proizvoda (npr. upotreba ra\u010dni za po\u010detna otpu\u0161tanja ili zavr\u0161na zatezanja vijaka, upotreba \u010deki\u0107a pri radu sa odvija\u010dem bez metalne (udarne) kugle, upotreba pneumatskog alata na instalaciji bez pripremne grupe, upotreba zaptivnih masa i lepkova na neo\u010di\u0161\u0107enim ili neodma\u0161\u0107enim povr\u0161inama i sl.).\u00a0<\/p>\n\n<p>4. Usled upotrebe prekomerne sile (npr. upotreba produ\u017ene cevi na klju\u010du za to\u010dkove radi pove\u0107anja sile odvijanja, upotreba \u010deki\u0107a na se\u010dicama radi pove\u0107anja sile se\u010denja, upotreba \u010deki\u0107a na nasadnom klju\u010du radi lak\u0161eg otpu\u0161tanja vijaka, pove\u0107anje pritiska na bu\u0161ilicu ili brusilicu radi br\u017eeg bu\u0161enja ili se\u010denja i sl.).\u00a0<\/p>\n\n<p>5. Usled prirodnog habanja proizvoda nastalog kod dugotrajne pravilne upotrebe &#8211; ovim su obuhva\u0107ena o\u0161te\u0107enja nastala kao posledica prirodnog habanja materijala od koga je proizveden artikal usled dugotrajne pravilne upotrebe .<\/p>\n\n<p>6. Ako je bilo prepravki alata radi prolago\u0111avanja drugoj nameni (npr. bru\u0161enje odvija\u010da radi pravljenja \u0161ila, se\u010denje ili savijanje vilju\u0161kastog , okastog klju\u010da za odredjenu primenu i sl).\u00a0<\/p>\n\n<p>7. Kod samostalnih\u00a0 popravki alata u garantnom roku i upotrebe neoriginalnih rezervnih delova .<\/p>\n\n<figure class=\"wp-block-table\">\n<table class=\"has-fixed-layout\">\n<tbody>\n<tr>\n<td><strong>REDNI BROJ<\/strong><\/td>\n<td><strong>GRUPA ARTIKALA<\/strong><\/td>\n<td><strong>GARANTNI ROK<\/strong><\/td>\n<td><strong>NAPOMENA<\/strong><\/td>\n<\/tr>\n<tr>\n<td>1.<\/td>\n<td>Tehni\u010dka hemija<\/td>\n<td>Do isteka garancije prikazane na proizvodu<\/td>\n<td>Uz uslov pravilnog skladi\u0161tenja i upotrebe<\/td>\n<\/tr>\n<tr>\n<td>2.<\/td>\n<td>Paste za pranje,\u010di\u0161\u0107enje i odr\u017eavanje<\/td>\n<td>Do isteka garancije prikazane na proizvodu<\/td>\n<td>Uz uslov pravilnog skladi\u0161tenja i upotrebe<\/td>\n<\/tr>\n<tr>\n<td>3.<\/td>\n<td>Ru\u010dni alat<\/td>\n<td>1 godina<\/td>\n<td>Uz uslov pravilne upotrebe i rukovanja, garancijom nisu obuhva\u0107eni nasadni kljucevi ,bitovi<\/td>\n<\/tr>\n<tr>\n<td>4.<\/td>\n<td>Pneumatski alat<\/td>\n<td>1 godina<\/td>\n<td>Uz uslov pravilne upotrebe i rukovanja kao I redovnim podmazivanjem i odr\u017eavanjem<\/td>\n<\/tr>\n<tr>\n<td>5.<\/td>\n<td>Elektri\u010dni alat i uredjaji<\/td>\n<td>1 godina<\/td>\n<td>Uz uslov pravilne upotrebe i rukovanja<\/td>\n<\/tr>\n<tr>\n<td>6.<\/td>\n<td>Baterijske lampe (led lampe,baterijske I d\u017eepne lampe)<\/td>\n<td>6 meseci<\/td>\n<td>Uz uslov pravilne upotrebe i rukovanja<\/td>\n<\/tr>\n<tr>\n<td>7.<\/td>\n<td>Elektricni I baterijski uredjaji (unimeri,amper kljesta,trsteri ko\u010d.te\u010dnosti,termometri\u2026<\/td>\n<td>6 meseci<\/td>\n<td>Uz uslov pravilne upotrebe i rukovanja<\/td>\n<\/tr>\n<tr>\n<td>8.<\/td>\n<td>Punjive baterije<\/td>\n<td>6 meseci<\/td>\n<td>Uz uslov pravilne upotrebe i rukovanja<\/td>\n<\/tr>\n<tr>\n<td>9.<\/td>\n<td>Baterijski alati<\/td>\n<td>1 godina<\/td>\n<td>Uz uslov pravilne upotrebe i rukovanja<\/td>\n<\/tr>\n<tr>\n<td>10.<\/td>\n<td>Elementi za spajanje( vijci,matice,podloske,rascepke\u2026)<\/td>\n<td>Nema\u00a0<\/td>\n<td>\u00a0<\/td>\n<\/tr>\n<tr>\n<td>11.<\/td>\n<td>Radioni\u010dka oprema(kolica za alat,dizalice za menja\u010d,istakalice..)<\/td>\n<td>1 godina<\/td>\n<td>Uz uslov pravilne upotrebe i rukovanja<\/td>\n<\/tr>\n<tr>\n<td>12.<\/td>\n<td>Sijalice<\/td>\n<td>Nema\u00a0<\/td>\n<td>\u00a0<\/td>\n<\/tr>\n<tr>\n<td>13.<\/td>\n<td>Za\u0161titna oprema\u00a0<\/td>\n<td>Nema\u00a0<\/td>\n<td>\u00a0<\/td>\n<\/tr>\n<tr>\n<td>14.<\/td>\n<td>Merni alati (moment kljucevi,merne letve,metrovi\u2026)<\/td>\n<td>1 godina<\/td>\n<td>Uz uslov pravilne upotrebe i rukovanja<\/td>\n<\/tr>\n<tr>\n<td>\u00a0<\/td>\n<td>\u00a0<\/td>\n<td>\u00a0<\/td>\n<td>\u00a0<\/td>\n<\/tr>\n<\/tbody>\n<\/table>\n<\/figure>\n\t\t\t\t\t\t\t\t<\/div>\n\t\t\t\t<\/div>\n\t\t\t\t\t<\/div>\n\t\t\t\t<\/div>\n\t\t\t\t<\/div>\n\t\t","protected":false},"excerpt":{"rendered":"<p>OP\u0160TI USLOVI GARANCIJE GARANCIJA VA\u017dI U SLEDE\u0106IM SLU\u010cAJEVIMA\u00a0 1. Ako je uz reklamirani proizvod u garantnom roku prilo\u017een originalni ra\u010dun o kupovini i garantni list (za proizvode uz koje se isporu\u010duje). \u00a02. Ako su nedostaci na proizvodu nastali u garantnom roku posledica gre\u0161ke u materijalu od koga je proizvod izra\u0111en i\/ili kao posledica gre\u0161ke u [&hellip;]<\/p>\n","protected":false},"author":1,"featured_media":0,"parent":0,"menu_order":0,"comment_status":"closed","ping_status":"closed","template":"elementor_header_footer","meta":{"_acf_changed":false,"footnotes":""},"class_list":["post-6448","page","type-page","status-publish","hentry"],"acf":[],"yoast_head":"<!-- This site is optimized with the Yoast SEO plugin v26.5 - https:\/\/yoast.com\/wordpress\/plugins\/seo\/ -->\n<title>GARANTNI ROKOVI I SAOBRAZNOST PROIZVODA | Princ Alati<\/title>\n<meta name=\"robots\" content=\"noindex, follow, max-snippet:-1, max-image-preview:large, max-video-preview:-1\" \/>\n<meta property=\"og:locale\" content=\"en_US\" \/>\n<meta property=\"og:type\" content=\"article\" \/>\n<meta property=\"og:title\" content=\"GARANTNI ROKOVI I SAOBRAZNOST PROIZVODA | Princ Alati\" \/>\n<meta property=\"og:description\" content=\"OP\u0160TI USLOVI GARANCIJE GARANCIJA VA\u017dI U SLEDE\u0106IM SLU\u010cAJEVIMA\u00a0 1. Ako je uz reklamirani proizvod u garantnom roku prilo\u017een originalni ra\u010dun o kupovini i garantni list (za proizvode uz koje se isporu\u010duje). \u00a02. Ako su nedostaci na proizvodu nastali u garantnom roku posledica gre\u0161ke u materijalu od koga je proizvod izra\u0111en i\/ili kao posledica gre\u0161ke u [&hellip;]\" \/>\n<meta property=\"og:url\" content=\"https:\/\/princalati.rs\/index.php\/garantni-rokovi-i-saobraznost-proizvoda\/\" \/>\n<meta property=\"og:site_name\" content=\"Princ Alati\" \/>\n<meta property=\"article:modified_time\" content=\"2025-10-28T08:50:19+00:00\" \/>\n<meta property=\"og:image\" content=\"https:\/\/princalati.rs\/wp-content\/uploads\/2024\/12\/banner.jpg\" \/>\n\t<meta property=\"og:image:width\" content=\"820\" \/>\n\t<meta property=\"og:image:height\" content=\"360\" \/>\n\t<meta property=\"og:image:type\" content=\"image\/jpeg\" \/>\n<meta name=\"twitter:card\" content=\"summary_large_image\" \/>\n<meta name=\"twitter:label1\" content=\"Est. reading time\" \/>\n\t<meta name=\"twitter:data1\" content=\"3 minutes\" \/>\n<script type=\"application\/ld+json\" class=\"yoast-schema-graph\">{\"@context\":\"https:\/\/schema.org\",\"@graph\":[{\"@type\":\"WebPage\",\"@id\":\"https:\/\/princalati.rs\/index.php\/garantni-rokovi-i-saobraznost-proizvoda\/\",\"url\":\"https:\/\/princalati.rs\/index.php\/garantni-rokovi-i-saobraznost-proizvoda\/\",\"name\":\"GARANTNI ROKOVI I SAOBRAZNOST PROIZVODA | Princ Alati\",\"isPartOf\":{\"@id\":\"https:\/\/princalati.rs\/#website\"},\"datePublished\":\"2025-10-27T21:16:40+00:00\",\"dateModified\":\"2025-10-28T08:50:19+00:00\",\"breadcrumb\":{\"@id\":\"https:\/\/princalati.rs\/index.php\/garantni-rokovi-i-saobraznost-proizvoda\/#breadcrumb\"},\"inLanguage\":\"en-US\",\"potentialAction\":[{\"@type\":\"ReadAction\",\"target\":[\"https:\/\/princalati.rs\/index.php\/garantni-rokovi-i-saobraznost-proizvoda\/\"]}]},{\"@type\":\"BreadcrumbList\",\"@id\":\"https:\/\/princalati.rs\/index.php\/garantni-rokovi-i-saobraznost-proizvoda\/#breadcrumb\",\"itemListElement\":[{\"@type\":\"ListItem\",\"position\":1,\"name\":\"Home\",\"item\":\"https:\/\/princalati.rs\/\"},{\"@type\":\"ListItem\",\"position\":2,\"name\":\"GARANTNI ROKOVI I SAOBRAZNOST PROIZVODA\"}]},{\"@type\":\"WebSite\",\"@id\":\"https:\/\/princalati.rs\/#website\",\"url\":\"https:\/\/princalati.rs\/\",\"name\":\"Princ Alati\",\"description\":\"\",\"publisher\":{\"@id\":\"https:\/\/princalati.rs\/#organization\"},\"potentialAction\":[{\"@type\":\"SearchAction\",\"target\":{\"@type\":\"EntryPoint\",\"urlTemplate\":\"https:\/\/princalati.rs\/?s={search_term_string}\"},\"query-input\":{\"@type\":\"PropertyValueSpecification\",\"valueRequired\":true,\"valueName\":\"search_term_string\"}}],\"inLanguage\":\"en-US\"},{\"@type\":\"Organization\",\"@id\":\"https:\/\/princalati.rs\/#organization\",\"name\":\"Princ Alati\",\"url\":\"https:\/\/princalati.rs\/\",\"logo\":{\"@type\":\"ImageObject\",\"inLanguage\":\"en-US\",\"@id\":\"https:\/\/princalati.rs\/#\/schema\/logo\/image\/\",\"url\":\"https:\/\/princalati.rs\/wp-content\/uploads\/2024\/12\/logo-1.webp\",\"contentUrl\":\"https:\/\/princalati.rs\/wp-content\/uploads\/2024\/12\/logo-1.webp\",\"width\":500,\"height\":150,\"caption\":\"Princ Alati\"},\"image\":{\"@id\":\"https:\/\/princalati.rs\/#\/schema\/logo\/image\/\"}}]}<\/script>\n<!-- \/ Yoast SEO plugin. -->","yoast_head_json":{"title":"GARANTNI ROKOVI I SAOBRAZNOST PROIZVODA | Princ Alati","robots":{"index":"noindex","follow":"follow","max-snippet":"max-snippet:-1","max-image-preview":"max-image-preview:large","max-video-preview":"max-video-preview:-1"},"og_locale":"en_US","og_type":"article","og_title":"GARANTNI ROKOVI I SAOBRAZNOST PROIZVODA | Princ Alati","og_description":"OP\u0160TI USLOVI GARANCIJE GARANCIJA VA\u017dI U SLEDE\u0106IM SLU\u010cAJEVIMA\u00a0 1. Ako je uz reklamirani proizvod u garantnom roku prilo\u017een originalni ra\u010dun o kupovini i garantni list (za proizvode uz koje se isporu\u010duje). \u00a02. Ako su nedostaci na proizvodu nastali u garantnom roku posledica gre\u0161ke u materijalu od koga je proizvod izra\u0111en i\/ili kao posledica gre\u0161ke u [&hellip;]","og_url":"https:\/\/princalati.rs\/index.php\/garantni-rokovi-i-saobraznost-proizvoda\/","og_site_name":"Princ Alati","article_modified_time":"2025-10-28T08:50:19+00:00","og_image":[{"width":820,"height":360,"url":"https:\/\/princalati.rs\/wp-content\/uploads\/2024\/12\/banner.jpg","type":"image\/jpeg"}],"twitter_card":"summary_large_image","twitter_misc":{"Est. reading time":"3 minutes"},"schema":{"@context":"https:\/\/schema.org","@graph":[{"@type":"WebPage","@id":"https:\/\/princalati.rs\/index.php\/garantni-rokovi-i-saobraznost-proizvoda\/","url":"https:\/\/princalati.rs\/index.php\/garantni-rokovi-i-saobraznost-proizvoda\/","name":"GARANTNI ROKOVI I SAOBRAZNOST PROIZVODA | Princ Alati","isPartOf":{"@id":"https:\/\/princalati.rs\/#website"},"datePublished":"2025-10-27T21:16:40+00:00","dateModified":"2025-10-28T08:50:19+00:00","breadcrumb":{"@id":"https:\/\/princalati.rs\/index.php\/garantni-rokovi-i-saobraznost-proizvoda\/#breadcrumb"},"inLanguage":"en-US","potentialAction":[{"@type":"ReadAction","target":["https:\/\/princalati.rs\/index.php\/garantni-rokovi-i-saobraznost-proizvoda\/"]}]},{"@type":"BreadcrumbList","@id":"https:\/\/princalati.rs\/index.php\/garantni-rokovi-i-saobraznost-proizvoda\/#breadcrumb","itemListElement":[{"@type":"ListItem","position":1,"name":"Home","item":"https:\/\/princalati.rs\/"},{"@type":"ListItem","position":2,"name":"GARANTNI ROKOVI I SAOBRAZNOST PROIZVODA"}]},{"@type":"WebSite","@id":"https:\/\/princalati.rs\/#website","url":"https:\/\/princalati.rs\/","name":"Princ Alati","description":"","publisher":{"@id":"https:\/\/princalati.rs\/#organization"},"potentialAction":[{"@type":"SearchAction","target":{"@type":"EntryPoint","urlTemplate":"https:\/\/princalati.rs\/?s={search_term_string}"},"query-input":{"@type":"PropertyValueSpecification","valueRequired":true,"valueName":"search_term_string"}}],"inLanguage":"en-US"},{"@type":"Organization","@id":"https:\/\/princalati.rs\/#organization","name":"Princ Alati","url":"https:\/\/princalati.rs\/","logo":{"@type":"ImageObject","inLanguage":"en-US","@id":"https:\/\/princalati.rs\/#\/schema\/logo\/image\/","url":"https:\/\/princalati.rs\/wp-content\/uploads\/2024\/12\/logo-1.webp","contentUrl":"https:\/\/princalati.rs\/wp-content\/uploads\/2024\/12\/logo-1.webp","width":500,"height":150,"caption":"Princ Alati"},"image":{"@id":"https:\/\/princalati.rs\/#\/schema\/logo\/image\/"}}]}},"_links":{"self":[{"href":"https:\/\/princalati.rs\/index.php\/wp-json\/wp\/v2\/pages\/6448","targetHints":{"allow":["GET"]}}],"collection":[{"href":"https:\/\/princalati.rs\/index.php\/wp-json\/wp\/v2\/pages"}],"about":[{"href":"https:\/\/princalati.rs\/index.php\/wp-json\/wp\/v2\/types\/page"}],"author":[{"embeddable":true,"href":"https:\/\/princalati.rs\/index.php\/wp-json\/wp\/v2\/users\/1"}],"replies":[{"embeddable":true,"href":"https:\/\/princalati.rs\/index.php\/wp-json\/wp\/v2\/comments?post=6448"}],"version-history":[{"count":10,"href":"https:\/\/princalati.rs\/index.php\/wp-json\/wp\/v2\/pages\/6448\/revisions"}],"predecessor-version":[{"id":6479,"href":"https:\/\/princalati.rs\/index.php\/wp-json\/wp\/v2\/pages\/6448\/revisions\/6479"}],"wp:attachment":[{"href":"https:\/\/princalati.rs\/index.php\/wp-json\/wp\/v2\/media?parent=6448"}],"curies":[{"name":"wp","href":"https:\/\/api.w.org\/{rel}","templated":true}]}}