{"id":3196,"date":"2025-02-23T22:31:17","date_gmt":"2025-02-23T22:31:17","guid":{"rendered":"https:\/\/princalati.rs\/?page_id=3196"},"modified":"2025-02-23T22:39:41","modified_gmt":"2025-02-23T22:39:41","slug":"korpa","status":"publish","type":"page","link":"https:\/\/princalati.rs\/index.php\/korpa\/","title":{"rendered":"Elementor cart"},"content":{"rendered":"\t\t<div data-elementor-type=\"wp-page\" data-elementor-id=\"3196\" class=\"elementor elementor-3196\" data-elementor-post-type=\"page\">\n\t\t\t\t<div class=\"elementor-element elementor-element-1e61e3b e-flex e-con-boxed e-con e-parent\" data-id=\"1e61e3b\" data-element_type=\"container\">\n\t\t\t\t\t<div class=\"e-con-inner\">\n\t\t\t\t\t<\/div>\n\t\t\t\t<\/div>\n\t\t\t\t<\/div>\n\t\t","protected":false},"excerpt":{"rendered":"<p>Ukloni proizvod Slika Proizvod Cena Koli\u010dina Me\u0111uzbir &times; SKU: 133870Nasadni klju\u010d kovani duboki 1\/2&#8243; (nasadni klju\u010d) vrsta pogona: 6 UG (nasadni klju\u010d) vel. skidanja: 10mm (nasadni klju\u010d) du\u017eina: 78mm SKU: 133870 1.310&nbsp;RSD SKU: 133870Nasadni klju\u010d kovani duboki 1\/2&quot; quantity 1.310&nbsp;RSD A\u017eurirajte korpu Primenite kupon Ukupan iznos kupovine Me\u0111uzbir 1.310&nbsp;RSD Shipping Dostava kurirskom slu\u017ebom Dostava za [&hellip;]<\/p>\n","protected":false},"author":1,"featured_media":0,"parent":0,"menu_order":0,"comment_status":"closed","ping_status":"closed","template":"elementor_header_footer","meta":{"_acf_changed":false,"footnotes":""},"class_list":["post-3196","page","type-page","status-publish","hentry"],"acf":[],"yoast_head":"<!-- This site is optimized with the Yoast SEO plugin v26.5 - https:\/\/yoast.com\/wordpress\/plugins\/seo\/ -->\n<title>Elementor cart | Princ Alati<\/title>\n<meta name=\"robots\" content=\"noindex, follow, max-snippet:-1, max-image-preview:large, max-video-preview:-1\" \/>\n<meta property=\"og:locale\" content=\"en_US\" \/>\n<meta property=\"og:type\" content=\"article\" \/>\n<meta property=\"og:title\" content=\"Elementor cart | Princ Alati\" \/>\n<meta property=\"og:description\" content=\"Ukloni proizvod Slika Proizvod Cena Koli\u010dina Me\u0111uzbir &times; SKU: 133870Nasadni klju\u010d kovani duboki 1\/2&#8243; (nasadni klju\u010d) vrsta pogona: 6 UG (nasadni klju\u010d) vel. skidanja: 10mm (nasadni klju\u010d) du\u017eina: 78mm SKU: 133870 1.310&nbsp;RSD SKU: 133870Nasadni klju\u010d kovani duboki 1\/2&quot; quantity 1.310&nbsp;RSD A\u017eurirajte korpu Primenite kupon Ukupan iznos kupovine Me\u0111uzbir 1.310&nbsp;RSD Shipping Dostava kurirskom slu\u017ebom Dostava za [&hellip;]\" \/>\n<meta property=\"og:url\" content=\"https:\/\/princalati.rs\/index.php\/korpa\/\" \/>\n<meta property=\"og:site_name\" content=\"Princ Alati\" \/>\n<meta property=\"article:modified_time\" content=\"2025-02-23T22:39:41+00:00\" \/>\n<meta property=\"og:image\" content=\"https:\/\/princalati.rs\/wp-content\/uploads\/2025\/02\/20500TIF-100.webp\" \/>\n<meta name=\"twitter:card\" content=\"summary_large_image\" \/>\n<meta name=\"twitter:label1\" content=\"Est. reading time\" \/>\n\t<meta name=\"twitter:data1\" content=\"1 minute\" \/>\n<script type=\"application\/ld+json\" class=\"yoast-schema-graph\">{\"@context\":\"https:\/\/schema.org\",\"@graph\":[{\"@type\":\"WebPage\",\"@id\":\"https:\/\/princalati.rs\/index.php\/korpa\/\",\"url\":\"https:\/\/princalati.rs\/index.php\/korpa\/\",\"name\":\"Elementor cart | Princ Alati\",\"isPartOf\":{\"@id\":\"https:\/\/princalati.rs\/#website\"},\"primaryImageOfPage\":{\"@id\":\"https:\/\/princalati.rs\/index.php\/korpa\/#primaryimage\"},\"image\":{\"@id\":\"https:\/\/princalati.rs\/index.php\/korpa\/#primaryimage\"},\"thumbnailUrl\":\"https:\/\/princalati.rs\/wp-content\/uploads\/2025\/02\/20500TIF-100.webp\",\"datePublished\":\"2025-02-23T22:31:17+00:00\",\"dateModified\":\"2025-02-23T22:39:41+00:00\",\"breadcrumb\":{\"@id\":\"https:\/\/princalati.rs\/index.php\/korpa\/#breadcrumb\"},\"inLanguage\":\"en-US\",\"potentialAction\":[{\"@type\":\"ReadAction\",\"target\":[\"https:\/\/princalati.rs\/index.php\/korpa\/\"]}]},{\"@type\":\"ImageObject\",\"inLanguage\":\"en-US\",\"@id\":\"https:\/\/princalati.rs\/index.php\/korpa\/#primaryimage\",\"url\":\"https:\/\/princalati.rs\/wp-content\/uploads\/2025\/02\/20500TIF-100.webp\",\"contentUrl\":\"https:\/\/princalati.rs\/wp-content\/uploads\/2025\/02\/20500TIF-100.webp\",\"width\":300,\"height\":300},{\"@type\":\"BreadcrumbList\",\"@id\":\"https:\/\/princalati.rs\/index.php\/korpa\/#breadcrumb\",\"itemListElement\":[{\"@type\":\"ListItem\",\"position\":1,\"name\":\"Home\",\"item\":\"https:\/\/princalati.rs\/\"},{\"@type\":\"ListItem\",\"position\":2,\"name\":\"Elementor cart\"}]},{\"@type\":\"WebSite\",\"@id\":\"https:\/\/princalati.rs\/#website\",\"url\":\"https:\/\/princalati.rs\/\",\"name\":\"Princ Alati\",\"description\":\"\",\"publisher\":{\"@id\":\"https:\/\/princalati.rs\/#organization\"},\"potentialAction\":[{\"@type\":\"SearchAction\",\"target\":{\"@type\":\"EntryPoint\",\"urlTemplate\":\"https:\/\/princalati.rs\/?s={search_term_string}\"},\"query-input\":{\"@type\":\"PropertyValueSpecification\",\"valueRequired\":true,\"valueName\":\"search_term_string\"}}],\"inLanguage\":\"en-US\"},{\"@type\":\"Organization\",\"@id\":\"https:\/\/princalati.rs\/#organization\",\"name\":\"Princ Alati\",\"url\":\"https:\/\/princalati.rs\/\",\"logo\":{\"@type\":\"ImageObject\",\"inLanguage\":\"en-US\",\"@id\":\"https:\/\/princalati.rs\/#\/schema\/logo\/image\/\",\"url\":\"https:\/\/princalati.rs\/wp-content\/uploads\/2024\/12\/logo-1.webp\",\"contentUrl\":\"https:\/\/princalati.rs\/wp-content\/uploads\/2024\/12\/logo-1.webp\",\"width\":500,\"height\":150,\"caption\":\"Princ Alati\"},\"image\":{\"@id\":\"https:\/\/princalati.rs\/#\/schema\/logo\/image\/\"}}]}<\/script>\n<!-- \/ Yoast SEO plugin. -->","yoast_head_json":{"title":"Elementor cart | Princ Alati","robots":{"index":"noindex","follow":"follow","max-snippet":"max-snippet:-1","max-image-preview":"max-image-preview:large","max-video-preview":"max-video-preview:-1"},"og_locale":"en_US","og_type":"article","og_title":"Elementor cart | Princ Alati","og_description":"Ukloni proizvod Slika Proizvod Cena Koli\u010dina Me\u0111uzbir &times; SKU: 133870Nasadni klju\u010d kovani duboki 1\/2&#8243; (nasadni klju\u010d) vrsta pogona: 6 UG (nasadni klju\u010d) vel. skidanja: 10mm (nasadni klju\u010d) du\u017eina: 78mm SKU: 133870 1.310&nbsp;RSD SKU: 133870Nasadni klju\u010d kovani duboki 1\/2&quot; quantity 1.310&nbsp;RSD A\u017eurirajte korpu Primenite kupon Ukupan iznos kupovine Me\u0111uzbir 1.310&nbsp;RSD Shipping Dostava kurirskom slu\u017ebom Dostava za [&hellip;]","og_url":"https:\/\/princalati.rs\/index.php\/korpa\/","og_site_name":"Princ Alati","article_modified_time":"2025-02-23T22:39:41+00:00","og_image":[{"url":"https:\/\/princalati.rs\/wp-content\/uploads\/2025\/02\/20500TIF-100.webp","type":"","width":"","height":""}],"twitter_card":"summary_large_image","twitter_misc":{"Est. reading time":"1 minute"},"schema":{"@context":"https:\/\/schema.org","@graph":[{"@type":"WebPage","@id":"https:\/\/princalati.rs\/index.php\/korpa\/","url":"https:\/\/princalati.rs\/index.php\/korpa\/","name":"Elementor cart | Princ Alati","isPartOf":{"@id":"https:\/\/princalati.rs\/#website"},"primaryImageOfPage":{"@id":"https:\/\/princalati.rs\/index.php\/korpa\/#primaryimage"},"image":{"@id":"https:\/\/princalati.rs\/index.php\/korpa\/#primaryimage"},"thumbnailUrl":"https:\/\/princalati.rs\/wp-content\/uploads\/2025\/02\/20500TIF-100.webp","datePublished":"2025-02-23T22:31:17+00:00","dateModified":"2025-02-23T22:39:41+00:00","breadcrumb":{"@id":"https:\/\/princalati.rs\/index.php\/korpa\/#breadcrumb"},"inLanguage":"en-US","potentialAction":[{"@type":"ReadAction","target":["https:\/\/princalati.rs\/index.php\/korpa\/"]}]},{"@type":"ImageObject","inLanguage":"en-US","@id":"https:\/\/princalati.rs\/index.php\/korpa\/#primaryimage","url":"https:\/\/princalati.rs\/wp-content\/uploads\/2025\/02\/20500TIF-100.webp","contentUrl":"https:\/\/princalati.rs\/wp-content\/uploads\/2025\/02\/20500TIF-100.webp","width":300,"height":300},{"@type":"BreadcrumbList","@id":"https:\/\/princalati.rs\/index.php\/korpa\/#breadcrumb","itemListElement":[{"@type":"ListItem","position":1,"name":"Home","item":"https:\/\/princalati.rs\/"},{"@type":"ListItem","position":2,"name":"Elementor cart"}]},{"@type":"WebSite","@id":"https:\/\/princalati.rs\/#website","url":"https:\/\/princalati.rs\/","name":"Princ Alati","description":"","publisher":{"@id":"https:\/\/princalati.rs\/#organization"},"potentialAction":[{"@type":"SearchAction","target":{"@type":"EntryPoint","urlTemplate":"https:\/\/princalati.rs\/?s={search_term_string}"},"query-input":{"@type":"PropertyValueSpecification","valueRequired":true,"valueName":"search_term_string"}}],"inLanguage":"en-US"},{"@type":"Organization","@id":"https:\/\/princalati.rs\/#organization","name":"Princ Alati","url":"https:\/\/princalati.rs\/","logo":{"@type":"ImageObject","inLanguage":"en-US","@id":"https:\/\/princalati.rs\/#\/schema\/logo\/image\/","url":"https:\/\/princalati.rs\/wp-content\/uploads\/2024\/12\/logo-1.webp","contentUrl":"https:\/\/princalati.rs\/wp-content\/uploads\/2024\/12\/logo-1.webp","width":500,"height":150,"caption":"Princ Alati"},"image":{"@id":"https:\/\/princalati.rs\/#\/schema\/logo\/image\/"}}]}},"_links":{"self":[{"href":"https:\/\/princalati.rs\/index.php\/wp-json\/wp\/v2\/pages\/3196","targetHints":{"allow":["GET"]}}],"collection":[{"href":"https:\/\/princalati.rs\/index.php\/wp-json\/wp\/v2\/pages"}],"about":[{"href":"https:\/\/princalati.rs\/index.php\/wp-json\/wp\/v2\/types\/page"}],"author":[{"embeddable":true,"href":"https:\/\/princalati.rs\/index.php\/wp-json\/wp\/v2\/users\/1"}],"replies":[{"embeddable":true,"href":"https:\/\/princalati.rs\/index.php\/wp-json\/wp\/v2\/comments?post=3196"}],"version-history":[{"count":8,"href":"https:\/\/princalati.rs\/index.php\/wp-json\/wp\/v2\/pages\/3196\/revisions"}],"predecessor-version":[{"id":3205,"href":"https:\/\/princalati.rs\/index.php\/wp-json\/wp\/v2\/pages\/3196\/revisions\/3205"}],"wp:attachment":[{"href":"https:\/\/princalati.rs\/index.php\/wp-json\/wp\/v2\/media?parent=3196"}],"curies":[{"name":"wp","href":"https:\/\/api.w.org\/{rel}","templated":true}]}}